{"id":5787,"date":"2024-02-22T09:05:20","date_gmt":"2024-02-22T09:05:20","guid":{"rendered":"https:\/\/www.metron-ks.com\/?post_type=product&#038;p=5787"},"modified":"2024-12-12T08:25:59","modified_gmt":"2024-12-12T08:25:59","slug":"mouse-gaming-white-shark-graphene-12-400dpi","status":"publish","type":"product","link":"https:\/\/www.metron-ks.com\/?product=mouse-gaming-white-shark-graphene-12-400dpi","title":{"rendered":"Mouse Gaming White shark Graphene, 12.400dpi"},"content":{"rendered":"<p>Njihuni me GRAPHENE &#8211; nj\u00eb mrekulli e leht\u00eb q\u00eb peshon vet\u00ebm 47 g, q\u00eb premton shkatht\u00ebsi pa mundim. Me 6 butona dhe nj\u00eb chipset Pixart 3327, ky maus 6D ofron sakt\u00ebsi n\u00eb maj\u00eb t\u00eb gishtave tuaj. P\u00ebrshtateni p\u00ebrvoj\u00ebn tuaj me 12,400 DPI t\u00eb aktivizuara me softuer. \u00c7el\u00ebsat Huano garantojn\u00eb presime 20 milion, duke siguruar besueshm\u00ebri t\u00eb q\u00ebndrueshme. Kablloja me g\u00ebrsheta dhe shtresat e poshtme UPE e b\u00ebjn\u00eb at\u00eb t\u00eb hijsh\u00ebm dhe t\u00eb q\u00ebndruesh\u00ebm. \u00c7lironi potencialin tuaj t\u00eb loj\u00ebrave me k\u00ebt\u00eb maus ergonomik dhe me performanc\u00eb t\u00eb lart\u00eb, i krijuar p\u00ebr Windows 7\/8\/10\/11 dhe MacOS.<\/p>\n<p>Lloji: 6D &#8211; 6 butona<br \/>\n\u00c7ipset: Pixart 3327<br \/>\nJet\u00ebgjat\u00ebsia: Shtypja 20 M &#8211; HUANO<br \/>\nP\u00ebrshpejtimi: 30 G<br \/>\nSoftuer: Po<br \/>\nNgjyra: E zez\u00eb<br \/>\nGjat\u00ebsia e kabllit (m): 1,5<br \/>\nDimensionet (mm): 120.5&#215;64.4&#215;37.8<br \/>\nLloji i sensorit: Optik<br \/>\nRezolucioni (DPI): 6200 (12400 SW)<br \/>\n(Hz): 1000<br \/>\nMb\u00ebshtesat e poshtme: UPE<br \/>\nMateriali: Plastike<br \/>\nInterface: USB 2.0<br \/>\nKabllo me g\u00ebrsheta: Po<br \/>\nPesha (g): 47 +\/- 3 g (pa kabllo)<br \/>\nP\u00ebrputhshm\u00ebria e miut: Windows 7\/8\/10\/11\/MacOS<\/p>\n","protected":false},"excerpt":{"rendered":"<p>GM-5014<\/p>\n","protected":false},"featured_media":5788,"comment_status":"open","ping_status":"closed","template":"","meta":[],"product_brand":[],"product_cat":[118,116,124],"product_tag":[],"class_list":{"0":"post-5787","1":"product","2":"type-product","3":"status-publish","4":"has-post-thumbnail","6":"product_cat-aksesore","7":"product_cat-gaming","8":"product_cat-mouse-gaming","10":"first","11":"instock","12":"shipping-taxable","13":"purchasable","14":"product-type-simple"},"_links":{"self":[{"href":"https:\/\/www.metron-ks.com\/index.php?rest_route=\/wp\/v2\/product\/5787","targetHints":{"allow":["GET"]}}],"collection":[{"href":"https:\/\/www.metron-ks.com\/index.php?rest_route=\/wp\/v2\/product"}],"about":[{"href":"https:\/\/www.metron-ks.com\/index.php?rest_route=\/wp\/v2\/types\/product"}],"replies":[{"embeddable":true,"href":"https:\/\/www.metron-ks.com\/index.php?rest_route=%2Fwp%2Fv2%2Fcomments&post=5787"}],"wp:featuredmedia":[{"embeddable":true,"href":"https:\/\/www.metron-ks.com\/index.php?rest_route=\/wp\/v2\/media\/5788"}],"wp:attachment":[{"href":"https:\/\/www.metron-ks.com\/index.php?rest_route=%2Fwp%2Fv2%2Fmedia&parent=5787"}],"wp:term":[{"taxonomy":"product_brand","embeddable":true,"href":"https:\/\/www.metron-ks.com\/index.php?rest_route=%2Fwp%2Fv2%2Fproduct_brand&post=5787"},{"taxonomy":"product_cat","embeddable":true,"href":"https:\/\/www.metron-ks.com\/index.php?rest_route=%2Fwp%2Fv2%2Fproduct_cat&post=5787"},{"taxonomy":"product_tag","embeddable":true,"href":"https:\/\/www.metron-ks.com\/index.php?rest_route=%2Fwp%2Fv2%2Fproduct_tag&post=5787"}],"curies":[{"name":"wp","href":"https:\/\/api.w.org\/{rel}","templated":true}]}}