{"id":5807,"date":"2024-02-22T11:17:50","date_gmt":"2024-02-22T11:17:50","guid":{"rendered":"https:\/\/www.metron-ks.com\/?post_type=product&#038;p=5807"},"modified":"2024-12-23T13:05:36","modified_gmt":"2024-12-23T13:05:36","slug":"karrige-gaming-white-shark-zolder","status":"publish","type":"product","link":"https:\/\/www.metron-ks.com\/?product=karrige-gaming-white-shark-zolder","title":{"rendered":"Karrige gaming white shark Zolder"},"content":{"rendered":"<p>Shijoni mb\u00ebshtet\u00ebset e fiksuara t\u00eb krah\u00ebve, rregullimin pneumatik t\u00eb lart\u00ebsis\u00eb s\u00eb sediljes dhe rr\u00ebshqitjen e qet\u00eb n\u00eb rrotat prej najloni 50 mm. Me nj\u00eb pjerr\u00ebsi 10\u00b0, sedilje t\u00eb rregullueshme 48-55,5 cm dhe nj\u00eb kapacitet ngarkese t\u00eb fort\u00eb 120 kg, ZOLDER ofron rehati pa probleme.<\/p>\n<p>Mb\u00ebshtet\u00ebse krah\u00ebsh: Fiks<br \/>\nBllokim t\u00eb k\u00ebndit: Po<br \/>\nLart\u00ebsia e sediljes (cm): 48-55,5<br \/>\nLart\u00ebsia e mb\u00ebshtet\u00ebses (cm): 67<br \/>\nNgjyra: E zez\u00eb<br \/>\nNgarkesa (kg): 120<br \/>\nPjerr\u00ebsia: 10\u00b0<br \/>\nMadh\u00ebsia e sediljes (cm): 51&#215;51<br \/>\nGjer\u00ebsia e shpatullave (cm): 4<br \/>\nMateriali i mbules\u00ebs s\u00eb karriges: PVC<br \/>\nP\u00ebrmasat (cm): 66x67x104,5-111,5<br \/>\nLloji i baz\u00ebs: 300mm, plastik<br \/>\n\u200b<\/p>\n","protected":false},"excerpt":{"rendered":"<p>Zolder<\/p>\n","protected":false},"featured_media":5808,"comment_status":"open","ping_status":"closed","template":"","meta":[],"product_brand":[],"product_cat":[118,116,133],"product_tag":[],"class_list":{"0":"post-5807","1":"product","2":"type-product","3":"status-publish","4":"has-post-thumbnail","6":"product_cat-aksesore","7":"product_cat-gaming","8":"product_cat-karrige-gaming","10":"first","11":"instock","12":"shipping-taxable","13":"purchasable","14":"product-type-simple"},"_links":{"self":[{"href":"https:\/\/www.metron-ks.com\/index.php?rest_route=\/wp\/v2\/product\/5807","targetHints":{"allow":["GET"]}}],"collection":[{"href":"https:\/\/www.metron-ks.com\/index.php?rest_route=\/wp\/v2\/product"}],"about":[{"href":"https:\/\/www.metron-ks.com\/index.php?rest_route=\/wp\/v2\/types\/product"}],"replies":[{"embeddable":true,"href":"https:\/\/www.metron-ks.com\/index.php?rest_route=%2Fwp%2Fv2%2Fcomments&post=5807"}],"wp:featuredmedia":[{"embeddable":true,"href":"https:\/\/www.metron-ks.com\/index.php?rest_route=\/wp\/v2\/media\/5808"}],"wp:attachment":[{"href":"https:\/\/www.metron-ks.com\/index.php?rest_route=%2Fwp%2Fv2%2Fmedia&parent=5807"}],"wp:term":[{"taxonomy":"product_brand","embeddable":true,"href":"https:\/\/www.metron-ks.com\/index.php?rest_route=%2Fwp%2Fv2%2Fproduct_brand&post=5807"},{"taxonomy":"product_cat","embeddable":true,"href":"https:\/\/www.metron-ks.com\/index.php?rest_route=%2Fwp%2Fv2%2Fproduct_cat&post=5807"},{"taxonomy":"product_tag","embeddable":true,"href":"https:\/\/www.metron-ks.com\/index.php?rest_route=%2Fwp%2Fv2%2Fproduct_tag&post=5807"}],"curies":[{"name":"wp","href":"https:\/\/api.w.org\/{rel}","templated":true}]}}