{"id":581,"date":"2023-03-06T22:21:38","date_gmt":"2023-03-06T22:21:38","guid":{"rendered":"https:\/\/www.metron-ks.com\/product\/karikues-sbox-magsafe2-ap-85w-85w-per-apple\/"},"modified":"2025-01-21T11:22:23","modified_gmt":"2025-01-21T11:22:23","slug":"karikues-sbox-magsafe2-ap-85w-85w-per-apple","status":"publish","type":"product","link":"https:\/\/www.metron-ks.com\/?product=karikues-sbox-magsafe2-ap-85w-85w-per-apple","title":{"rendered":"Karikues SBOX MAGSAFE2 AP-85W \/ 85W, p\u00ebr Apple"},"content":{"rendered":"<p>Hyrja: AC 100-240V 50\/60 Hz 1.5A<br \/>\nDalja: 20V 4.5A<br \/>\nFuqia: 85W Maks<br \/>\nLloji i priz\u00ebs: Lidh\u00ebs magnetik 5-pin MagSafe 2<br \/>\nEfikasitet i lart\u00eb i energjis\u00eb p\u00ebr kursime t\u00eb m\u00ebdha n\u00eb konsumin e energjis\u00eb<br \/>\nMbrojtje\u00a0nga qarqet e shkurtra dhe mbingarkesat e tensionit<br \/>\nZjarrduruese p\u00ebr mbrojtje nga mbinxehja<\/p>\n<p>Kompatibil me :<\/p>\n<div style=\"box-sizing: border-box; color: #3e4d5c; font-family: 'Open Sans', Arial, sans-serif; font-size: 13px; border-radius: 0px !important;\"><span style=\"box-sizing: border-box; font-weight: bold;\">MacBook: MA463LL\/A, MA464LL\/A, MA090LL, MA600LL, MA601LL, MA092LL\/A, MA609LL, MA610LL, MA611LL\/A, MA895LL\/A,<\/span><\/div>\n<div style=\"box-sizing: border-box; color: #3e4d5c; font-family: 'Open Sans', Arial, sans-serif; font-size: 13px; border-radius: 0px !important;\"><span style=\"box-sizing: border-box; font-weight: bold;\">MA896LL\/A, MA895LL, MA896LL, MA897LL\/A, Core Duo 1.67 15-inch, 15.4-inch Glossy, 17-inch, Late 2006, Mid 2007 17-inch<\/span><\/div>\n<div style=\"box-sizing: border-box; color: #3e4d5c; font-family: 'Open Sans', Arial, sans-serif; font-size: 13px; border-radius: 0px !important;\"><span style=\"box-sizing: border-box; font-weight: bold;\">Santa Rosa, Late 2007 15.4-inch Santa Rosa, MacBook 13&#8243; 1.83\/2 GHz Core Duo, MacBook 13&#8243; 1.83\/2.16 GHz Core 2 Duo.<\/span><\/div>\n<div style=\"box-sizing: border-box; color: #3e4d5c; font-family: 'Open Sans', Arial, sans-serif; font-size: 13px; border-radius: 0px !important;\"><\/div>\n<div>Kompatibil me:<\/div>\n<div><span style=\"box-sizing: border-box; font-weight: bold; color: #3e4d5c; font-family: 'Open Sans', Arial, sans-serif; font-size: 13px;\">A1172, A1184, ADP-90UB, 611-0377, 661-3994, 661-4259, MA357LL\/A.<\/span><\/div>\n","protected":false},"excerpt":{"rendered":"<p>Karikues p\u00ebr Apple, SBOX MAGSAFE2 AP-85W \/ 85W<\/p>\n","protected":false},"featured_media":3158,"comment_status":"closed","ping_status":"closed","template":"","meta":[],"product_brand":[],"product_cat":[118,173,141],"product_tag":[],"class_list":{"0":"post-581","1":"product","2":"type-product","3":"status-publish","4":"has-post-thumbnail","6":"product_cat-aksesore","7":"product_cat-karikues-per-laptop","8":"product_cat-pclaptop","10":"first","11":"instock","12":"shipping-taxable","13":"purchasable","14":"product-type-simple"},"_links":{"self":[{"href":"https:\/\/www.metron-ks.com\/index.php?rest_route=\/wp\/v2\/product\/581","targetHints":{"allow":["GET"]}}],"collection":[{"href":"https:\/\/www.metron-ks.com\/index.php?rest_route=\/wp\/v2\/product"}],"about":[{"href":"https:\/\/www.metron-ks.com\/index.php?rest_route=\/wp\/v2\/types\/product"}],"replies":[{"embeddable":true,"href":"https:\/\/www.metron-ks.com\/index.php?rest_route=%2Fwp%2Fv2%2Fcomments&post=581"}],"wp:featuredmedia":[{"embeddable":true,"href":"https:\/\/www.metron-ks.com\/index.php?rest_route=\/wp\/v2\/media\/3158"}],"wp:attachment":[{"href":"https:\/\/www.metron-ks.com\/index.php?rest_route=%2Fwp%2Fv2%2Fmedia&parent=581"}],"wp:term":[{"taxonomy":"product_brand","embeddable":true,"href":"https:\/\/www.metron-ks.com\/index.php?rest_route=%2Fwp%2Fv2%2Fproduct_brand&post=581"},{"taxonomy":"product_cat","embeddable":true,"href":"https:\/\/www.metron-ks.com\/index.php?rest_route=%2Fwp%2Fv2%2Fproduct_cat&post=581"},{"taxonomy":"product_tag","embeddable":true,"href":"https:\/\/www.metron-ks.com\/index.php?rest_route=%2Fwp%2Fv2%2Fproduct_tag&post=581"}],"curies":[{"name":"wp","href":"https:\/\/api.w.org\/{rel}","templated":true}]}}