{"id":5835,"date":"2024-02-23T09:03:13","date_gmt":"2024-02-23T09:03:13","guid":{"rendered":"https:\/\/www.metron-ks.com\/?post_type=product&#038;p=5835"},"modified":"2024-12-23T13:04:12","modified_gmt":"2024-12-23T13:04:12","slug":"ore-samsung-galaxy-fit-3-argjendte","status":"publish","type":"product","link":"https:\/\/www.metron-ks.com\/?product=ore-samsung-galaxy-fit-3-argjendte","title":{"rendered":"Or\u00eb Samsung Galaxy Fit 3, Argjendt\u00eb"},"content":{"rendered":"<p>Ekran 1.6&#8243; AMOLED ofron nj\u00eb zon\u00eb t\u00eb qart\u00eb shikimi p\u00ebr nd\u00ebrveprim t\u00eb leht\u00eb<br \/>\nKarikohet deri n\u00eb 65% n\u00eb 30 minuta dhe zgjat deri n\u00eb 13 dit\u00eb me nj\u00eb karikim t\u00eb plot\u00eb<br \/>\nGjurmimi i mbi 100 st\u00ebrvitjeve dhe monitorimi i gjumit p\u00ebr njohurit\u00eb e gjumit<br \/>\nB\u00ebrja e fotografive, luajtja e k\u00ebng\u00ebve, kontrollimi i teksteve dhe telefonatave direkt nga ky\u00e7i i dor\u00ebs<\/p>\n<p>Bluetooth 5.3v<\/p>\n<p>Sensor\u00ebt:Akseleromet\u00ebr, Baromet\u00ebr, Gyro Sensori, Sensori optik i rrahjeve t\u00eb zemr\u00ebs, Sensor i drit\u00ebs<\/p>\n<p>Ekran 1.6&#8243; Amoled<\/p>\n<p>256&#215;402, 302 ppi<\/p>\n<p>Dimensionet :42.9 x 28.8 x 9.9 mm<\/p>\n<p>Pesha 36.8g me rripa<\/p>\n<p>Materiali : 2.5D Glass (Display) Alumin<\/p>\n<p>Full touch + 1 button<\/p>\n<p>Memorie: 16MB + 256MB<\/p>\n<p>Qendrueshmeria: 5ATM + IP68<\/p>\n<p>Bateria: 208mah jetegjatesi deri ne 13 dite<\/p>\n<p>101 modalitete stervitese<\/p>\n<p>6 auto gjurmime<\/p>\n<p>Menyra e njoftimit:Dridhje<\/p>\n<p>Madh\u00ebsia RAM (MB): 16 MB<\/p>\n<p>Madh\u00ebsia ROM (MB): 256 MB<\/p>\n<p>Thell\u00ebsia e ngjyrave (ekrani kryesor):16 milion<\/p>\n<p>OS:FreeRTOS<br \/>\n\u200b<\/p>\n<p>&nbsp;<\/p>\n","protected":false},"excerpt":{"rendered":"<p>SM-R390NZSAEUC<\/p>\n","protected":false},"featured_media":5836,"comment_status":"open","ping_status":"closed","template":"","meta":[],"product_brand":[],"product_cat":[118,195,66,114],"product_tag":[],"class_list":{"0":"post-5835","1":"product","2":"type-product","3":"status-publish","4":"has-post-thumbnail","6":"product_cat-aksesore","7":"product_cat-gjurmues","8":"product_cat-oremates-aktiviteti","9":"product_cat-smart","11":"first","12":"instock","13":"shipping-taxable","14":"purchasable","15":"product-type-simple"},"_links":{"self":[{"href":"https:\/\/www.metron-ks.com\/index.php?rest_route=\/wp\/v2\/product\/5835","targetHints":{"allow":["GET"]}}],"collection":[{"href":"https:\/\/www.metron-ks.com\/index.php?rest_route=\/wp\/v2\/product"}],"about":[{"href":"https:\/\/www.metron-ks.com\/index.php?rest_route=\/wp\/v2\/types\/product"}],"replies":[{"embeddable":true,"href":"https:\/\/www.metron-ks.com\/index.php?rest_route=%2Fwp%2Fv2%2Fcomments&post=5835"}],"wp:featuredmedia":[{"embeddable":true,"href":"https:\/\/www.metron-ks.com\/index.php?rest_route=\/wp\/v2\/media\/5836"}],"wp:attachment":[{"href":"https:\/\/www.metron-ks.com\/index.php?rest_route=%2Fwp%2Fv2%2Fmedia&parent=5835"}],"wp:term":[{"taxonomy":"product_brand","embeddable":true,"href":"https:\/\/www.metron-ks.com\/index.php?rest_route=%2Fwp%2Fv2%2Fproduct_brand&post=5835"},{"taxonomy":"product_cat","embeddable":true,"href":"https:\/\/www.metron-ks.com\/index.php?rest_route=%2Fwp%2Fv2%2Fproduct_cat&post=5835"},{"taxonomy":"product_tag","embeddable":true,"href":"https:\/\/www.metron-ks.com\/index.php?rest_route=%2Fwp%2Fv2%2Fproduct_tag&post=5835"}],"curies":[{"name":"wp","href":"https:\/\/api.w.org\/{rel}","templated":true}]}}