{"id":5880,"date":"2024-03-13T15:45:47","date_gmt":"2024-03-13T15:45:47","guid":{"rendered":"https:\/\/www.metron-ks.com\/?post_type=product&#038;p=5880"},"modified":"2024-12-23T12:58:16","modified_gmt":"2024-12-23T12:58:16","slug":"maus-gaming-baracuda-coral-bgm-031-i-zi","status":"publish","type":"product","link":"https:\/\/www.metron-ks.com\/?product=maus-gaming-baracuda-coral-bgm-031-i-zi","title":{"rendered":"Maus Gaming Baracuda Coral BGM-031, i zi"},"content":{"rendered":"<p>Mausi gaming Baracuda Coral, i pajisur me nj\u00eb sensor optik 12800 DPI dhe nj\u00eb \u00e7ip INSTANT 825, ofron sakt\u00ebsi dhe shpejt\u00ebsi p\u00ebr \u00e7do lojtar. I projektuar p\u00ebr q\u00ebndrueshm\u00ebri, ai tejkalon 10 milion\u00eb klikime, duke siguruar jet\u00ebgjat\u00ebsi n\u00eb arsenalin tuaj t\u00eb loj\u00ebrave. Konfigurimi i butonit t\u00eb tij 6D lejon kontroll t\u00eb gjithansh\u00ebm, nd\u00ebrsa ndri\u00e7imi RGB i shton nj\u00eb stil shum\u00ebngjyr\u00ebsh konfigurimit tuaj. Me nj\u00eb dizajn t\u00eb zi elegant, \u00ebsht\u00eb i rehatsh\u00ebm p\u00ebr seanca t\u00eb gjata lojrash.<\/p>\n<p>Lloji: 6D &#8211; 6 butona<br \/>\nLloji i sensorit: Optik<br \/>\n\u00c7ipset: INSTANT 825<br \/>\nRezolucioni (DPI): 12800<br \/>\nJet\u00ebgjat\u00ebsia: Mbi 10 mil. klikime<br \/>\n(Hz): 1000<br \/>\nP\u00ebrshpejtimi: 20 G<br \/>\nNdri\u00e7imi: RGB 16.8 mil. ngjyra<br \/>\nSoftuer: Po<br \/>\nNgjyra: I zi<br \/>\nMateriali: Plastike<br \/>\nInterface: USB 2.0<br \/>\nGjat\u00ebsia e kabllit (m): 1,5<br \/>\nKabllo me g\u00ebrsheta: Po<br \/>\nP\u00ebrmasat (mm): 127 x 73 x 43<br \/>\nPesha (g): 105<br \/>\nP\u00ebrputhshm\u00ebria: Win 7 \/ 8 \/ 10 \/ 11 dhe Mac OS<br \/>\n\u200b<\/p>\n","protected":false},"excerpt":{"rendered":"<p>BGM-031<\/p>\n","protected":false},"featured_media":5881,"comment_status":"open","ping_status":"closed","template":"","meta":[],"product_brand":[],"product_cat":[118,116,124],"product_tag":[],"class_list":{"0":"post-5880","1":"product","2":"type-product","3":"status-publish","4":"has-post-thumbnail","6":"product_cat-aksesore","7":"product_cat-gaming","8":"product_cat-mouse-gaming","10":"first","11":"instock","12":"shipping-taxable","13":"purchasable","14":"product-type-simple"},"_links":{"self":[{"href":"https:\/\/www.metron-ks.com\/index.php?rest_route=\/wp\/v2\/product\/5880","targetHints":{"allow":["GET"]}}],"collection":[{"href":"https:\/\/www.metron-ks.com\/index.php?rest_route=\/wp\/v2\/product"}],"about":[{"href":"https:\/\/www.metron-ks.com\/index.php?rest_route=\/wp\/v2\/types\/product"}],"replies":[{"embeddable":true,"href":"https:\/\/www.metron-ks.com\/index.php?rest_route=%2Fwp%2Fv2%2Fcomments&post=5880"}],"wp:featuredmedia":[{"embeddable":true,"href":"https:\/\/www.metron-ks.com\/index.php?rest_route=\/wp\/v2\/media\/5881"}],"wp:attachment":[{"href":"https:\/\/www.metron-ks.com\/index.php?rest_route=%2Fwp%2Fv2%2Fmedia&parent=5880"}],"wp:term":[{"taxonomy":"product_brand","embeddable":true,"href":"https:\/\/www.metron-ks.com\/index.php?rest_route=%2Fwp%2Fv2%2Fproduct_brand&post=5880"},{"taxonomy":"product_cat","embeddable":true,"href":"https:\/\/www.metron-ks.com\/index.php?rest_route=%2Fwp%2Fv2%2Fproduct_cat&post=5880"},{"taxonomy":"product_tag","embeddable":true,"href":"https:\/\/www.metron-ks.com\/index.php?rest_route=%2Fwp%2Fv2%2Fproduct_tag&post=5880"}],"curies":[{"name":"wp","href":"https:\/\/api.w.org\/{rel}","templated":true}]}}