{"id":5898,"date":"2024-03-14T08:11:15","date_gmt":"2024-03-14T08:11:15","guid":{"rendered":"https:\/\/www.metron-ks.com\/?post_type=product&#038;p=5898"},"modified":"2024-12-23T12:56:47","modified_gmt":"2024-12-23T12:56:47","slug":"maus-gaming-baracuda-manta-bgm-042-i-bardhe","status":"publish","type":"product","link":"https:\/\/www.metron-ks.com\/?product=maus-gaming-baracuda-manta-bgm-042-i-bardhe","title":{"rendered":"Maus Gaming Baracuda Manta BGM-042, i bardh\u00eb"},"content":{"rendered":"<p>P\u00ebrjetoni loj\u00ebra precize me miun Baracuda MANTA GAMING. Me 8 butona dhe nj\u00eb sensor optik me nj\u00eb rezolucion prej 12800 DPI, ai ofron nj\u00eb reagim t\u00eb jasht\u00ebzakonsh\u00ebm. Me ndri\u00e7imin RGB dhe dizajnin ergonomik, ai p\u00ebrmir\u00ebson konfigurimin tuaj t\u00eb loj\u00ebrave. Me softuer mund ta personalizoni miun sipas d\u00ebshires suaj . E p\u00ebrputhshme me Win 7\/8\/10\/11 dhe Mac OS.<\/p>\n<p>Lloji: 8D &#8211; 8 butona<br \/>\nLloji i sensorit: Optik<br \/>\n\u00c7ipset: INSTANT 825<br \/>\nRezolucioni (DPI): 12800<br \/>\nJet\u00ebgjat\u00ebsia: Mbi 5 mil. klikime<br \/>\n(Hz): 1000<br \/>\nP\u00ebrshpejtimi: 20 G<br \/>\nNdri\u00e7imi: RGB 16.8 mil. ngjyra<br \/>\nSoftuer: Po<br \/>\nMateriali: Plastike<br \/>\nInterface: USB 2.0<br \/>\nGjat\u00ebsia e kabllit (m): 1,5<br \/>\nP\u00ebrmasat (mm): 126 x 82 x 42<br \/>\nPesha (g): 81<br \/>\nP\u00ebrputhshm\u00ebria e miut: Win 7 \/ 8 \/ 10 \/ 11 n\u00eb Mac OS<\/p>\n","protected":false},"excerpt":{"rendered":"<p>BGM-042<\/p>\n","protected":false},"featured_media":5899,"comment_status":"open","ping_status":"closed","template":"","meta":[],"product_brand":[],"product_cat":[118,116,124],"product_tag":[],"class_list":{"0":"post-5898","1":"product","2":"type-product","3":"status-publish","4":"has-post-thumbnail","6":"product_cat-aksesore","7":"product_cat-gaming","8":"product_cat-mouse-gaming","10":"first","11":"instock","12":"shipping-taxable","13":"purchasable","14":"product-type-simple"},"_links":{"self":[{"href":"https:\/\/www.metron-ks.com\/index.php?rest_route=\/wp\/v2\/product\/5898","targetHints":{"allow":["GET"]}}],"collection":[{"href":"https:\/\/www.metron-ks.com\/index.php?rest_route=\/wp\/v2\/product"}],"about":[{"href":"https:\/\/www.metron-ks.com\/index.php?rest_route=\/wp\/v2\/types\/product"}],"replies":[{"embeddable":true,"href":"https:\/\/www.metron-ks.com\/index.php?rest_route=%2Fwp%2Fv2%2Fcomments&post=5898"}],"wp:featuredmedia":[{"embeddable":true,"href":"https:\/\/www.metron-ks.com\/index.php?rest_route=\/wp\/v2\/media\/5899"}],"wp:attachment":[{"href":"https:\/\/www.metron-ks.com\/index.php?rest_route=%2Fwp%2Fv2%2Fmedia&parent=5898"}],"wp:term":[{"taxonomy":"product_brand","embeddable":true,"href":"https:\/\/www.metron-ks.com\/index.php?rest_route=%2Fwp%2Fv2%2Fproduct_brand&post=5898"},{"taxonomy":"product_cat","embeddable":true,"href":"https:\/\/www.metron-ks.com\/index.php?rest_route=%2Fwp%2Fv2%2Fproduct_cat&post=5898"},{"taxonomy":"product_tag","embeddable":true,"href":"https:\/\/www.metron-ks.com\/index.php?rest_route=%2Fwp%2Fv2%2Fproduct_tag&post=5898"}],"curies":[{"name":"wp","href":"https:\/\/api.w.org\/{rel}","templated":true}]}}