{"id":5943,"date":"2024-03-14T08:58:28","date_gmt":"2024-03-14T08:58:28","guid":{"rendered":"https:\/\/www.metron-ks.com\/?post_type=product&#038;p=5943"},"modified":"2024-12-23T12:51:23","modified_gmt":"2024-12-23T12:51:23","slug":"tastiere-gaming-baracuda-starfish-bgk-02114-us-e-zeze","status":"publish","type":"product","link":"https:\/\/www.metron-ks.com\/?product=tastiere-gaming-baracuda-starfish-bgk-02114-us-e-zeze","title":{"rendered":"Tastiere Gaming Baracuda Starfish, BGK-02114 US, e zez\u00eb"},"content":{"rendered":"<p>P\u00ebrjetoni loj\u00ebra t\u00eb shk\u00eblqyera me tastieren gaming Baracuda Starfish. Me 104 taste\u00a0dhe anti-ghosting, ai siguron goditje t\u00eb sakta t\u00eb tasteve. Dizajni elegant i zi me drit\u00ebn e prapme Rainbow rrit konfigurimin tuaj t\u00eb loj\u00ebrave. E p\u00ebrputhshme me Windows, Mac dhe Chrome OS.<\/p>\n<p>Numri i tasteve: 104<br \/>\nParaqitja kryesore: Paraqitja e plot\u00eb<br \/>\nLloji i tastit: Membrane<br \/>\nAnti-Ghosting: Po \/ 19 taste<br \/>\nNdri\u00e7imi: Rainbow<br \/>\nNgjyra: E zez\u00eb<br \/>\nMateriali: Plastike<br \/>\nInterface: USB 2.0<br \/>\nK\u00ebmb\u00eb shtes\u00eb p\u00ebr ngritje: Po<br \/>\nGjat\u00ebsia e kabllit (m): 1,5<br \/>\nParaqitjet e disponueshme: US<br \/>\nP\u00ebrmasat (mm): 443 x 141 x 30 mm<br \/>\nPesha (g): 510<br \/>\nP\u00ebrputhshm\u00ebria: Windows 7 \/ 8 \/ 10 \/ 11, Mac OS, Chrome OS<\/p>\n","protected":false},"excerpt":{"rendered":"<p>BGK-02114<\/p>\n","protected":false},"featured_media":5944,"comment_status":"open","ping_status":"closed","template":"","meta":[],"product_brand":[],"product_cat":[118,116,117],"product_tag":[],"class_list":{"0":"post-5943","1":"product","2":"type-product","3":"status-publish","4":"has-post-thumbnail","6":"product_cat-aksesore","7":"product_cat-gaming","8":"product_cat-tastiere-gaming","10":"first","11":"instock","12":"shipping-taxable","13":"purchasable","14":"product-type-simple"},"_links":{"self":[{"href":"https:\/\/www.metron-ks.com\/index.php?rest_route=\/wp\/v2\/product\/5943","targetHints":{"allow":["GET"]}}],"collection":[{"href":"https:\/\/www.metron-ks.com\/index.php?rest_route=\/wp\/v2\/product"}],"about":[{"href":"https:\/\/www.metron-ks.com\/index.php?rest_route=\/wp\/v2\/types\/product"}],"replies":[{"embeddable":true,"href":"https:\/\/www.metron-ks.com\/index.php?rest_route=%2Fwp%2Fv2%2Fcomments&post=5943"}],"wp:featuredmedia":[{"embeddable":true,"href":"https:\/\/www.metron-ks.com\/index.php?rest_route=\/wp\/v2\/media\/5944"}],"wp:attachment":[{"href":"https:\/\/www.metron-ks.com\/index.php?rest_route=%2Fwp%2Fv2%2Fmedia&parent=5943"}],"wp:term":[{"taxonomy":"product_brand","embeddable":true,"href":"https:\/\/www.metron-ks.com\/index.php?rest_route=%2Fwp%2Fv2%2Fproduct_brand&post=5943"},{"taxonomy":"product_cat","embeddable":true,"href":"https:\/\/www.metron-ks.com\/index.php?rest_route=%2Fwp%2Fv2%2Fproduct_cat&post=5943"},{"taxonomy":"product_tag","embeddable":true,"href":"https:\/\/www.metron-ks.com\/index.php?rest_route=%2Fwp%2Fv2%2Fproduct_tag&post=5943"}],"curies":[{"name":"wp","href":"https:\/\/api.w.org\/{rel}","templated":true}]}}