{"id":598,"date":"2023-03-06T22:21:53","date_gmt":"2023-03-06T22:21:53","guid":{"rendered":"https:\/\/www.metron-ks.com\/product\/karrige-gaming-white-shark-dervish-zeze-bardhe\/"},"modified":"2025-01-21T08:57:20","modified_gmt":"2025-01-21T08:57:20","slug":"karrige-gaming-white-shark-dervish-zeze-bardhe","status":"publish","type":"product","link":"https:\/\/www.metron-ks.com\/?product=karrige-gaming-white-shark-dervish-zeze-bardhe","title":{"rendered":"Karrige Gaming White Shark Dervish, zeze\/bardh\u00eb"},"content":{"rendered":"<p>White Shark Dervish \u00ebsht\u00eb nj\u00eb karrige loj\u00ebrash me nj\u00eb sip\u00ebrfaqe t\u00eb b\u00ebr\u00eb prej Eko-l\u00ebkure n\u00eb ngjyr\u00eb t\u00eb zez\u00eb \/ t\u00eb bardh\u00eb. Pushimorja e dores\u00a0\u00ebsht\u00eb e\u00a0l\u00ebvizshme\u00a0por nuk mund t\u00eb bllokohet n\u00eb pozicione t\u00eb ndryshme (0 &#8211; 90 grad\u00eb). Lart\u00ebsia e ul\u00ebses\u00a0mund t\u00eb rregullohet duke p\u00ebrdorur nj\u00eb sust\u00eb ajri dhe nj\u00eb dorez\u00eb t\u00eb vog\u00ebl n\u00eb an\u00ebn e djatht\u00eb. Mb\u00ebshtet\u00ebsja \u00ebsht\u00eb e fiksuar, por karrigia mund t\u00eb anohet n\u00eb nj\u00eb pozicion vertikal.<\/p>\n<p>P\u00ebrmasat: 66cm x 69cm x 113-123 cm<\/p>\n<p>Materiali mbulues: PVC<\/p>\n<p>Ngjyra e mbuleses: zeze, bardhe<\/p>\n<p>Materiali i korniz\u00ebs: Plastike<\/p>\n<p>Lloji i baz\u00ebs: 5 rrota\u00a0Yll, baza plastike 350 mm<\/p>\n<p>Madh\u00ebsia e sediljes: 52cm x 50cm<\/p>\n<p>Madh\u00ebsia dhe materiali i rrot\u00ebs: 50 mm PU<\/p>\n<p>Ngarkesa (Maks.): 120 kg<\/p>\n<p>Lart\u00ebsia e shpin\u00ebs: 76cm<\/p>\n<p>Lart\u00ebsia e sediljes: 42cm &#8211; 52cm<\/p>\n<p>Tilt Lock: Po<\/p>\n","protected":false},"excerpt":{"rendered":"<p>Karrige Gaming White Shark Dervish, Zeze\/Bardh\u00eb<\/p>\n","protected":false},"featured_media":3099,"comment_status":"closed","ping_status":"closed","template":"","meta":[],"product_brand":[],"product_cat":[116,133],"product_tag":[],"class_list":{"0":"post-598","1":"product","2":"type-product","3":"status-publish","4":"has-post-thumbnail","6":"product_cat-gaming","7":"product_cat-karrige-gaming","9":"first","10":"instock","11":"shipping-taxable","12":"purchasable","13":"product-type-simple"},"_links":{"self":[{"href":"https:\/\/www.metron-ks.com\/index.php?rest_route=\/wp\/v2\/product\/598","targetHints":{"allow":["GET"]}}],"collection":[{"href":"https:\/\/www.metron-ks.com\/index.php?rest_route=\/wp\/v2\/product"}],"about":[{"href":"https:\/\/www.metron-ks.com\/index.php?rest_route=\/wp\/v2\/types\/product"}],"replies":[{"embeddable":true,"href":"https:\/\/www.metron-ks.com\/index.php?rest_route=%2Fwp%2Fv2%2Fcomments&post=598"}],"wp:featuredmedia":[{"embeddable":true,"href":"https:\/\/www.metron-ks.com\/index.php?rest_route=\/wp\/v2\/media\/3099"}],"wp:attachment":[{"href":"https:\/\/www.metron-ks.com\/index.php?rest_route=%2Fwp%2Fv2%2Fmedia&parent=598"}],"wp:term":[{"taxonomy":"product_brand","embeddable":true,"href":"https:\/\/www.metron-ks.com\/index.php?rest_route=%2Fwp%2Fv2%2Fproduct_brand&post=598"},{"taxonomy":"product_cat","embeddable":true,"href":"https:\/\/www.metron-ks.com\/index.php?rest_route=%2Fwp%2Fv2%2Fproduct_cat&post=598"},{"taxonomy":"product_tag","embeddable":true,"href":"https:\/\/www.metron-ks.com\/index.php?rest_route=%2Fwp%2Fv2%2Fproduct_tag&post=598"}],"curies":[{"name":"wp","href":"https:\/\/api.w.org\/{rel}","templated":true}]}}