{"id":5999,"date":"2024-03-22T10:20:00","date_gmt":"2024-03-22T10:20:00","guid":{"rendered":"https:\/\/www.metron-ks.com\/?post_type=product&#038;p=5999"},"modified":"2024-12-23T12:44:25","modified_gmt":"2024-12-23T12:44:25","slug":"kabllo-hdmi-hama-high-speed-205009-4k-ethernet-10m","status":"publish","type":"product","link":"https:\/\/www.metron-ks.com\/?product=kabllo-hdmi-hama-high-speed-205009-4k-ethernet-10m","title":{"rendered":"Kabllo HDMI Hama High Speed \u200b205009, 4K, Ethernet, 10m"},"content":{"rendered":"<p>Me kabllon 4K HDMI, mund t\u00eb sillni imazhe me cil\u00ebsi t\u00eb mprehta n\u00eb sht\u00ebpi, me cil\u00ebsi t\u00eb kinemas\u00eb,\u00a0edhe n\u00eb 3D.<br \/>\nKabllo\u00a0me mbrojtje t\u00eb ve\u00e7ant\u00eb siguron\u00a0cil\u00ebsi optimale, pa nd\u00ebrhyrje.<br \/>\nP\u00ebr transmetimin me shpejt\u00ebsi t\u00eb lart\u00eb t\u00eb t\u00eb dh\u00ebnave dixhitale audio dhe video midis, p.sh, lojtar\u00ebve Blu-ray, marr\u00ebsve satelitor dhe televizioneve.<br \/>\nTransmetim 3D p\u00ebrmes bandwidth\u00a0s\u00eb zgjeruar.<br \/>\nKabllo HDMI p\u00ebr cil\u00ebsi t\u00eb p\u00ebrsosur, me rezolucion t\u00eb lart\u00eb\u00a0Ultra HD 4096&#215;2160 (4K) pixel.<br \/>\nTransmetim me shpejt\u00ebsi t\u00eb lart\u00eb deri n\u00eb 18Gbit\/s p\u00ebr t\u00eb gjitha standardet e videove\u00a0dhe z\u00ebrit nga nj\u00eb gjer\u00ebsi e banwidth prej 600MHz.<br \/>\nRezolucion: 3840&#215;2160 &#8211; 24Hz \/ 25Hz \/ 30Hz \/ 50Hz \/ 60Hz, 4096&#215;2160 &#8211; 24Hz;<br \/>\nNgjyra: 30\/36\/48 bit;<br \/>\nTransmetimi i z\u00ebrit: 8PCM, Dolby Digital, DTS, MPEG, DVD audio, SACD, Dolby Digital Plus, True HD, dts-HD;<br \/>\nHDMI \u2122 Ethernet channel (HEC): po;<br \/>\nShkalla e transferimit t\u00eb t\u00eb dh\u00ebnave:\u00a010.2Gbit\/s;<br \/>\nNgjyra: zez\u00eb;<br \/>\nGjat\u00ebsia: 10m;<br \/>\nRezolucioni maksimal: 4K\u00a0(4096&#215;2160);<br \/>\n3D: po;<br \/>\nBandwidth: 340Mhz.<\/p>\n","protected":false},"excerpt":{"rendered":"<p>205009<\/p>\n","protected":false},"featured_media":6000,"comment_status":"open","ping_status":"closed","template":"","meta":[],"product_brand":[],"product_cat":[118,17,138],"product_tag":[],"class_list":{"0":"post-5999","1":"product","2":"type-product","3":"status-publish","4":"has-post-thumbnail","6":"product_cat-aksesore","7":"product_cat-kabllo","8":"product_cat-tv","10":"first","11":"instock","12":"shipping-taxable","13":"purchasable","14":"product-type-simple"},"_links":{"self":[{"href":"https:\/\/www.metron-ks.com\/index.php?rest_route=\/wp\/v2\/product\/5999","targetHints":{"allow":["GET"]}}],"collection":[{"href":"https:\/\/www.metron-ks.com\/index.php?rest_route=\/wp\/v2\/product"}],"about":[{"href":"https:\/\/www.metron-ks.com\/index.php?rest_route=\/wp\/v2\/types\/product"}],"replies":[{"embeddable":true,"href":"https:\/\/www.metron-ks.com\/index.php?rest_route=%2Fwp%2Fv2%2Fcomments&post=5999"}],"wp:featuredmedia":[{"embeddable":true,"href":"https:\/\/www.metron-ks.com\/index.php?rest_route=\/wp\/v2\/media\/6000"}],"wp:attachment":[{"href":"https:\/\/www.metron-ks.com\/index.php?rest_route=%2Fwp%2Fv2%2Fmedia&parent=5999"}],"wp:term":[{"taxonomy":"product_brand","embeddable":true,"href":"https:\/\/www.metron-ks.com\/index.php?rest_route=%2Fwp%2Fv2%2Fproduct_brand&post=5999"},{"taxonomy":"product_cat","embeddable":true,"href":"https:\/\/www.metron-ks.com\/index.php?rest_route=%2Fwp%2Fv2%2Fproduct_cat&post=5999"},{"taxonomy":"product_tag","embeddable":true,"href":"https:\/\/www.metron-ks.com\/index.php?rest_route=%2Fwp%2Fv2%2Fproduct_tag&post=5999"}],"curies":[{"name":"wp","href":"https:\/\/api.w.org\/{rel}","templated":true}]}}