{"id":600,"date":"2023-03-06T22:21:54","date_gmt":"2023-03-06T22:21:54","guid":{"rendered":"https:\/\/www.metron-ks.com\/product\/karrige-gaming-white-shark-gaming-kings-throne-kuq-zi\/"},"modified":"2025-01-21T08:55:22","modified_gmt":"2025-01-21T08:55:22","slug":"karrige-gaming-white-shark-gaming-kings-throne-kuq-zi","status":"publish","type":"product","link":"https:\/\/www.metron-ks.com\/?product=karrige-gaming-white-shark-gaming-kings-throne-kuq-zi","title":{"rendered":"Karrige Gaming White Shark Gaming Kings Throne, Kuq\/Zi"},"content":{"rendered":"<p>Karrige\u00a0p\u00ebr loj\u00ebra KINGS THRONE\u00a0e cila sjell rehati dhe eleganc\u00eb n\u00eb sht\u00ebpin\u00eb apo zyr\u00ebn tuaj, duke ju ndihmuar t\u00eb arrini performanc\u00eb t\u00eb lart\u00eb, qoft\u00eb gjat\u00eb nj\u00eb dite me pun\u00eb n\u00eb kompjuter apo duke luajtur loj\u00ebrat e juaja t\u00eb preferuara. Karrige-ja \u00ebsht\u00eb e mbuluar me l\u00ebkur\u00eb. Ajo ka kapacitet prej 130 kg. Ka mund\u00ebsi t\u00eb rrotullimit 360\u00b0<\/p>\n<p>Jast\u00ebk kok\u00eb dhe mbrapa<\/p>\n<p>Materiali:Eco L\u00ebkure<\/p>\n<p>Nd\u00ebrtimi i korniz\u00ebs: Plastik<\/p>\n<p>Gjer\u00ebsia e pasme: 67 cm<\/p>\n<p>Lart\u00ebsia e pasme: 67 cm<\/p>\n<p>Madh\u00ebsia e ul\u00ebses: 48 cm x 48 cm<\/p>\n<p>Lart\u00ebsia e ul\u00ebses: nga 43 cm n\u00eb 53 cm<\/p>\n<p>Bllokim\u00a0i pjerr\u00ebsis\u00eb<\/p>\n<p>Kapaciteti: 130kg<\/p>\n","protected":false},"excerpt":{"rendered":"<p>Karrige Gaming White Shark Gaming Kings Throne, Kuq\/Zi<\/p>\n","protected":false},"featured_media":3089,"comment_status":"closed","ping_status":"closed","template":"","meta":[],"product_brand":[],"product_cat":[116,133],"product_tag":[],"class_list":{"0":"post-600","1":"product","2":"type-product","3":"status-publish","4":"has-post-thumbnail","6":"product_cat-gaming","7":"product_cat-karrige-gaming","9":"first","10":"instock","11":"shipping-taxable","12":"purchasable","13":"product-type-simple"},"_links":{"self":[{"href":"https:\/\/www.metron-ks.com\/index.php?rest_route=\/wp\/v2\/product\/600","targetHints":{"allow":["GET"]}}],"collection":[{"href":"https:\/\/www.metron-ks.com\/index.php?rest_route=\/wp\/v2\/product"}],"about":[{"href":"https:\/\/www.metron-ks.com\/index.php?rest_route=\/wp\/v2\/types\/product"}],"replies":[{"embeddable":true,"href":"https:\/\/www.metron-ks.com\/index.php?rest_route=%2Fwp%2Fv2%2Fcomments&post=600"}],"wp:featuredmedia":[{"embeddable":true,"href":"https:\/\/www.metron-ks.com\/index.php?rest_route=\/wp\/v2\/media\/3089"}],"wp:attachment":[{"href":"https:\/\/www.metron-ks.com\/index.php?rest_route=%2Fwp%2Fv2%2Fmedia&parent=600"}],"wp:term":[{"taxonomy":"product_brand","embeddable":true,"href":"https:\/\/www.metron-ks.com\/index.php?rest_route=%2Fwp%2Fv2%2Fproduct_brand&post=600"},{"taxonomy":"product_cat","embeddable":true,"href":"https:\/\/www.metron-ks.com\/index.php?rest_route=%2Fwp%2Fv2%2Fproduct_cat&post=600"},{"taxonomy":"product_tag","embeddable":true,"href":"https:\/\/www.metron-ks.com\/index.php?rest_route=%2Fwp%2Fv2%2Fproduct_tag&post=600"}],"curies":[{"name":"wp","href":"https:\/\/api.w.org\/{rel}","templated":true}]}}