{"id":6043,"date":"2024-04-26T12:11:46","date_gmt":"2024-04-26T12:11:46","guid":{"rendered":"https:\/\/www.metron-ks.com\/?post_type=product&#038;p=6043"},"modified":"2024-12-12T08:27:07","modified_gmt":"2024-12-12T08:27:07","slug":"maus-gaming-white-shark-wireless-aero-i-zi","status":"publish","type":"product","link":"https:\/\/www.metron-ks.com\/?product=maus-gaming-white-shark-wireless-aero-i-zi","title":{"rendered":"Maus Gaming White Shark, Aero, WGM-5015, 10000DPI, Wireless"},"content":{"rendered":"<p>P\u00ebrjetoni lirin\u00eb e loj\u00ebrave me mausin wireless\u00a0White Shark AERO. I pajisur me chipset Pixart 3325, ai ofron gjurmim t\u00eb sakt\u00eb deri n\u00eb 5000 DPI (10 000 DPI n\u00ebp\u00ebrmjet softuerit). Pesha e leht\u00eb n\u00eb 55 g, siguron manovra t\u00eb shpejta. Me jet\u00ebgjat\u00ebsin\u00eb e klikimeve 20 milion dhe softuerin e personalizuesh\u00ebm, \u00ebsht\u00eb shoq\u00ebruesi juaj m\u00eb i mir\u00eb i loj\u00ebrave.<\/p>\n<p>Lloji: 6D &#8211; 6 butona<br \/>\nLloji i sensorit: Optik<br \/>\n\u00c7ipset: Pixart 3325<br \/>\nRezolucioni (DPI): 5000 (10000 SW)<br \/>\nJet\u00ebgjat\u00ebsia: 20 M shtypje<br \/>\n(Hz): 1000<br \/>\nP\u00ebrshpejtimi: 20 G<br \/>\nSoftuer: Po<br \/>\nMb\u00ebshtesat e poshtme: UPE<br \/>\nNgjyra: E zez\u00eb<br \/>\nMateriali: Plastike<br \/>\nInterface: 2.4 GHz + USB 2.0<br \/>\nGjat\u00ebsia e kabllit (m): 1.8<br \/>\nP\u00ebrmasat (mm): 120.5&#215;64.4&#215;37.8<br \/>\nPesha (g): 55 +\/- 3g (Pa marr\u00ebs USB)<br \/>\nP\u00ebrputhshm\u00ebria e miut: Windows 7\/8\/10\/11\/MacOS<\/p>\n","protected":false},"excerpt":{"rendered":"<p>WGM-5015 AERO<\/p>\n","protected":false},"featured_media":6044,"comment_status":"open","ping_status":"closed","template":"","meta":[],"product_brand":[],"product_cat":[118,116,124],"product_tag":[],"class_list":{"0":"post-6043","1":"product","2":"type-product","3":"status-publish","4":"has-post-thumbnail","6":"product_cat-aksesore","7":"product_cat-gaming","8":"product_cat-mouse-gaming","10":"first","11":"instock","12":"shipping-taxable","13":"purchasable","14":"product-type-simple"},"_links":{"self":[{"href":"https:\/\/www.metron-ks.com\/index.php?rest_route=\/wp\/v2\/product\/6043","targetHints":{"allow":["GET"]}}],"collection":[{"href":"https:\/\/www.metron-ks.com\/index.php?rest_route=\/wp\/v2\/product"}],"about":[{"href":"https:\/\/www.metron-ks.com\/index.php?rest_route=\/wp\/v2\/types\/product"}],"replies":[{"embeddable":true,"href":"https:\/\/www.metron-ks.com\/index.php?rest_route=%2Fwp%2Fv2%2Fcomments&post=6043"}],"wp:featuredmedia":[{"embeddable":true,"href":"https:\/\/www.metron-ks.com\/index.php?rest_route=\/wp\/v2\/media\/6044"}],"wp:attachment":[{"href":"https:\/\/www.metron-ks.com\/index.php?rest_route=%2Fwp%2Fv2%2Fmedia&parent=6043"}],"wp:term":[{"taxonomy":"product_brand","embeddable":true,"href":"https:\/\/www.metron-ks.com\/index.php?rest_route=%2Fwp%2Fv2%2Fproduct_brand&post=6043"},{"taxonomy":"product_cat","embeddable":true,"href":"https:\/\/www.metron-ks.com\/index.php?rest_route=%2Fwp%2Fv2%2Fproduct_cat&post=6043"},{"taxonomy":"product_tag","embeddable":true,"href":"https:\/\/www.metron-ks.com\/index.php?rest_route=%2Fwp%2Fv2%2Fproduct_tag&post=6043"}],"curies":[{"name":"wp","href":"https:\/\/api.w.org\/{rel}","templated":true}]}}