{"id":6066,"date":"2024-04-26T13:17:36","date_gmt":"2024-04-26T13:17:36","guid":{"rendered":"https:\/\/www.metron-ks.com\/?post_type=product&#038;p=6066"},"modified":"2024-12-12T08:28:02","modified_gmt":"2024-12-12T08:28:02","slug":"maus-gaming-white-shark-ector-gm-5016-12-000-dpi-i-zi","status":"publish","type":"product","link":"https:\/\/www.metron-ks.com\/?product=maus-gaming-white-shark-ector-gm-5016-12-000-dpi-i-zi","title":{"rendered":"Maus Gaming White Shark, Ector GM-5016, 12.000 dpi, i zi"},"content":{"rendered":"<p>\u00c7lironi potencialin tuaj t\u00eb loj\u00ebrave me miun e loj\u00ebrave ECTOR nga WHITE SHARK. Me 7 butona, ndri\u00e7im RGB dhe nj\u00eb \u00e7ip Pixart PMW3327, ai ofron performanc\u00eb t\u00eb nivelit t\u00eb lart\u00eb. E p\u00ebrputhshme me t\u00eb dy sistemet Windows dhe MacOS.<\/p>\n<p>Lloji: 7D &#8211; 7 butona<br \/>\nLloji i sensorit: Optik<br \/>\n\u00c7ipset: Pixart PMW3327<br \/>\nRezolucioni (DPI): 7200 (12400 SW)<br \/>\nJet\u00ebgjat\u00ebsia: 20 M shtypje &#8211; HUANO<br \/>\n(Hz): 1000<br \/>\nP\u00ebrshpejtimi: 30 G<br \/>\nNdri\u00e7imi: RGB<br \/>\nSoftuer: Po<br \/>\nMb\u00ebshtesat e poshtme: UPE<br \/>\nNgjyra: E zez\u00eb<br \/>\nMateriali: Plastike<br \/>\nInterface: USB 2.0<br \/>\nGjat\u00ebsia e kabllit (m): 1.8<br \/>\nDimensionet (mm): 123x75x40<br \/>\nPesha (g): 65<br \/>\nP\u00ebrputhshm\u00ebria e miut: Windows 7\/8\/10\/11\/MacOS<\/p>\n","protected":false},"excerpt":{"rendered":"<p>Ector GM-5016<\/p>\n","protected":false},"featured_media":6067,"comment_status":"open","ping_status":"closed","template":"","meta":[],"product_brand":[],"product_cat":[118,116,124],"product_tag":[],"class_list":{"0":"post-6066","1":"product","2":"type-product","3":"status-publish","4":"has-post-thumbnail","6":"product_cat-aksesore","7":"product_cat-gaming","8":"product_cat-mouse-gaming","10":"first","11":"instock","12":"shipping-taxable","13":"purchasable","14":"product-type-simple"},"_links":{"self":[{"href":"https:\/\/www.metron-ks.com\/index.php?rest_route=\/wp\/v2\/product\/6066","targetHints":{"allow":["GET"]}}],"collection":[{"href":"https:\/\/www.metron-ks.com\/index.php?rest_route=\/wp\/v2\/product"}],"about":[{"href":"https:\/\/www.metron-ks.com\/index.php?rest_route=\/wp\/v2\/types\/product"}],"replies":[{"embeddable":true,"href":"https:\/\/www.metron-ks.com\/index.php?rest_route=%2Fwp%2Fv2%2Fcomments&post=6066"}],"wp:featuredmedia":[{"embeddable":true,"href":"https:\/\/www.metron-ks.com\/index.php?rest_route=\/wp\/v2\/media\/6067"}],"wp:attachment":[{"href":"https:\/\/www.metron-ks.com\/index.php?rest_route=%2Fwp%2Fv2%2Fmedia&parent=6066"}],"wp:term":[{"taxonomy":"product_brand","embeddable":true,"href":"https:\/\/www.metron-ks.com\/index.php?rest_route=%2Fwp%2Fv2%2Fproduct_brand&post=6066"},{"taxonomy":"product_cat","embeddable":true,"href":"https:\/\/www.metron-ks.com\/index.php?rest_route=%2Fwp%2Fv2%2Fproduct_cat&post=6066"},{"taxonomy":"product_tag","embeddable":true,"href":"https:\/\/www.metron-ks.com\/index.php?rest_route=%2Fwp%2Fv2%2Fproduct_tag&post=6066"}],"curies":[{"name":"wp","href":"https:\/\/api.w.org\/{rel}","templated":true}]}}