{"id":607,"date":"2023-03-06T22:21:56","date_gmt":"2023-03-06T22:21:56","guid":{"rendered":"https:\/\/www.metron-ks.com\/product\/karrige-gaming-white-shark-monza-e-verdhe\/"},"modified":"2025-01-22T09:25:39","modified_gmt":"2025-01-22T09:25:39","slug":"karrige-gaming-white-shark-monza-e-verdhe","status":"publish","type":"product","link":"https:\/\/www.metron-ks.com\/?product=karrige-gaming-white-shark-monza-e-verdhe","title":{"rendered":"Karrige Gaming White Shark Monza, e verdh\u00eb"},"content":{"rendered":"<p>White Shark MONZA \u00ebsht\u00eb nj\u00eb karrige loj\u00ebrash e b\u00ebr\u00eb prej l\u00ebkure PU, e disponueshme n\u00eb ngjyr\u00eb t\u00eb verdh\u00eb. Lart\u00ebsia e mb\u00ebshtet\u00ebsit t\u00eb dor\u00ebs \u00ebsht\u00eb e rregullueshme dhe mund t\u00eb rrotullohet (2D). Lart\u00ebsia e ul\u00ebses mund t\u00eb rregullohet me nj\u00eb sust\u00eb ajri dhe nj\u00eb dorez\u00eb t\u00eb vog\u00ebl n\u00eb an\u00ebn e djatht\u00eb. Mb\u00ebshtet\u00ebsja \u00ebsht\u00eb e rregullueshme dhe mund t\u00eb bllokohet n\u00eb nj\u00eb pozicion t\u00eb k\u00ebrkuar.<\/p>\n<p>Mb\u00ebshtet\u00ebse e but\u00eb dhe mbushur p\u00ebr mb\u00ebshtetje t\u00eb rehatshme.<\/p>\n<p>Rregullimi i lart\u00ebsis\u00eb pneumatike t\u00eb ul\u00ebses p\u00ebr q\u00ebndrim t\u00eb rehatsh\u00ebm. Mbrapa rrjet\u00eb me kontur p\u00ebr frym\u00ebmarrje. Pushimore komode t\u00eb duarve\u00a0p\u00ebr t\u00eb leht\u00ebsuar lodhjen e duarve.<\/p>\n<p>Lloji i baz\u00ebs: Karrige loj\u00ebrash<\/p>\n<p>P\u00ebrmasat (cm): 69 x 65 x 125-133cm<\/p>\n<p>Ngjyra e mbuleses: E verdh\u00eb<\/p>\n<p>Materiali mbuleses: l\u00ebkur\u00eb PU<\/p>\n<p>Lloji i baz\u00ebs: najloni 350 mm<\/p>\n<p>Materiali i korniz\u00ebs: Metal<\/p>\n<p>Ngarkesa: 120 kg<\/p>\n<p>Gjer\u00ebsia e pasme: 53cm<\/p>\n<p>Lart\u00ebsia e shpin\u00ebs: 85cm<\/p>\n<p>Madh\u00ebsia e ul\u00ebses: 56 x 58cm<\/p>\n<p>Lart\u00ebsia e ul\u00ebses: 42 &#8211; 50cm<\/p>\n<p>Madh\u00ebsia dhe materiali i rrot\u00ebs: najloni 60 mm<\/p>\n","protected":false},"excerpt":{"rendered":"<p>Karrige Gaming White Shark, Monza e verdh\u00eb<\/p>\n","protected":false},"featured_media":3072,"comment_status":"closed","ping_status":"closed","template":"","meta":[],"product_brand":[],"product_cat":[116,133],"product_tag":[],"class_list":{"0":"post-607","1":"product","2":"type-product","3":"status-publish","4":"has-post-thumbnail","6":"product_cat-gaming","7":"product_cat-karrige-gaming","9":"first","10":"instock","11":"shipping-taxable","12":"purchasable","13":"product-type-simple"},"_links":{"self":[{"href":"https:\/\/www.metron-ks.com\/index.php?rest_route=\/wp\/v2\/product\/607","targetHints":{"allow":["GET"]}}],"collection":[{"href":"https:\/\/www.metron-ks.com\/index.php?rest_route=\/wp\/v2\/product"}],"about":[{"href":"https:\/\/www.metron-ks.com\/index.php?rest_route=\/wp\/v2\/types\/product"}],"replies":[{"embeddable":true,"href":"https:\/\/www.metron-ks.com\/index.php?rest_route=%2Fwp%2Fv2%2Fcomments&post=607"}],"wp:featuredmedia":[{"embeddable":true,"href":"https:\/\/www.metron-ks.com\/index.php?rest_route=\/wp\/v2\/media\/3072"}],"wp:attachment":[{"href":"https:\/\/www.metron-ks.com\/index.php?rest_route=%2Fwp%2Fv2%2Fmedia&parent=607"}],"wp:term":[{"taxonomy":"product_brand","embeddable":true,"href":"https:\/\/www.metron-ks.com\/index.php?rest_route=%2Fwp%2Fv2%2Fproduct_brand&post=607"},{"taxonomy":"product_cat","embeddable":true,"href":"https:\/\/www.metron-ks.com\/index.php?rest_route=%2Fwp%2Fv2%2Fproduct_cat&post=607"},{"taxonomy":"product_tag","embeddable":true,"href":"https:\/\/www.metron-ks.com\/index.php?rest_route=%2Fwp%2Fv2%2Fproduct_tag&post=607"}],"curies":[{"name":"wp","href":"https:\/\/api.w.org\/{rel}","templated":true}]}}