{"id":6100,"date":"2024-05-06T07:46:37","date_gmt":"2024-05-06T07:46:37","guid":{"rendered":"https:\/\/www.metron-ks.com\/?post_type=product&#038;p=6100"},"modified":"2025-02-11T02:06:12","modified_gmt":"2025-02-11T02:06:12","slug":"swissten-rrip-per-apple-watch-38-40-41-mm","status":"publish","type":"product","link":"https:\/\/www.metron-ks.com\/?product=swissten-rrip-per-apple-watch-38-40-41-mm","title":{"rendered":"SWISSTEN RRIP PER APPLE WATCH 38 \/ 40 \/ 41 mm"},"content":{"rendered":"<p>Rripi \u00ebsht\u00eb prej najloni, i cili siguron frym\u00ebmarrje dhe leht\u00ebsi.<br \/>\nFal\u00eb materialit, ky\u00e7et e dor\u00ebs nuk do t\u00eb djersiten kur e mbani at\u00eb.<br \/>\nShum\u00eb e leht\u00eb p\u00ebr t&#8217;u trajtuar kur e vendosni dhe hiqni.<br \/>\nDizajn elegant<br \/>\nE pajtueshme me Apple Watch Series 1, 2, 3, 4, 5, 6, 7, 8, SE, SE 2022<\/p>\n","protected":false},"excerpt":{"rendered":"<p>46000708<\/p>\n","protected":false},"featured_media":6104,"comment_status":"open","ping_status":"closed","template":"","meta":[],"product_brand":[],"product_cat":[118,66,152],"product_tag":[],"class_list":{"0":"post-6100","1":"product","2":"type-product","3":"status-publish","4":"has-post-thumbnail","6":"product_cat-aksesore","7":"product_cat-oremates-aktiviteti","8":"product_cat-rripa","10":"first","11":"instock","12":"shipping-taxable","13":"purchasable","14":"product-type-simple"},"_links":{"self":[{"href":"https:\/\/www.metron-ks.com\/index.php?rest_route=\/wp\/v2\/product\/6100","targetHints":{"allow":["GET"]}}],"collection":[{"href":"https:\/\/www.metron-ks.com\/index.php?rest_route=\/wp\/v2\/product"}],"about":[{"href":"https:\/\/www.metron-ks.com\/index.php?rest_route=\/wp\/v2\/types\/product"}],"replies":[{"embeddable":true,"href":"https:\/\/www.metron-ks.com\/index.php?rest_route=%2Fwp%2Fv2%2Fcomments&post=6100"}],"wp:featuredmedia":[{"embeddable":true,"href":"https:\/\/www.metron-ks.com\/index.php?rest_route=\/wp\/v2\/media\/6104"}],"wp:attachment":[{"href":"https:\/\/www.metron-ks.com\/index.php?rest_route=%2Fwp%2Fv2%2Fmedia&parent=6100"}],"wp:term":[{"taxonomy":"product_brand","embeddable":true,"href":"https:\/\/www.metron-ks.com\/index.php?rest_route=%2Fwp%2Fv2%2Fproduct_brand&post=6100"},{"taxonomy":"product_cat","embeddable":true,"href":"https:\/\/www.metron-ks.com\/index.php?rest_route=%2Fwp%2Fv2%2Fproduct_cat&post=6100"},{"taxonomy":"product_tag","embeddable":true,"href":"https:\/\/www.metron-ks.com\/index.php?rest_route=%2Fwp%2Fv2%2Fproduct_tag&post=6100"}],"curies":[{"name":"wp","href":"https:\/\/api.w.org\/{rel}","templated":true}]}}