{"id":6130,"date":"2024-05-06T10:24:26","date_gmt":"2024-05-06T10:24:26","guid":{"rendered":"https:\/\/www.metron-ks.com\/?post_type=product&#038;p=6130"},"modified":"2024-12-20T14:12:58","modified_gmt":"2024-12-20T14:12:58","slug":"swissten-kabllo-usb-c-usb-c-1-5m-60w","status":"publish","type":"product","link":"https:\/\/www.metron-ks.com\/?product=swissten-kabllo-usb-c-usb-c-1-5m-60w","title":{"rendered":"SWISSTEN Kabllo USB-C \/ USB-C, 1.5m, 60W"},"content":{"rendered":"<p>SWISSTEN SILICON USB-C \/ USB-C kabllo t\u00eb dh\u00ebnash me gjat\u00ebsi 1,5 m, fuqi 60 W dhe rrym\u00eb deri n\u00eb 3A.<br \/>\nSilikoni i but\u00eb<br \/>\nKablloja SWISSTEN SOFT SILICONE \u00ebsht\u00eb b\u00ebr\u00eb nga silikoni i but\u00eb. Kjo e b\u00ebn at\u00eb fleksib\u00ebl n\u00eb t\u00eb gjitha kushtet dhe shum\u00eb rezistent ndaj lakesave,<\/p>\n","protected":false},"excerpt":{"rendered":"<p>71532010<\/p>\n","protected":false},"featured_media":6131,"comment_status":"open","ping_status":"closed","template":"","meta":[],"product_brand":[],"product_cat":[118,113,18],"product_tag":[],"class_list":{"0":"post-6130","1":"product","2":"type-product","3":"status-publish","4":"has-post-thumbnail","6":"product_cat-aksesore","7":"product_cat-celulartabletnavigim","8":"product_cat-kabllo-2","10":"first","11":"instock","12":"shipping-taxable","13":"purchasable","14":"product-type-simple"},"_links":{"self":[{"href":"https:\/\/www.metron-ks.com\/index.php?rest_route=\/wp\/v2\/product\/6130","targetHints":{"allow":["GET"]}}],"collection":[{"href":"https:\/\/www.metron-ks.com\/index.php?rest_route=\/wp\/v2\/product"}],"about":[{"href":"https:\/\/www.metron-ks.com\/index.php?rest_route=\/wp\/v2\/types\/product"}],"replies":[{"embeddable":true,"href":"https:\/\/www.metron-ks.com\/index.php?rest_route=%2Fwp%2Fv2%2Fcomments&post=6130"}],"wp:featuredmedia":[{"embeddable":true,"href":"https:\/\/www.metron-ks.com\/index.php?rest_route=\/wp\/v2\/media\/6131"}],"wp:attachment":[{"href":"https:\/\/www.metron-ks.com\/index.php?rest_route=%2Fwp%2Fv2%2Fmedia&parent=6130"}],"wp:term":[{"taxonomy":"product_brand","embeddable":true,"href":"https:\/\/www.metron-ks.com\/index.php?rest_route=%2Fwp%2Fv2%2Fproduct_brand&post=6130"},{"taxonomy":"product_cat","embeddable":true,"href":"https:\/\/www.metron-ks.com\/index.php?rest_route=%2Fwp%2Fv2%2Fproduct_cat&post=6130"},{"taxonomy":"product_tag","embeddable":true,"href":"https:\/\/www.metron-ks.com\/index.php?rest_route=%2Fwp%2Fv2%2Fproduct_tag&post=6130"}],"curies":[{"name":"wp","href":"https:\/\/api.w.org\/{rel}","templated":true}]}}