{"id":614,"date":"2023-03-06T22:21:59","date_gmt":"2023-03-06T22:21:59","guid":{"rendered":"https:\/\/www.metron-ks.com\/product\/karrige-gaming-white-shark-thunderbolt\/"},"modified":"2025-01-21T08:44:19","modified_gmt":"2025-01-21T08:44:19","slug":"karrige-gaming-white-shark-thunderbolt","status":"publish","type":"product","link":"https:\/\/www.metron-ks.com\/?product=karrige-gaming-white-shark-thunderbolt","title":{"rendered":"Karrige Gaming White Shark Thunderbolt"},"content":{"rendered":"<p>White Shark THUNERBOLT \u00ebsht\u00eb nj\u00eb karrige gaming me ndri\u00e7im LED t\u00eb integruar n\u00eb skajin e karriges. Efektet dhe ngjyrat e ndryshme t\u00eb ndri\u00e7imit mund t\u00eb vendosen nga kontrolluesi IR. K\u00ebndi i pas\u00ebm\u00a0mund t\u00eb modifikohet me dorez\u00eb t\u00eb vog\u00ebl n\u00eb an\u00ebn e djatht\u00eb t\u00eb karriges. Lart\u00ebsia e ul\u00ebses gjithashtu mund t\u00eb modifikohet. Pushim dore 2D.<\/p>\n<p>Drit\u00eb LED e integruar. Efektet e shumta n\u00eb dispozicion.<\/p>\n<p>Kontrollues i vog\u00ebl IR p\u00ebr rregullimin dhe kontrollin e efekteve t\u00eb lehta.<\/p>\n<p>Mbrapa rrjet\u00eb t\u00eb konturuar p\u00ebr frym\u00ebmarrje.<\/p>\n<p>Pushimore te duarve komode 2D p\u00ebr leht\u00ebsimin e lodhjes s\u00eb duarve<\/p>\n<p>Jast\u00ebk kok\u00eb dhe mbrapa<\/p>\n<p>Gjer\u00ebsia e pasme: 56\u00a0cm<\/p>\n<p>Lart\u00ebsia e pasme: 84 cm<\/p>\n<p>Madh\u00ebsia e ul\u00ebses: 52\u00a0cm x 54\u00a0cm<\/p>\n<p>Lart\u00ebsia e ul\u00ebses: 46.5 cm &#8211; 54 cm<\/p>\n<p>Bllokim\u00a0i pjerr\u00ebsis\u00eb<\/p>\n<p>Dimensionet:\u00a069 cm x 54 cm x 127-134,5 cm<\/p>\n","protected":false},"excerpt":{"rendered":"<p>WHITE SHARK KARRIGE GAMING THUNDERBOLT<\/p>\n","protected":false},"featured_media":3044,"comment_status":"closed","ping_status":"closed","template":"","meta":[],"product_brand":[],"product_cat":[116,133],"product_tag":[],"class_list":{"0":"post-614","1":"product","2":"type-product","3":"status-publish","4":"has-post-thumbnail","6":"product_cat-gaming","7":"product_cat-karrige-gaming","9":"first","10":"instock","11":"shipping-taxable","12":"purchasable","13":"product-type-simple"},"_links":{"self":[{"href":"https:\/\/www.metron-ks.com\/index.php?rest_route=\/wp\/v2\/product\/614","targetHints":{"allow":["GET"]}}],"collection":[{"href":"https:\/\/www.metron-ks.com\/index.php?rest_route=\/wp\/v2\/product"}],"about":[{"href":"https:\/\/www.metron-ks.com\/index.php?rest_route=\/wp\/v2\/types\/product"}],"replies":[{"embeddable":true,"href":"https:\/\/www.metron-ks.com\/index.php?rest_route=%2Fwp%2Fv2%2Fcomments&post=614"}],"wp:featuredmedia":[{"embeddable":true,"href":"https:\/\/www.metron-ks.com\/index.php?rest_route=\/wp\/v2\/media\/3044"}],"wp:attachment":[{"href":"https:\/\/www.metron-ks.com\/index.php?rest_route=%2Fwp%2Fv2%2Fmedia&parent=614"}],"wp:term":[{"taxonomy":"product_brand","embeddable":true,"href":"https:\/\/www.metron-ks.com\/index.php?rest_route=%2Fwp%2Fv2%2Fproduct_brand&post=614"},{"taxonomy":"product_cat","embeddable":true,"href":"https:\/\/www.metron-ks.com\/index.php?rest_route=%2Fwp%2Fv2%2Fproduct_cat&post=614"},{"taxonomy":"product_tag","embeddable":true,"href":"https:\/\/www.metron-ks.com\/index.php?rest_route=%2Fwp%2Fv2%2Fproduct_tag&post=614"}],"curies":[{"name":"wp","href":"https:\/\/api.w.org\/{rel}","templated":true}]}}