{"id":6171,"date":"2024-05-08T10:21:56","date_gmt":"2024-05-08T10:21:56","guid":{"rendered":"https:\/\/www.metron-ks.com\/?post_type=product&#038;p=6171"},"modified":"2025-11-26T08:59:56","modified_gmt":"2025-11-26T08:59:56","slug":"karrige-gaming-white-shark-le-mands-zeze-kuqe","status":"publish","type":"product","link":"https:\/\/www.metron-ks.com\/?product=karrige-gaming-white-shark-le-mands-zeze-kuqe","title":{"rendered":"Karrige Gaming White Shark LE MANS, Zeze\/Kuqe"},"content":{"rendered":"<p>Prezantimi i karriges s\u00eb loj\u00ebrave White Shark Le Mans, ku luksi takohet me performanc\u00ebn. E dizenjuar me nj\u00eb dizajn jast\u00ebku t\u00eb but\u00eb, ofron rehati t\u00eb pakrahasueshme. Ndjeni sakt\u00ebsin\u00eb e mb\u00ebshtet\u00ebseve fikse t\u00eb duarve, bllokimit t\u00eb animit t\u00eb k\u00ebndit dhe k\u00ebndeve t\u00eb rregullueshme (90\u00b0-135\u00b0). Kryevepra kuqezi krenohet me nj\u00eb korniz\u00eb druri, q\u00eb mban deri n\u00eb 120 kg. Zhyt veten n\u00eb lavdin\u00eb e tij ergonomike, t\u00eb kompletuar me jast\u00ebk\u00ebt e kok\u00ebs dhe t\u00eb shpin\u00ebs. Rrotullat plastike 60 mm dhe bazamenti i fort\u00eb metalik sigurojn\u00eb stabilitet.<\/p>\n<p>Mb\u00ebshtet\u00ebsit e duarve: Fiks<br \/>\nRregullimi i k\u00ebndit: Po<br \/>\nBllokimi i animit t\u00eb k\u00ebndit: Po<br \/>\nPjerr\u00ebsia: 90\u00b0-135\u00b0<br \/>\nMadh\u00ebsia dhe materiali i kastorit: 60 mm, plastik<br \/>\nJast\u00ebku i kok\u00ebs dhe i shpin\u00ebs: Po<br \/>\nLart\u00ebsia e sediljes (cm): 49-57<br \/>\nMadh\u00ebsia e sediljes (cm): 59&#215;55<br \/>\nLart\u00ebsia e mb\u00ebshtet\u00ebses (cm): 89<br \/>\nGjer\u00ebsia e shpatullave (cm): 58<br \/>\nNgjyra: E kuqe\/E zez\u00eb<br \/>\nMateriali i mbules\u00ebs s\u00eb karriges: Tekstil<br \/>\nMateriali i korniz\u00ebs: Dru<br \/>\nP\u00ebrmasat (cm): 76.5x73x124-132<br \/>\nLloji i baz\u00ebs: 350 mm, metal<br \/>\nNgarkesa (kg): 120<br \/>\nK\u00ebrkohet instalimi: Po<\/p>\n","protected":false},"excerpt":{"rendered":"<p>LE MANS<\/p>\n","protected":false},"featured_media":6172,"comment_status":"closed","ping_status":"closed","template":"","meta":[],"product_brand":[],"product_cat":[118,116,133],"product_tag":[],"class_list":{"0":"post-6171","1":"product","2":"type-product","3":"status-publish","4":"has-post-thumbnail","6":"product_cat-aksesore","7":"product_cat-gaming","8":"product_cat-karrige-gaming","10":"first","11":"instock","12":"shipping-taxable","13":"purchasable","14":"product-type-simple"},"_links":{"self":[{"href":"https:\/\/www.metron-ks.com\/index.php?rest_route=\/wp\/v2\/product\/6171","targetHints":{"allow":["GET"]}}],"collection":[{"href":"https:\/\/www.metron-ks.com\/index.php?rest_route=\/wp\/v2\/product"}],"about":[{"href":"https:\/\/www.metron-ks.com\/index.php?rest_route=\/wp\/v2\/types\/product"}],"replies":[{"embeddable":true,"href":"https:\/\/www.metron-ks.com\/index.php?rest_route=%2Fwp%2Fv2%2Fcomments&post=6171"}],"wp:featuredmedia":[{"embeddable":true,"href":"https:\/\/www.metron-ks.com\/index.php?rest_route=\/wp\/v2\/media\/6172"}],"wp:attachment":[{"href":"https:\/\/www.metron-ks.com\/index.php?rest_route=%2Fwp%2Fv2%2Fmedia&parent=6171"}],"wp:term":[{"taxonomy":"product_brand","embeddable":true,"href":"https:\/\/www.metron-ks.com\/index.php?rest_route=%2Fwp%2Fv2%2Fproduct_brand&post=6171"},{"taxonomy":"product_cat","embeddable":true,"href":"https:\/\/www.metron-ks.com\/index.php?rest_route=%2Fwp%2Fv2%2Fproduct_cat&post=6171"},{"taxonomy":"product_tag","embeddable":true,"href":"https:\/\/www.metron-ks.com\/index.php?rest_route=%2Fwp%2Fv2%2Fproduct_tag&post=6171"}],"curies":[{"name":"wp","href":"https:\/\/api.w.org\/{rel}","templated":true}]}}