{"id":6220,"date":"2024-05-31T10:22:49","date_gmt":"2024-05-31T10:22:49","guid":{"rendered":"https:\/\/www.metron-ks.com\/?post_type=product&#038;p=6220"},"modified":"2024-12-20T11:17:28","modified_gmt":"2024-12-20T11:17:28","slug":"mbajtese-per-celular-sbox-4-10","status":"publish","type":"product","link":"https:\/\/www.metron-ks.com\/?product=mbajtese-per-celular-sbox-4-10","title":{"rendered":"Mbajtese p\u00ebr celular\u00eb Sbox, 4&#8243;-10&#8243;"},"content":{"rendered":"<p>Madh\u00ebsia e rekomanduar e ekranit: 4&#8221;-10&#8221;<br \/>\nInstalimi: Shpalosni mbajt\u00ebsen, vendosni pajisjen dhe rregulloni k\u00ebndin (deri n\u00eb 145\u00b0)\/lart\u00ebsi<br \/>\nNgjyra: Bardh\u00eb\/gri<br \/>\nMateriali: alumin, plastik\u00eb, silikon<br \/>\nDimensionet (mm): 66x111x162<br \/>\nPesha (g): 140<\/p>\n","protected":false},"excerpt":{"rendered":"<p>PS-09<\/p>\n","protected":false},"featured_media":6221,"comment_status":"open","ping_status":"closed","template":"","meta":[],"product_brand":[],"product_cat":[118,113,162],"product_tag":[],"class_list":{"0":"post-6220","1":"product","2":"type-product","3":"status-publish","4":"has-post-thumbnail","6":"product_cat-aksesore","7":"product_cat-celulartabletnavigim","8":"product_cat-mbajtese-celulartabletnavigim","10":"first","11":"instock","12":"shipping-taxable","13":"purchasable","14":"product-type-simple"},"_links":{"self":[{"href":"https:\/\/www.metron-ks.com\/index.php?rest_route=\/wp\/v2\/product\/6220","targetHints":{"allow":["GET"]}}],"collection":[{"href":"https:\/\/www.metron-ks.com\/index.php?rest_route=\/wp\/v2\/product"}],"about":[{"href":"https:\/\/www.metron-ks.com\/index.php?rest_route=\/wp\/v2\/types\/product"}],"replies":[{"embeddable":true,"href":"https:\/\/www.metron-ks.com\/index.php?rest_route=%2Fwp%2Fv2%2Fcomments&post=6220"}],"wp:featuredmedia":[{"embeddable":true,"href":"https:\/\/www.metron-ks.com\/index.php?rest_route=\/wp\/v2\/media\/6221"}],"wp:attachment":[{"href":"https:\/\/www.metron-ks.com\/index.php?rest_route=%2Fwp%2Fv2%2Fmedia&parent=6220"}],"wp:term":[{"taxonomy":"product_brand","embeddable":true,"href":"https:\/\/www.metron-ks.com\/index.php?rest_route=%2Fwp%2Fv2%2Fproduct_brand&post=6220"},{"taxonomy":"product_cat","embeddable":true,"href":"https:\/\/www.metron-ks.com\/index.php?rest_route=%2Fwp%2Fv2%2Fproduct_cat&post=6220"},{"taxonomy":"product_tag","embeddable":true,"href":"https:\/\/www.metron-ks.com\/index.php?rest_route=%2Fwp%2Fv2%2Fproduct_tag&post=6220"}],"curies":[{"name":"wp","href":"https:\/\/api.w.org\/{rel}","templated":true}]}}