{"id":6228,"date":"2024-05-31T10:31:40","date_gmt":"2024-05-31T10:31:40","guid":{"rendered":"https:\/\/www.metron-ks.com\/?post_type=product&#038;p=6228"},"modified":"2024-12-10T14:09:17","modified_gmt":"2024-12-10T14:09:17","slug":"6228","status":"publish","type":"product","link":"https:\/\/www.metron-ks.com\/?product=6228","title":{"rendered":"Tastier\u00eb Gaming White Shark Mekanike, WIFI, Kaiken"},"content":{"rendered":"<p>Zhyt veten n\u00eb p\u00ebrsosm\u00ebrin\u00eb e loj\u00ebrave me tastier\u00ebn Wifi White Shark Premium Line KAIKEN. Me taste mekanike t\u00eb kuq,anti-ghosting dhe ndri\u00e7im RGB, ai ofron kontroll t\u00eb sakt\u00eb dhe estetik\u00eb t\u00eb gjall\u00eb. Kompakt por i fuqish\u00ebm, \u00ebsht\u00eb shoq\u00ebruesi juaj i fundit i loj\u00ebrave.<\/p>\n<p>Numri i tasteve: 63\/64<br \/>\nParaqitja e tastit: Kompakt<br \/>\nLloji i tastit: Mekanik &#8211; I kuq<br \/>\nJet\u00ebgjat\u00ebsia: Presionet mbi 50 M<br \/>\nAnti-Ghosting: Po \/ Anti-ghosting i plot\u00eb<br \/>\nNdri\u00e7im: RGB (22 efekte t\u00eb ndryshme)<br \/>\nNgjyra: E zez\u00eb<br \/>\nMateriali: Plastike<br \/>\nInterface: Lloji C &#8211; USB 2.0 (i shk\u00ebputsh\u00ebm), BT, 2.4 GHz<br \/>\nK\u00ebmb\u00ebt shtes\u00eb p\u00ebr t\u00eb ngritur tastier\u00ebn: Po<br \/>\nGjat\u00ebsia e kabllit (m): 1,5<br \/>\nKabllo me g\u00ebrsheta: Po<br \/>\nDimensionet (mm): 291x102x40<br \/>\nPesha (g): 417<\/p>\n","protected":false},"excerpt":{"rendered":"<p>GK-003111<br \/>\nKAIKEN<\/p>\n","protected":false},"featured_media":6229,"comment_status":"open","ping_status":"closed","template":"","meta":[],"product_brand":[],"product_cat":[118,116,117],"product_tag":[],"class_list":{"0":"post-6228","1":"product","2":"type-product","3":"status-publish","4":"has-post-thumbnail","6":"product_cat-aksesore","7":"product_cat-gaming","8":"product_cat-tastiere-gaming","10":"first","11":"instock","12":"shipping-taxable","13":"purchasable","14":"product-type-simple"},"_links":{"self":[{"href":"https:\/\/www.metron-ks.com\/index.php?rest_route=\/wp\/v2\/product\/6228","targetHints":{"allow":["GET"]}}],"collection":[{"href":"https:\/\/www.metron-ks.com\/index.php?rest_route=\/wp\/v2\/product"}],"about":[{"href":"https:\/\/www.metron-ks.com\/index.php?rest_route=\/wp\/v2\/types\/product"}],"replies":[{"embeddable":true,"href":"https:\/\/www.metron-ks.com\/index.php?rest_route=%2Fwp%2Fv2%2Fcomments&post=6228"}],"wp:featuredmedia":[{"embeddable":true,"href":"https:\/\/www.metron-ks.com\/index.php?rest_route=\/wp\/v2\/media\/6229"}],"wp:attachment":[{"href":"https:\/\/www.metron-ks.com\/index.php?rest_route=%2Fwp%2Fv2%2Fmedia&parent=6228"}],"wp:term":[{"taxonomy":"product_brand","embeddable":true,"href":"https:\/\/www.metron-ks.com\/index.php?rest_route=%2Fwp%2Fv2%2Fproduct_brand&post=6228"},{"taxonomy":"product_cat","embeddable":true,"href":"https:\/\/www.metron-ks.com\/index.php?rest_route=%2Fwp%2Fv2%2Fproduct_cat&post=6228"},{"taxonomy":"product_tag","embeddable":true,"href":"https:\/\/www.metron-ks.com\/index.php?rest_route=%2Fwp%2Fv2%2Fproduct_tag&post=6228"}],"curies":[{"name":"wp","href":"https:\/\/api.w.org\/{rel}","templated":true}]}}