{"id":625,"date":"2023-03-06T22:22:05","date_gmt":"2023-03-06T22:22:05","guid":{"rendered":"https:\/\/www.metron-ks.com\/product\/karte-e-memories-sandisk-microsdxc-200gb-me-adapter\/"},"modified":"2025-01-20T14:37:32","modified_gmt":"2025-01-20T14:37:32","slug":"karte-e-memories-sandisk-microsdxc-200gb-me-adapter","status":"publish","type":"product","link":"https:\/\/www.metron-ks.com\/?product=karte-e-memories-sandisk-microsdxc-200gb-me-adapter","title":{"rendered":"Kart\u00eb e memories SanDisk, microSDXC, 200GB, me adapter"},"content":{"rendered":"<div id=\"description\" class=\"tab-pane fade show active\" style=\"box-sizing: border-box; text-rendering: optimizelegibility; -webkit-font-smoothing: antialiased; color: #606975; font-family: 'Maven Pro', Helvetica, Arial, sans-serif;\" role=\"tabpanel\">\n<div style=\"box-sizing: border-box; text-rendering: optimizelegibility; -webkit-font-smoothing: antialiased;\">\n<p style=\"box-sizing: border-box; margin-right: 0px; margin-bottom: 16px; margin-left: 0px; text-rendering: optimizelegibility; -webkit-font-smoothing: antialiased;\">Shpejt\u00ebsi transferimi deri n\u00eb 100\u00a0MB \/ s.<br style=\"box-sizing: border-box; text-rendering: optimizelegibility; -webkit-font-smoothing: antialiased;\" \/><br style=\"box-sizing: border-box; text-rendering: optimizelegibility; -webkit-font-smoothing: antialiased;\" \/>Ideale p\u00ebr celular t<span style=\"color: #606975; font-family: 'Maven Pro', Helvetica, Arial, sans-serif;\">\u00eb men\u00e7ur<\/span>, tablet\u00eb dhe kamera premium t\u00eb bazuar n\u00eb Android.<\/p>\n<p style=\"box-sizing: border-box; margin-right: 0px; margin-bottom: 16px; margin-left: 0px; text-rendering: optimizelegibility; -webkit-font-smoothing: antialiased;\">Me kart\u00ebn e memories SanDisk microSD, 200GB, ju do t\u00eb keni hap\u00ebsir\u00eb t\u00eb mjaftueshme\u00a0t\u00eb shtuar, p\u00ebr t\u00eb ruajtur foto, video HD dhe muzik\u00eb n\u00eb celularin ose tabletin tuaj.<\/p>\n<p style=\"box-sizing: border-box; margin-right: 0px; margin-bottom: 16px; margin-left: 0px; text-rendering: optimizelegibility; -webkit-font-smoothing: antialiased;\">P\u00ebr t\u00eb transferuar dhe shk\u00ebmbyer t\u00eb dh\u00ebna mund t\u00eb p\u00ebrdorni kart\u00ebn me \u00e7do pajisje q\u00eb ka nj\u00eb slot t\u00eb kart\u00ebs micro SD.<\/p>\n<p style=\"box-sizing: border-box; margin-right: 0px; margin-bottom: 0px; margin-left: 0px; text-rendering: optimizelegibility; -webkit-font-smoothing: antialiased;\">Ajo vjen me nj\u00eb p\u00ebrshtat\u00ebs p\u00ebr t\u00eb kthyer kart\u00ebn microSD n\u00eb nj\u00eb kart\u00eb SD me madh\u00ebsi standarde p\u00ebr t&#8217;ju dh\u00ebn\u00eb mund\u00ebsin\u00eb p\u00ebr ta p\u00ebrdorur at\u00eb edhe n\u00eb pajisje t\u00eb tjera t\u00eb pajtueshme.<\/p>\n<div><\/div>\n<\/div>\n<\/div>\n","protected":false},"excerpt":{"rendered":"<p>Kart\u00eb e memories SanDisk, microSDXC, 200GB, me adapter<\/p>\n","protected":false},"featured_media":2978,"comment_status":"closed","ping_status":"closed","template":"","meta":[],"product_brand":[],"product_cat":[34],"product_tag":[],"class_list":{"0":"post-625","1":"product","2":"type-product","3":"status-publish","4":"has-post-thumbnail","6":"product_cat-usb","8":"first","9":"instock","10":"shipping-taxable","11":"purchasable","12":"product-type-simple"},"_links":{"self":[{"href":"https:\/\/www.metron-ks.com\/index.php?rest_route=\/wp\/v2\/product\/625","targetHints":{"allow":["GET"]}}],"collection":[{"href":"https:\/\/www.metron-ks.com\/index.php?rest_route=\/wp\/v2\/product"}],"about":[{"href":"https:\/\/www.metron-ks.com\/index.php?rest_route=\/wp\/v2\/types\/product"}],"replies":[{"embeddable":true,"href":"https:\/\/www.metron-ks.com\/index.php?rest_route=%2Fwp%2Fv2%2Fcomments&post=625"}],"wp:featuredmedia":[{"embeddable":true,"href":"https:\/\/www.metron-ks.com\/index.php?rest_route=\/wp\/v2\/media\/2978"}],"wp:attachment":[{"href":"https:\/\/www.metron-ks.com\/index.php?rest_route=%2Fwp%2Fv2%2Fmedia&parent=625"}],"wp:term":[{"taxonomy":"product_brand","embeddable":true,"href":"https:\/\/www.metron-ks.com\/index.php?rest_route=%2Fwp%2Fv2%2Fproduct_brand&post=625"},{"taxonomy":"product_cat","embeddable":true,"href":"https:\/\/www.metron-ks.com\/index.php?rest_route=%2Fwp%2Fv2%2Fproduct_cat&post=625"},{"taxonomy":"product_tag","embeddable":true,"href":"https:\/\/www.metron-ks.com\/index.php?rest_route=%2Fwp%2Fv2%2Fproduct_tag&post=625"}],"curies":[{"name":"wp","href":"https:\/\/api.w.org\/{rel}","templated":true}]}}