{"id":6272,"date":"2024-06-14T12:38:47","date_gmt":"2024-06-14T12:38:47","guid":{"rendered":"https:\/\/www.metron-ks.com\/?post_type=product&#038;p=6272"},"modified":"2024-12-20T11:06:00","modified_gmt":"2024-12-20T11:06:00","slug":"karikues-swissten-gan-1x-usb-c-20w-pd-i-bardhe","status":"publish","type":"product","link":"https:\/\/www.metron-ks.com\/?product=karikues-swissten-gan-1x-usb-c-20w-pd-i-bardhe","title":{"rendered":"Karikues SWISSTEN GaN, 1x USB-C 20W PD, I bardh\u00eb"},"content":{"rendered":"<p>Me karikuesin ton\u00eb Swissten GaN, nuk do t&#8217;ju duhet m\u00eb t\u00eb prisni disa or\u00eb p\u00ebr t\u00eb rimbushur telefonin, tabletin ose pajisje tjet\u00ebr. Fal\u00eb karikimit t\u00eb shpejt\u00eb t\u00eb shp\u00ebrndarjes s\u00eb energjis\u00eb, do t\u00eb kurseni shum\u00eb koh\u00eb.<\/p>\n<p><strong>Teknologjia GaN<\/strong><\/p>\n<p>Teknologjia e p\u00ebrdorur n\u00eb karikues \u00ebsht\u00eb e shk\u00eblqyeshme n\u00eb at\u00eb q\u00eb komponent\u00ebt e karikuesit nuk nxehen.\u00a0Nj\u00eb p\u00ebrb\u00ebr\u00ebs i quajtur nitrid galium, mbi t\u00eb cilin bazohet kjo teknologji, rrit efikasitetin dhe efektivitetin e karikimit. Fal\u00eb k\u00ebsaj teknologjie, karikuesi \u00ebsht\u00eb shum\u00eb efikas dhe i sigurt n\u00eb t\u00eb nj\u00ebjt\u00ebn koh\u00eb.<\/p>\n<p>Mbrojtje ndaj qarqeve t\u00eb shkurtra, mbitensioneve, mbingarkimit dhe temperaturave t\u00eb larta<\/p>\n<p>P\u00ebrmasat e vogla: 36 x 36 x 36 mm<\/p>\n<p>Teknologjia GaN<\/p>\n<p>Karikim efikas pa mbinxehje<\/p>\n<p><strong>Specifikimet<\/strong><br \/>\nHyrjet: 100 &#8211; 240V AC 0.5A &#8211; 50\/60Hz<br \/>\nUSB-C: 5V DC 3A, 9V DC 2,22A, 12V DC 1,67A, 20W max<br \/>\nPPS1: 3,3-5,9 V DC 3A, 17,7 W Max<br \/>\nPPS2: 3,3-11V DC 1,8 A, 19,8W Maks<\/p>\n","protected":false},"excerpt":{"rendered":"<p>22070100<\/p>\n","protected":false},"featured_media":6273,"comment_status":"open","ping_status":"closed","template":"","meta":[],"product_brand":[],"product_cat":[118,113,115],"product_tag":[],"class_list":{"0":"post-6272","1":"product","2":"type-product","3":"status-publish","4":"has-post-thumbnail","6":"product_cat-aksesore","7":"product_cat-celulartabletnavigim","8":"product_cat-karikues-celulartabletnavigim","10":"first","11":"instock","12":"shipping-taxable","13":"purchasable","14":"product-type-simple"},"_links":{"self":[{"href":"https:\/\/www.metron-ks.com\/index.php?rest_route=\/wp\/v2\/product\/6272","targetHints":{"allow":["GET"]}}],"collection":[{"href":"https:\/\/www.metron-ks.com\/index.php?rest_route=\/wp\/v2\/product"}],"about":[{"href":"https:\/\/www.metron-ks.com\/index.php?rest_route=\/wp\/v2\/types\/product"}],"replies":[{"embeddable":true,"href":"https:\/\/www.metron-ks.com\/index.php?rest_route=%2Fwp%2Fv2%2Fcomments&post=6272"}],"wp:featuredmedia":[{"embeddable":true,"href":"https:\/\/www.metron-ks.com\/index.php?rest_route=\/wp\/v2\/media\/6273"}],"wp:attachment":[{"href":"https:\/\/www.metron-ks.com\/index.php?rest_route=%2Fwp%2Fv2%2Fmedia&parent=6272"}],"wp:term":[{"taxonomy":"product_brand","embeddable":true,"href":"https:\/\/www.metron-ks.com\/index.php?rest_route=%2Fwp%2Fv2%2Fproduct_brand&post=6272"},{"taxonomy":"product_cat","embeddable":true,"href":"https:\/\/www.metron-ks.com\/index.php?rest_route=%2Fwp%2Fv2%2Fproduct_cat&post=6272"},{"taxonomy":"product_tag","embeddable":true,"href":"https:\/\/www.metron-ks.com\/index.php?rest_route=%2Fwp%2Fv2%2Fproduct_tag&post=6272"}],"curies":[{"name":"wp","href":"https:\/\/api.w.org\/{rel}","templated":true}]}}