{"id":6311,"date":"2024-07-03T10:20:58","date_gmt":"2024-07-03T10:20:58","guid":{"rendered":"https:\/\/www.metron-ks.com\/?post_type=product&#038;p=6311"},"modified":"2024-12-20T09:03:01","modified_gmt":"2024-12-20T09:03:01","slug":"ventilator-freskues-elit-fr-16hc-60w-40cm","status":"publish","type":"product","link":"https:\/\/www.metron-ks.com\/?product=ventilator-freskues-elit-fr-16hc-60w-40cm","title":{"rendered":"Ventilator freskues Elit FR-16HC, 60W, 40cm"},"content":{"rendered":"<p>Ventilator\u00a016\u201d (40 cm).<br \/>\nFuqia: 60 W<br \/>\n5 tehe<br \/>\nBaza e rrumbullak\u00ebt<br \/>\nNumri i rrotullimeve: 1150 rpm<br \/>\n3 shpejt\u00ebsi: e ul\u00ebt \/ e mesme \/ e lart\u00eb<br \/>\n3 m\u00ebnyra t\u00eb ventilatorit<br \/>\nTimer 7.5 or\u00eb<br \/>\nEkran LED, me telekomand\u00eb<br \/>\nLart\u00ebsia e rregullueshme, maksimumi 1.3 m<br \/>\nLevizje horizontale me k\u00ebnd t\u00eb gjer\u00eb<br \/>\nK\u00ebndi i\u00a0animit\u00a0i rregulluesh\u00ebm<\/p>\n","protected":false},"excerpt":{"rendered":"<p>FR-16HC<\/p>\n","protected":false},"featured_media":6312,"comment_status":"open","ping_status":"closed","template":"","meta":[],"product_brand":[],"product_cat":[118,207,136],"product_tag":[],"class_list":{"0":"post-6311","1":"product","2":"type-product","3":"status-publish","4":"has-post-thumbnail","6":"product_cat-aksesore","7":"product_cat-fladitese","8":"product_cat-pajisje-shtepiake","10":"first","11":"instock","12":"shipping-taxable","13":"purchasable","14":"product-type-simple"},"_links":{"self":[{"href":"https:\/\/www.metron-ks.com\/index.php?rest_route=\/wp\/v2\/product\/6311","targetHints":{"allow":["GET"]}}],"collection":[{"href":"https:\/\/www.metron-ks.com\/index.php?rest_route=\/wp\/v2\/product"}],"about":[{"href":"https:\/\/www.metron-ks.com\/index.php?rest_route=\/wp\/v2\/types\/product"}],"replies":[{"embeddable":true,"href":"https:\/\/www.metron-ks.com\/index.php?rest_route=%2Fwp%2Fv2%2Fcomments&post=6311"}],"wp:featuredmedia":[{"embeddable":true,"href":"https:\/\/www.metron-ks.com\/index.php?rest_route=\/wp\/v2\/media\/6312"}],"wp:attachment":[{"href":"https:\/\/www.metron-ks.com\/index.php?rest_route=%2Fwp%2Fv2%2Fmedia&parent=6311"}],"wp:term":[{"taxonomy":"product_brand","embeddable":true,"href":"https:\/\/www.metron-ks.com\/index.php?rest_route=%2Fwp%2Fv2%2Fproduct_brand&post=6311"},{"taxonomy":"product_cat","embeddable":true,"href":"https:\/\/www.metron-ks.com\/index.php?rest_route=%2Fwp%2Fv2%2Fproduct_cat&post=6311"},{"taxonomy":"product_tag","embeddable":true,"href":"https:\/\/www.metron-ks.com\/index.php?rest_route=%2Fwp%2Fv2%2Fproduct_tag&post=6311"}],"curies":[{"name":"wp","href":"https:\/\/api.w.org\/{rel}","templated":true}]}}