{"id":6321,"date":"2024-07-03T10:50:44","date_gmt":"2024-07-03T10:50:44","guid":{"rendered":"https:\/\/www.metron-ks.com\/?post_type=product&#038;p=6321"},"modified":"2024-12-20T09:00:30","modified_gmt":"2024-12-20T09:00:30","slug":"freskuese-elit-btf-20","status":"publish","type":"product","link":"https:\/\/www.metron-ks.com\/?product=freskuese-elit-btf-20","title":{"rendered":"Freskuese Elit BTF-20"},"content":{"rendered":"<p>Fuqia: 50 W<br \/>\nTensioni: 220-240V ~\u00a050 \/ 60Hz<br \/>\nTelekomand\u00eb<br \/>\nTimer 15 or\u00eb<br \/>\nFunksioni ION<br \/>\nLevizje automatike deri n\u00eb 70\u00b0<br \/>\nEkran LED<br \/>\nPaneli i sip\u00ebrm i kontrollit i ndjesh\u00ebm ndaj prekjes<br \/>\nFunksioni i fikjes s\u00eb drit\u00ebs<br \/>\nShfaqja e temperatur\u00ebs s\u00eb dhom\u00ebs<br \/>\n3 shpejt\u00ebsi ventilatori: e lart\u00eb, e mesme, e ul\u00ebt<br \/>\n3 m\u00ebnyra ajrimi: normal, natyral, Sleep mode<br \/>\nP\u00ebrmasat: 955 x 320 x 320 mm<br \/>\nPesha: 5.51 kg<\/p>\n","protected":false},"excerpt":{"rendered":"<p>BTF-20<\/p>\n","protected":false},"featured_media":6322,"comment_status":"open","ping_status":"closed","template":"","meta":[],"product_brand":[],"product_cat":[118,207,136],"product_tag":[],"class_list":{"0":"post-6321","1":"product","2":"type-product","3":"status-publish","4":"has-post-thumbnail","6":"product_cat-aksesore","7":"product_cat-fladitese","8":"product_cat-pajisje-shtepiake","10":"first","11":"instock","12":"shipping-taxable","13":"purchasable","14":"product-type-simple"},"_links":{"self":[{"href":"https:\/\/www.metron-ks.com\/index.php?rest_route=\/wp\/v2\/product\/6321","targetHints":{"allow":["GET"]}}],"collection":[{"href":"https:\/\/www.metron-ks.com\/index.php?rest_route=\/wp\/v2\/product"}],"about":[{"href":"https:\/\/www.metron-ks.com\/index.php?rest_route=\/wp\/v2\/types\/product"}],"replies":[{"embeddable":true,"href":"https:\/\/www.metron-ks.com\/index.php?rest_route=%2Fwp%2Fv2%2Fcomments&post=6321"}],"wp:featuredmedia":[{"embeddable":true,"href":"https:\/\/www.metron-ks.com\/index.php?rest_route=\/wp\/v2\/media\/6322"}],"wp:attachment":[{"href":"https:\/\/www.metron-ks.com\/index.php?rest_route=%2Fwp%2Fv2%2Fmedia&parent=6321"}],"wp:term":[{"taxonomy":"product_brand","embeddable":true,"href":"https:\/\/www.metron-ks.com\/index.php?rest_route=%2Fwp%2Fv2%2Fproduct_brand&post=6321"},{"taxonomy":"product_cat","embeddable":true,"href":"https:\/\/www.metron-ks.com\/index.php?rest_route=%2Fwp%2Fv2%2Fproduct_cat&post=6321"},{"taxonomy":"product_tag","embeddable":true,"href":"https:\/\/www.metron-ks.com\/index.php?rest_route=%2Fwp%2Fv2%2Fproduct_tag&post=6321"}],"curies":[{"name":"wp","href":"https:\/\/api.w.org\/{rel}","templated":true}]}}