{"id":6468,"date":"2024-07-16T10:37:42","date_gmt":"2024-07-16T10:37:42","guid":{"rendered":"https:\/\/www.metron-ks.com\/?post_type=product&#038;p=6468"},"modified":"2024-12-19T11:54:24","modified_gmt":"2024-12-19T11:54:24","slug":"kufje-gaming-wireless-white-shark-butterfly-te-zeza","status":"publish","type":"product","link":"https:\/\/www.metron-ks.com\/?product=kufje-gaming-wireless-white-shark-butterfly-te-zeza","title":{"rendered":"Kufje Gaming Wireless White Shark Butterfly, t\u00eb zeza"},"content":{"rendered":"<p>Lloji i kufjeve: Kufje lojrash me val\u00eb<br \/>\nGama e frekuenc\u00ebs (Hz): 20 &#8211; 20000<br \/>\nRezistenca e kufjeve (Ohm): 32 +\/- 15%<br \/>\nNdjeshm\u00ebria e kufjeve (dB): 103 +\/- 3<br \/>\nMadh\u00ebsia e altoparlantit (mm): 40<br \/>\nDimensionet e mikrofonit (mm): 6&#215;5<br \/>\nImpedanca e mikrofonit (Ohm): &lt;=2200<br \/>\nNdjeshm\u00ebria e mikrofonit (dB): -42 +\/- 3<br \/>\nOrientimi: I gjith\u00ebdrejtues<br \/>\nNd\u00ebrfaqja: Wireless, BT<br \/>\nGjat\u00ebsia e kabllit (m): 1<br \/>\nKabllo me g\u00ebrsheta: N<br \/>\nKontrolli i volumit: N\u00eb kufje<br \/>\nButoni i heshtur: Po<br \/>\nMikrofoni: Po (i shk\u00ebputsh\u00ebm)<br \/>\nMateriali: plastik\u00eb, tekstil<br \/>\nNgjyra: E zez\u00eb<br \/>\nDimensionet (mm): 190x73x193<br \/>\nPesha (g): 175<br \/>\nNdri\u00e7imi: Jo<br \/>\nT\u00eb tjera: \u00c7el\u00ebsi ON\/OFF p\u00ebr mikrofonin, \u00e7el\u00ebsi ON\/OFF p\u00ebr kufjet, kontrolli i volumit<br \/>\nP\u00ebrputhshm\u00ebria: PC, PS4\/5, XBOX, MAC<br \/>\nSend feedback<\/p>\n","protected":false},"excerpt":{"rendered":"<p>GH-2442<\/p>\n","protected":false},"featured_media":6469,"comment_status":"open","ping_status":"closed","template":"","meta":[],"product_brand":[],"product_cat":[118,116,131],"product_tag":[],"class_list":{"0":"post-6468","1":"product","2":"type-product","3":"status-publish","4":"has-post-thumbnail","6":"product_cat-aksesore","7":"product_cat-gaming","8":"product_cat-kufje-gaming","10":"first","11":"instock","12":"shipping-taxable","13":"purchasable","14":"product-type-simple"},"_links":{"self":[{"href":"https:\/\/www.metron-ks.com\/index.php?rest_route=\/wp\/v2\/product\/6468","targetHints":{"allow":["GET"]}}],"collection":[{"href":"https:\/\/www.metron-ks.com\/index.php?rest_route=\/wp\/v2\/product"}],"about":[{"href":"https:\/\/www.metron-ks.com\/index.php?rest_route=\/wp\/v2\/types\/product"}],"replies":[{"embeddable":true,"href":"https:\/\/www.metron-ks.com\/index.php?rest_route=%2Fwp%2Fv2%2Fcomments&post=6468"}],"wp:featuredmedia":[{"embeddable":true,"href":"https:\/\/www.metron-ks.com\/index.php?rest_route=\/wp\/v2\/media\/6469"}],"wp:attachment":[{"href":"https:\/\/www.metron-ks.com\/index.php?rest_route=%2Fwp%2Fv2%2Fmedia&parent=6468"}],"wp:term":[{"taxonomy":"product_brand","embeddable":true,"href":"https:\/\/www.metron-ks.com\/index.php?rest_route=%2Fwp%2Fv2%2Fproduct_brand&post=6468"},{"taxonomy":"product_cat","embeddable":true,"href":"https:\/\/www.metron-ks.com\/index.php?rest_route=%2Fwp%2Fv2%2Fproduct_cat&post=6468"},{"taxonomy":"product_tag","embeddable":true,"href":"https:\/\/www.metron-ks.com\/index.php?rest_route=%2Fwp%2Fv2%2Fproduct_tag&post=6468"}],"curies":[{"name":"wp","href":"https:\/\/api.w.org\/{rel}","templated":true}]}}