{"id":6483,"date":"2024-07-16T10:44:01","date_gmt":"2024-07-16T10:44:01","guid":{"rendered":"https:\/\/www.metron-ks.com\/?post_type=product&#038;p=6483"},"modified":"2024-12-19T11:52:13","modified_gmt":"2024-12-19T11:52:13","slug":"ps5-mbajtese-ftohes-karikues-white-shark-kimura-2-e-bardhe","status":"publish","type":"product","link":"https:\/\/www.metron-ks.com\/?product=ps5-mbajtese-ftohes-karikues-white-shark-kimura-2-e-bardhe","title":{"rendered":"PS5 mbajt\u00ebse &#038; ftoh\u00ebs &#038; karikues White Shark Kimura 2, e bardh\u00eb"},"content":{"rendered":"<p>Lloji: Ftoh\u00ebs\/mbajtese\/karikues shum\u00ebfunksional<br \/>\nNgjyra: Bardh\u00eb\/Gri<br \/>\nShpejt\u00ebsia e ventilatorit (RPM): 4500 \/ 4700 \/ 5000 (+\/- 200)<br \/>\nKoha e karikimit (h): 3-4<br \/>\nTensioni i hyrjes (V): 5 DC \/ 3 A; 5.1 DC \/ 600 mA x2 -porti i karikimit<br \/>\nP\u00ebrputhshm\u00ebria: PS5 &#8211; Dixhitale dhe me disk optik \/ version slim<br \/>\nMateriali: Plastike<br \/>\nInterface: 1 x USB A (dalje), Type-C (hyrje)<br \/>\nGjat\u00ebsia e kabllit (m): 0,23<br \/>\nDimensionet (mm): 320x210x28<br \/>\nPesha (g): 560<br \/>\nT\u00eb tjera: 15 slota p\u00ebr loj\u00ebra\/kuti<\/p>\n","protected":false},"excerpt":{"rendered":"<p>DZ504 KIMURA-2<\/p>\n","protected":false},"featured_media":6484,"comment_status":"open","ping_status":"closed","template":"","meta":[],"product_brand":[],"product_cat":[118,116,125],"product_tag":[],"class_list":{"0":"post-6483","1":"product","2":"type-product","3":"status-publish","4":"has-post-thumbnail","6":"product_cat-aksesore","7":"product_cat-gaming","8":"product_cat-sete","10":"first","11":"instock","12":"shipping-taxable","13":"purchasable","14":"product-type-simple"},"_links":{"self":[{"href":"https:\/\/www.metron-ks.com\/index.php?rest_route=\/wp\/v2\/product\/6483","targetHints":{"allow":["GET"]}}],"collection":[{"href":"https:\/\/www.metron-ks.com\/index.php?rest_route=\/wp\/v2\/product"}],"about":[{"href":"https:\/\/www.metron-ks.com\/index.php?rest_route=\/wp\/v2\/types\/product"}],"replies":[{"embeddable":true,"href":"https:\/\/www.metron-ks.com\/index.php?rest_route=%2Fwp%2Fv2%2Fcomments&post=6483"}],"wp:featuredmedia":[{"embeddable":true,"href":"https:\/\/www.metron-ks.com\/index.php?rest_route=\/wp\/v2\/media\/6484"}],"wp:attachment":[{"href":"https:\/\/www.metron-ks.com\/index.php?rest_route=%2Fwp%2Fv2%2Fmedia&parent=6483"}],"wp:term":[{"taxonomy":"product_brand","embeddable":true,"href":"https:\/\/www.metron-ks.com\/index.php?rest_route=%2Fwp%2Fv2%2Fproduct_brand&post=6483"},{"taxonomy":"product_cat","embeddable":true,"href":"https:\/\/www.metron-ks.com\/index.php?rest_route=%2Fwp%2Fv2%2Fproduct_cat&post=6483"},{"taxonomy":"product_tag","embeddable":true,"href":"https:\/\/www.metron-ks.com\/index.php?rest_route=%2Fwp%2Fv2%2Fproduct_tag&post=6483"}],"curies":[{"name":"wp","href":"https:\/\/api.w.org\/{rel}","templated":true}]}}