{"id":6501,"date":"2024-07-29T13:47:24","date_gmt":"2024-07-29T13:47:24","guid":{"rendered":"https:\/\/www.metron-ks.com\/?post_type=product&#038;p=6501"},"modified":"2024-12-19T11:50:26","modified_gmt":"2024-12-19T11:50:26","slug":"mbeshtjelles-per-samsung-galaxy-z-fold-6-transparent","status":"publish","type":"product","link":"https:\/\/www.metron-ks.com\/?product=mbeshtjelles-per-samsung-galaxy-z-fold-6-transparent","title":{"rendered":"Mb\u00ebshtjell\u00ebs p\u00ebr Samsung Galaxy Z Fold 6, Transparent"},"content":{"rendered":"<p>Tregoni ngjyr\u00ebn tuaj<br \/>\nSlim Clear Case ndihmon n\u00eb mbrojtjen e telefonit tuaj duke e mbajtur t\u00eb qart\u00eb p\u00ebr t\u00eb gjith\u00eb ngjyr\u00ebn e v\u00ebrtet\u00eb dhe dizajnin elegant t\u00eb Galaxy Z Fold6.<\/p>\n","protected":false},"excerpt":{"rendered":"<p>GP-FFF956YCATW<\/p>\n","protected":false},"featured_media":6502,"comment_status":"open","ping_status":"closed","template":"","meta":[],"product_brand":[],"product_cat":[118,113,56],"product_tag":[],"class_list":{"0":"post-6501","1":"product","2":"type-product","3":"status-publish","4":"has-post-thumbnail","6":"product_cat-aksesore","7":"product_cat-celulartabletnavigim","8":"product_cat-mbeshtjelles","10":"first","11":"instock","12":"shipping-taxable","13":"purchasable","14":"product-type-simple"},"_links":{"self":[{"href":"https:\/\/www.metron-ks.com\/index.php?rest_route=\/wp\/v2\/product\/6501","targetHints":{"allow":["GET"]}}],"collection":[{"href":"https:\/\/www.metron-ks.com\/index.php?rest_route=\/wp\/v2\/product"}],"about":[{"href":"https:\/\/www.metron-ks.com\/index.php?rest_route=\/wp\/v2\/types\/product"}],"replies":[{"embeddable":true,"href":"https:\/\/www.metron-ks.com\/index.php?rest_route=%2Fwp%2Fv2%2Fcomments&post=6501"}],"wp:featuredmedia":[{"embeddable":true,"href":"https:\/\/www.metron-ks.com\/index.php?rest_route=\/wp\/v2\/media\/6502"}],"wp:attachment":[{"href":"https:\/\/www.metron-ks.com\/index.php?rest_route=%2Fwp%2Fv2%2Fmedia&parent=6501"}],"wp:term":[{"taxonomy":"product_brand","embeddable":true,"href":"https:\/\/www.metron-ks.com\/index.php?rest_route=%2Fwp%2Fv2%2Fproduct_brand&post=6501"},{"taxonomy":"product_cat","embeddable":true,"href":"https:\/\/www.metron-ks.com\/index.php?rest_route=%2Fwp%2Fv2%2Fproduct_cat&post=6501"},{"taxonomy":"product_tag","embeddable":true,"href":"https:\/\/www.metron-ks.com\/index.php?rest_route=%2Fwp%2Fv2%2Fproduct_tag&post=6501"}],"curies":[{"name":"wp","href":"https:\/\/api.w.org\/{rel}","templated":true}]}}