{"id":6511,"date":"2024-08-02T07:48:42","date_gmt":"2024-08-02T07:48:42","guid":{"rendered":"https:\/\/www.metron-ks.com\/?post_type=product&#038;p=6511"},"modified":"2024-12-10T14:03:17","modified_gmt":"2024-12-10T14:03:17","slug":"tastiere-mekanike-gaming-white-shark-wakizashi-roze","status":"publish","type":"product","link":"https:\/\/www.metron-ks.com\/?product=tastiere-mekanike-gaming-white-shark-wakizashi-roze","title":{"rendered":"Tastier\u00eb Gaming White Shark Mekanike, Wakizashi"},"content":{"rendered":"<p>Kompakt, por i fuqish\u00ebm, taste mekanik\u00eb ,63\/64 me taste blu p\u00ebr loj\u00ebra precize. Shijoni anti-ghosting me 26 taste dhe ndri\u00e7im RGB me 17 efekte. Me nj\u00eb interface t\u00eb ndashme t\u00eb tipit C dhe k\u00ebmb\u00eb shtes\u00eb ngrit\u00ebse, \u00ebsht\u00eb e gjithanshme dhe ergonomike.<\/p>\n<p>Numri i tasteve: 63\/64<br \/>\nLloji i \u00e7el\u00ebsit: Mekanik &#8211; (Blu)<br \/>\nAnti-Ghosting: Po \/ 26 taste<br \/>\nNgjyra: Roz\u00eb<br \/>\nInterface: Kabllo i ndash\u00ebm TYPE-C n\u00eb form\u00eb &#8220;L&#8221;.<br \/>\nGjat\u00ebsia e kabllit (m): 1,5<br \/>\nParaqitjet e disponueshme: US<br \/>\nPesha (g): 430<br \/>\nParaqitja kryesore: Kompakt<br \/>\nJet\u00ebgjat\u00ebsia: Mbi 50 M shtypje<br \/>\nNdri\u00e7imi: Efekti Rainbow \/ 17 efekte t\u00eb ndryshme<br \/>\nMateriali: Plastike<br \/>\nK\u00ebmb\u00eb shtes\u00eb n\u00eb ngritje: Po<br \/>\nDimensionet (mm): 292x105x35<\/p>\n","protected":false},"excerpt":{"rendered":"<p>GK-002421<\/p>\n","protected":false},"featured_media":6512,"comment_status":"open","ping_status":"closed","template":"","meta":[],"product_brand":[],"product_cat":[118,116,117],"product_tag":[],"class_list":{"0":"post-6511","1":"product","2":"type-product","3":"status-publish","4":"has-post-thumbnail","6":"product_cat-aksesore","7":"product_cat-gaming","8":"product_cat-tastiere-gaming","10":"first","11":"instock","12":"shipping-taxable","13":"purchasable","14":"product-type-simple"},"_links":{"self":[{"href":"https:\/\/www.metron-ks.com\/index.php?rest_route=\/wp\/v2\/product\/6511","targetHints":{"allow":["GET"]}}],"collection":[{"href":"https:\/\/www.metron-ks.com\/index.php?rest_route=\/wp\/v2\/product"}],"about":[{"href":"https:\/\/www.metron-ks.com\/index.php?rest_route=\/wp\/v2\/types\/product"}],"replies":[{"embeddable":true,"href":"https:\/\/www.metron-ks.com\/index.php?rest_route=%2Fwp%2Fv2%2Fcomments&post=6511"}],"wp:featuredmedia":[{"embeddable":true,"href":"https:\/\/www.metron-ks.com\/index.php?rest_route=\/wp\/v2\/media\/6512"}],"wp:attachment":[{"href":"https:\/\/www.metron-ks.com\/index.php?rest_route=%2Fwp%2Fv2%2Fmedia&parent=6511"}],"wp:term":[{"taxonomy":"product_brand","embeddable":true,"href":"https:\/\/www.metron-ks.com\/index.php?rest_route=%2Fwp%2Fv2%2Fproduct_brand&post=6511"},{"taxonomy":"product_cat","embeddable":true,"href":"https:\/\/www.metron-ks.com\/index.php?rest_route=%2Fwp%2Fv2%2Fproduct_cat&post=6511"},{"taxonomy":"product_tag","embeddable":true,"href":"https:\/\/www.metron-ks.com\/index.php?rest_route=%2Fwp%2Fv2%2Fproduct_tag&post=6511"}],"curies":[{"name":"wp","href":"https:\/\/api.w.org\/{rel}","templated":true}]}}