{"id":6525,"date":"2024-08-22T13:16:35","date_gmt":"2024-08-22T13:16:35","guid":{"rendered":"https:\/\/www.metron-ks.com\/?post_type=product&#038;p=6525"},"modified":"2024-12-19T11:44:01","modified_gmt":"2024-12-19T11:44:01","slug":"altoparlant-hama-bluetooth-tube-2-0-3w-i-zi","status":"publish","type":"product","link":"https:\/\/www.metron-ks.com\/?product=altoparlant-hama-bluetooth-tube-2-0-3w-i-zi","title":{"rendered":"Altoparlant Hama Bluetooth\u00ae &#8220;Tube 2.0&#8221;, 3W, i zi"},"content":{"rendered":"<p>Lidhja jack 3.5 mm \/ port mikro USB<br \/>\nHyrja e audios : 3,5 mm<br \/>\nMaks. distanca e punes 10 m<br \/>\nBluetooth<br \/>\nVersioni i Bluetooth 5.0<br \/>\nKapaciteti 600 mAh<br \/>\nTension 3.7 V<br \/>\nAudio mono<br \/>\nMaks. Performanca muzikore 3 W<br \/>\nProfilet e mb\u00ebshtetura Bluetooth A2DP V1.2, AVRCP V1.4, HFP V1.5<br \/>\nFunksionet ndihm\u00ebse Speakerphone, True Wireless<br \/>\nBateria : Bateri Li-Ion<br \/>\nKoha e karikimit n\u00eb or\u00eb 2 or\u00eb<br \/>\nJet\u00ebgjat\u00ebsia maksimale e bateris\u00eb 8 or\u00eb<br \/>\nGjer\u00ebsia 6.5 cm<br \/>\nPesha 226 g<br \/>\nLart\u00ebsia 13.5 cm<br \/>\nThell\u00ebsia 6.5 cm<\/p>\n","protected":false},"excerpt":{"rendered":"<p>188204<\/p>\n","protected":false},"featured_media":6526,"comment_status":"open","ping_status":"closed","template":"","meta":[],"product_brand":[],"product_cat":[118,22,158],"product_tag":[],"class_list":{"0":"post-6525","1":"product","2":"type-product","3":"status-publish","4":"has-post-thumbnail","6":"product_cat-aksesore","7":"product_cat-altoparlant-aksesore","8":"product_cat-pajisje-zerimi","10":"first","11":"instock","12":"shipping-taxable","13":"purchasable","14":"product-type-simple"},"_links":{"self":[{"href":"https:\/\/www.metron-ks.com\/index.php?rest_route=\/wp\/v2\/product\/6525","targetHints":{"allow":["GET"]}}],"collection":[{"href":"https:\/\/www.metron-ks.com\/index.php?rest_route=\/wp\/v2\/product"}],"about":[{"href":"https:\/\/www.metron-ks.com\/index.php?rest_route=\/wp\/v2\/types\/product"}],"replies":[{"embeddable":true,"href":"https:\/\/www.metron-ks.com\/index.php?rest_route=%2Fwp%2Fv2%2Fcomments&post=6525"}],"wp:featuredmedia":[{"embeddable":true,"href":"https:\/\/www.metron-ks.com\/index.php?rest_route=\/wp\/v2\/media\/6526"}],"wp:attachment":[{"href":"https:\/\/www.metron-ks.com\/index.php?rest_route=%2Fwp%2Fv2%2Fmedia&parent=6525"}],"wp:term":[{"taxonomy":"product_brand","embeddable":true,"href":"https:\/\/www.metron-ks.com\/index.php?rest_route=%2Fwp%2Fv2%2Fproduct_brand&post=6525"},{"taxonomy":"product_cat","embeddable":true,"href":"https:\/\/www.metron-ks.com\/index.php?rest_route=%2Fwp%2Fv2%2Fproduct_cat&post=6525"},{"taxonomy":"product_tag","embeddable":true,"href":"https:\/\/www.metron-ks.com\/index.php?rest_route=%2Fwp%2Fv2%2Fproduct_tag&post=6525"}],"curies":[{"name":"wp","href":"https:\/\/api.w.org\/{rel}","templated":true}]}}