{"id":6544,"date":"2024-08-27T06:55:41","date_gmt":"2024-08-27T06:55:41","guid":{"rendered":"https:\/\/www.metron-ks.com\/?post_type=product&#038;p=6544"},"modified":"2024-12-19T11:38:09","modified_gmt":"2024-12-19T11:38:09","slug":"mini-maus-wireless-hama-pesaro-2-4-antracit","status":"publish","type":"product","link":"https:\/\/www.metron-ks.com\/?product=mini-maus-wireless-hama-pesaro-2-4-antracit","title":{"rendered":"Mini Maus Wireless Hama &#8220;Pesaro 2.4&#8221;, Antracit"},"content":{"rendered":"<p>Jeta e bateris\u00eb (n\u00eb var\u00ebsi t\u00eb p\u00ebrdorimit) 36Dite<br \/>\nGama e DPI 1200<br \/>\nSistemet operative t\u00eb pajtueshme Mac OS 10.10 ose m\u00eb t\u00eb larta\/Windows 11\/10\/8\/7<br \/>\nDistanca e punes: 10m<br \/>\nGjer\u00ebsia x Lart\u00ebsia x Thell\u00ebsia 4.6&#215;7.9&#215;3.2cm<\/p>\n","protected":false},"excerpt":{"rendered":"<p>182654<\/p>\n","protected":false},"featured_media":6545,"comment_status":"open","ping_status":"closed","template":"","meta":[],"product_brand":[],"product_cat":[118,149,141],"product_tag":[],"class_list":{"0":"post-6544","1":"product","2":"type-product","3":"status-publish","4":"has-post-thumbnail","6":"product_cat-aksesore","7":"product_cat-mouse","8":"product_cat-pclaptop","10":"first","11":"instock","12":"shipping-taxable","13":"purchasable","14":"product-type-simple"},"_links":{"self":[{"href":"https:\/\/www.metron-ks.com\/index.php?rest_route=\/wp\/v2\/product\/6544","targetHints":{"allow":["GET"]}}],"collection":[{"href":"https:\/\/www.metron-ks.com\/index.php?rest_route=\/wp\/v2\/product"}],"about":[{"href":"https:\/\/www.metron-ks.com\/index.php?rest_route=\/wp\/v2\/types\/product"}],"replies":[{"embeddable":true,"href":"https:\/\/www.metron-ks.com\/index.php?rest_route=%2Fwp%2Fv2%2Fcomments&post=6544"}],"wp:featuredmedia":[{"embeddable":true,"href":"https:\/\/www.metron-ks.com\/index.php?rest_route=\/wp\/v2\/media\/6545"}],"wp:attachment":[{"href":"https:\/\/www.metron-ks.com\/index.php?rest_route=%2Fwp%2Fv2%2Fmedia&parent=6544"}],"wp:term":[{"taxonomy":"product_brand","embeddable":true,"href":"https:\/\/www.metron-ks.com\/index.php?rest_route=%2Fwp%2Fv2%2Fproduct_brand&post=6544"},{"taxonomy":"product_cat","embeddable":true,"href":"https:\/\/www.metron-ks.com\/index.php?rest_route=%2Fwp%2Fv2%2Fproduct_cat&post=6544"},{"taxonomy":"product_tag","embeddable":true,"href":"https:\/\/www.metron-ks.com\/index.php?rest_route=%2Fwp%2Fv2%2Fproduct_tag&post=6544"}],"curies":[{"name":"wp","href":"https:\/\/api.w.org\/{rel}","templated":true}]}}