{"id":6574,"date":"2024-08-30T14:15:28","date_gmt":"2024-08-30T14:15:28","guid":{"rendered":"https:\/\/www.metron-ks.com\/?post_type=product&#038;p=6574"},"modified":"2025-05-29T11:07:03","modified_gmt":"2025-05-29T11:07:03","slug":"rrip-per-samsung-galaxy-watch-ultra-marine","status":"publish","type":"product","link":"https:\/\/www.metron-ks.com\/?product=rrip-per-samsung-galaxy-watch-ultra-marine","title":{"rendered":"Rrip p\u00ebr Samsung Galaxy Watch Ultra, Marine"},"content":{"rendered":"<p>Galaxy Watch Ultra Marine Band ka nj\u00eb dizajn t\u00eb thjesht\u00eb q\u00eb b\u00ebhet leht\u00ebsisht pjes\u00eb e trupit t\u00eb or\u00ebs, duke garantuar nj\u00eb pamje elegante dhe p\u00ebrshtatje t\u00eb mir\u00eb me dor\u00ebn, ve\u00e7an\u00ebrisht gjat\u00eb aktiviteteve intensive. Nd\u00ebrrimi dhe personalizimi i rripave mund t\u00eb b\u00ebhet pa mundim me butonin me nj\u00eb klikim n\u00eb trupin e or\u00ebs, duke eliminuar hapat e nd\u00ebrlikuar.<\/p>\n","protected":false},"excerpt":{"rendered":"<p>ET-SNL70MWEGEU<\/p>\n","protected":false},"featured_media":6575,"comment_status":"open","ping_status":"closed","template":"","meta":[],"product_brand":[],"product_cat":[118,66,152,114],"product_tag":[],"class_list":{"0":"post-6574","1":"product","2":"type-product","3":"status-publish","4":"has-post-thumbnail","6":"product_cat-aksesore","7":"product_cat-oremates-aktiviteti","8":"product_cat-rripa","9":"product_cat-smart","11":"first","12":"instock","13":"shipping-taxable","14":"purchasable","15":"product-type-simple"},"_links":{"self":[{"href":"https:\/\/www.metron-ks.com\/index.php?rest_route=\/wp\/v2\/product\/6574","targetHints":{"allow":["GET"]}}],"collection":[{"href":"https:\/\/www.metron-ks.com\/index.php?rest_route=\/wp\/v2\/product"}],"about":[{"href":"https:\/\/www.metron-ks.com\/index.php?rest_route=\/wp\/v2\/types\/product"}],"replies":[{"embeddable":true,"href":"https:\/\/www.metron-ks.com\/index.php?rest_route=%2Fwp%2Fv2%2Fcomments&post=6574"}],"wp:featuredmedia":[{"embeddable":true,"href":"https:\/\/www.metron-ks.com\/index.php?rest_route=\/wp\/v2\/media\/6575"}],"wp:attachment":[{"href":"https:\/\/www.metron-ks.com\/index.php?rest_route=%2Fwp%2Fv2%2Fmedia&parent=6574"}],"wp:term":[{"taxonomy":"product_brand","embeddable":true,"href":"https:\/\/www.metron-ks.com\/index.php?rest_route=%2Fwp%2Fv2%2Fproduct_brand&post=6574"},{"taxonomy":"product_cat","embeddable":true,"href":"https:\/\/www.metron-ks.com\/index.php?rest_route=%2Fwp%2Fv2%2Fproduct_cat&post=6574"},{"taxonomy":"product_tag","embeddable":true,"href":"https:\/\/www.metron-ks.com\/index.php?rest_route=%2Fwp%2Fv2%2Fproduct_tag&post=6574"}],"curies":[{"name":"wp","href":"https:\/\/api.w.org\/{rel}","templated":true}]}}