{"id":6593,"date":"2024-09-11T13:24:08","date_gmt":"2024-09-11T13:24:08","guid":{"rendered":"https:\/\/www.metron-ks.com\/?post_type=product&#038;p=6593"},"modified":"2025-11-04T07:44:27","modified_gmt":"2025-11-04T07:44:27","slug":"kufje-hama-spirit-calypso-ii-bluetooth-te-palosshme-te-zeza","status":"publish","type":"product","link":"https:\/\/www.metron-ks.com\/?product=kufje-hama-spirit-calypso-ii-bluetooth-te-palosshme-te-zeza","title":{"rendered":"Kufje Hama &#8220;Spirit Calypso III&#8221; Bluetooth\u00ae, t\u00eb palosshme, 221779, t\u00eb zeza"},"content":{"rendered":"<p>Kufjet pa tela me p\u00ebrforcues shtes\u00eb t\u00eb basit<br \/>\nDeri n\u00eb 60 or\u00eb jet\u00ebgjat\u00ebsi baterie.<br \/>\nKontrolli multipoint ju lejon t\u00eb lidhni kufjet me dy pajisje Bluetooth nj\u00ebkoh\u00ebsisht.<br \/>\nShiriti i kok\u00ebs me mbushje<br \/>\nMb\u00ebshtet asistent\u00ebt zanor\u00eb Siri dhe Google Assistant.<br \/>\nMikrofoni i integruar<br \/>\nKarikimi i kufjeve n\u00ebp\u00ebrmjet kabllit USB-C<br \/>\nPesha: 180g<br \/>\nKoha maksimale e muzik\u00ebs: 60 or\u00eb<br \/>\nKoha maksimale e bised\u00ebs: 60 or\u00eb<br \/>\nKoha e karikimit : 2.5 or\u00eb<\/p>\n","protected":false},"excerpt":{"rendered":"<p>221779<\/p>\n","protected":false},"featured_media":6594,"comment_status":"closed","ping_status":"closed","template":"","meta":[],"product_brand":[],"product_cat":[118,44,167],"product_tag":[],"class_list":{"0":"post-6593","1":"product","2":"type-product","3":"status-publish","4":"has-post-thumbnail","6":"product_cat-aksesore","7":"product_cat-kufje","8":"product_cat-kufje-bluetooth","10":"first","11":"instock","12":"shipping-taxable","13":"purchasable","14":"product-type-simple"},"_links":{"self":[{"href":"https:\/\/www.metron-ks.com\/index.php?rest_route=\/wp\/v2\/product\/6593","targetHints":{"allow":["GET"]}}],"collection":[{"href":"https:\/\/www.metron-ks.com\/index.php?rest_route=\/wp\/v2\/product"}],"about":[{"href":"https:\/\/www.metron-ks.com\/index.php?rest_route=\/wp\/v2\/types\/product"}],"replies":[{"embeddable":true,"href":"https:\/\/www.metron-ks.com\/index.php?rest_route=%2Fwp%2Fv2%2Fcomments&post=6593"}],"wp:featuredmedia":[{"embeddable":true,"href":"https:\/\/www.metron-ks.com\/index.php?rest_route=\/wp\/v2\/media\/6594"}],"wp:attachment":[{"href":"https:\/\/www.metron-ks.com\/index.php?rest_route=%2Fwp%2Fv2%2Fmedia&parent=6593"}],"wp:term":[{"taxonomy":"product_brand","embeddable":true,"href":"https:\/\/www.metron-ks.com\/index.php?rest_route=%2Fwp%2Fv2%2Fproduct_brand&post=6593"},{"taxonomy":"product_cat","embeddable":true,"href":"https:\/\/www.metron-ks.com\/index.php?rest_route=%2Fwp%2Fv2%2Fproduct_cat&post=6593"},{"taxonomy":"product_tag","embeddable":true,"href":"https:\/\/www.metron-ks.com\/index.php?rest_route=%2Fwp%2Fv2%2Fproduct_tag&post=6593"}],"curies":[{"name":"wp","href":"https:\/\/api.w.org\/{rel}","templated":true}]}}