{"id":660,"date":"2023-03-06T22:22:20","date_gmt":"2023-03-06T22:22:20","guid":{"rendered":"https:\/\/www.metron-ks.com\/product\/konvertues-sbox-35mm-2-x-rca-m-f\/"},"modified":"2025-01-14T09:08:41","modified_gmt":"2025-01-14T09:08:41","slug":"konvertues-sbox-35mm-2-x-rca-m-f","status":"publish","type":"product","link":"https:\/\/www.metron-ks.com\/?product=konvertues-sbox-35mm-2-x-rca-m-f","title":{"rendered":"Konvertues SBOX, 3,5mm &#8211; 2 x RCA, M\/F"},"content":{"rendered":"<p><span style=\"color: #1c1c1c; font-family: Roboto, sans-serif; font-size: 13px; letter-spacing: -0.2px;\">Adapteri SBOX ju mund\u00ebson lidhjen e dy pajisjeve me RCA me nj\u00eb konektor jack 3.5mm. Ai p\u00ebrb\u00ebhet nga 2 RCA jack t\u00eb tipit fem\u00ebror n\u00eb nj\u00ebr\u00ebn an\u00eb, dhe\u00a0nj\u00eb konektor t\u00eb tipit mashkullor n\u00eb an\u00ebn tjet\u00ebr. Si i till\u00eb, adapteri ka nj\u00eb dizajn mjaft kompakt nd\u00ebrsa prodhuesi ka zgjedhur ngjyr\u00ebn klasike p\u00ebr k\u00ebt\u00eb pajisje.<\/span><\/p>\n","protected":false},"excerpt":{"rendered":"<p>Konvertues 3,5mm &#8211; 2 x RCA, M\/F<\/p>\n","protected":false},"featured_media":2942,"comment_status":"closed","ping_status":"closed","template":"","meta":[],"product_brand":[],"product_cat":[118,158,170],"product_tag":[],"class_list":{"0":"post-660","1":"product","2":"type-product","3":"status-publish","4":"has-post-thumbnail","6":"product_cat-aksesore","7":"product_cat-pajisje-zerimi","8":"product_cat-pershtateskonvertues","10":"first","11":"instock","12":"shipping-taxable","13":"purchasable","14":"product-type-simple"},"_links":{"self":[{"href":"https:\/\/www.metron-ks.com\/index.php?rest_route=\/wp\/v2\/product\/660","targetHints":{"allow":["GET"]}}],"collection":[{"href":"https:\/\/www.metron-ks.com\/index.php?rest_route=\/wp\/v2\/product"}],"about":[{"href":"https:\/\/www.metron-ks.com\/index.php?rest_route=\/wp\/v2\/types\/product"}],"replies":[{"embeddable":true,"href":"https:\/\/www.metron-ks.com\/index.php?rest_route=%2Fwp%2Fv2%2Fcomments&post=660"}],"wp:featuredmedia":[{"embeddable":true,"href":"https:\/\/www.metron-ks.com\/index.php?rest_route=\/wp\/v2\/media\/2942"}],"wp:attachment":[{"href":"https:\/\/www.metron-ks.com\/index.php?rest_route=%2Fwp%2Fv2%2Fmedia&parent=660"}],"wp:term":[{"taxonomy":"product_brand","embeddable":true,"href":"https:\/\/www.metron-ks.com\/index.php?rest_route=%2Fwp%2Fv2%2Fproduct_brand&post=660"},{"taxonomy":"product_cat","embeddable":true,"href":"https:\/\/www.metron-ks.com\/index.php?rest_route=%2Fwp%2Fv2%2Fproduct_cat&post=660"},{"taxonomy":"product_tag","embeddable":true,"href":"https:\/\/www.metron-ks.com\/index.php?rest_route=%2Fwp%2Fv2%2Fproduct_tag&post=660"}],"curies":[{"name":"wp","href":"https:\/\/api.w.org\/{rel}","templated":true}]}}