{"id":6609,"date":"2024-09-11T13:44:19","date_gmt":"2024-09-11T13:44:19","guid":{"rendered":"https:\/\/www.metron-ks.com\/?post_type=product&#038;p=6609"},"modified":"2024-12-19T08:36:42","modified_gmt":"2024-12-19T08:36:42","slug":"power-bank-hama-performance-10-10000mah-e-zeze","status":"publish","type":"product","link":"https:\/\/www.metron-ks.com\/?product=power-bank-hama-performance-10-10000mah-e-zeze","title":{"rendered":"Power bank Hama &#8220;Performance 10&#8221;, 10000mAh, e zez\u00eb"},"content":{"rendered":"<p>Dalja : USB-C, lidh\u00ebs USB i tipit A\/Fem\u00ebr<br \/>\nHyrja:USB-C<br \/>\nNumri i daljeve 3<br \/>\nDalja 1 \/ Tensioni 1 \/ Rryma 1 ,USB-C \/ 5 V \/ 3 A<br \/>\nDalja 2\/ Tensioni 2 \/ Rryma 2 \/, Port USB e tipit A \/ 5 V \/ 3 A<br \/>\nDalja 3 \/ Tensioni 3 \/ Rryma 3\/, USB Type-A Lidh\u00ebs \/ 5 V \/ 3 A<br \/>\nBateria e integruar Li-polimer<br \/>\nKapaciteti 10000 mAh<br \/>\nShpejt\u00ebsia e karikimit :Karikimi i shpejt\u00eb<br \/>\nMbrojtje nga lidhja e shkurt\u00ebr\/mbrojtje kund\u00ebr shkarkimit\/mbrojtje nga mbinxehja\/mbrojtje nga mbingarkesa<br \/>\nGjer\u00ebsia x Lart\u00ebsia x Gjat\u00ebsia 27 x 140 x 70 mm<br \/>\nPesha 361 g<\/p>\n","protected":false},"excerpt":{"rendered":"<p>201709<\/p>\n","protected":false},"featured_media":6610,"comment_status":"open","ping_status":"closed","template":"","meta":[],"product_brand":[],"product_cat":[118,113,153],"product_tag":[],"class_list":{"0":"post-6609","1":"product","2":"type-product","3":"status-publish","4":"has-post-thumbnail","6":"product_cat-aksesore","7":"product_cat-celulartabletnavigim","8":"product_cat-power-bank","10":"first","11":"instock","12":"shipping-taxable","13":"purchasable","14":"product-type-simple"},"_links":{"self":[{"href":"https:\/\/www.metron-ks.com\/index.php?rest_route=\/wp\/v2\/product\/6609","targetHints":{"allow":["GET"]}}],"collection":[{"href":"https:\/\/www.metron-ks.com\/index.php?rest_route=\/wp\/v2\/product"}],"about":[{"href":"https:\/\/www.metron-ks.com\/index.php?rest_route=\/wp\/v2\/types\/product"}],"replies":[{"embeddable":true,"href":"https:\/\/www.metron-ks.com\/index.php?rest_route=%2Fwp%2Fv2%2Fcomments&post=6609"}],"wp:featuredmedia":[{"embeddable":true,"href":"https:\/\/www.metron-ks.com\/index.php?rest_route=\/wp\/v2\/media\/6610"}],"wp:attachment":[{"href":"https:\/\/www.metron-ks.com\/index.php?rest_route=%2Fwp%2Fv2%2Fmedia&parent=6609"}],"wp:term":[{"taxonomy":"product_brand","embeddable":true,"href":"https:\/\/www.metron-ks.com\/index.php?rest_route=%2Fwp%2Fv2%2Fproduct_brand&post=6609"},{"taxonomy":"product_cat","embeddable":true,"href":"https:\/\/www.metron-ks.com\/index.php?rest_route=%2Fwp%2Fv2%2Fproduct_cat&post=6609"},{"taxonomy":"product_tag","embeddable":true,"href":"https:\/\/www.metron-ks.com\/index.php?rest_route=%2Fwp%2Fv2%2Fproduct_tag&post=6609"}],"curies":[{"name":"wp","href":"https:\/\/api.w.org\/{rel}","templated":true}]}}