{"id":6639,"date":"2024-10-02T10:02:57","date_gmt":"2024-10-02T10:02:57","guid":{"rendered":"https:\/\/www.metron-ks.com\/?post_type=product&#038;p=6639"},"modified":"2024-12-18T13:27:03","modified_gmt":"2024-12-18T13:27:03","slug":"mbajtese-per-tv-sbox-plb-8148-levizes-43-100-inch","status":"publish","type":"product","link":"https:\/\/www.metron-ks.com\/?product=mbajtese-per-tv-sbox-plb-8148-levizes-43-100-inch","title":{"rendered":"Mbajt\u00ebse p\u00ebr TV Sbox PLB-8148, L\u00ebviz\u00ebs, 43&#8243;-100&#8243; inch"},"content":{"rendered":"<p>Lloji i mbajtesit: Rrotullues me dor\u00eb<br \/>\nVESA minimale: 200&#215;200<br \/>\nVESA maksimale: 800&#215;400<br \/>\nNgarkesa maksimale (kg): 60<br \/>\nMadh\u00ebsia minimale e ekranit: 43&#8221; \/ 109 cm<br \/>\nMadh\u00ebsia maksimale e ekranit: 100&#8221; \/ 254 cm<br \/>\nDistanca minimale e murit (mm): 65<br \/>\nDistanca maksimale e murit (mm): 480<br \/>\nPjerr\u00ebsia vertikale: 5\u00b0\/ -10\u00b0<br \/>\nRrotullimi: +60\u00b0\/ -60\u00b0<br \/>\nP\u00ebr ekranet e lakuar: Jo<br \/>\nMenaxhimi i kabllove: Po<br \/>\nMontimi: Mur<br \/>\nNgjyra: E zez\u00eb<br \/>\nMateriali: \u00c7elik<br \/>\nMbarimi i sip\u00ebrfaqes: Veshje me pluhur<br \/>\nDimensionet (mm): 480x906x430<br \/>\nPesha (g): 9000<\/p>\n","protected":false},"excerpt":{"rendered":"<p>PLB-8148<\/p>\n","protected":false},"featured_media":6640,"comment_status":"open","ping_status":"closed","template":"","meta":[],"product_brand":[],"product_cat":[118,160,138],"product_tag":[],"class_list":{"0":"post-6639","1":"product","2":"type-product","3":"status-publish","4":"has-post-thumbnail","6":"product_cat-aksesore","7":"product_cat-mbajtese-tv","8":"product_cat-tv","10":"first","11":"instock","12":"shipping-taxable","13":"purchasable","14":"product-type-simple"},"_links":{"self":[{"href":"https:\/\/www.metron-ks.com\/index.php?rest_route=\/wp\/v2\/product\/6639","targetHints":{"allow":["GET"]}}],"collection":[{"href":"https:\/\/www.metron-ks.com\/index.php?rest_route=\/wp\/v2\/product"}],"about":[{"href":"https:\/\/www.metron-ks.com\/index.php?rest_route=\/wp\/v2\/types\/product"}],"replies":[{"embeddable":true,"href":"https:\/\/www.metron-ks.com\/index.php?rest_route=%2Fwp%2Fv2%2Fcomments&post=6639"}],"wp:featuredmedia":[{"embeddable":true,"href":"https:\/\/www.metron-ks.com\/index.php?rest_route=\/wp\/v2\/media\/6640"}],"wp:attachment":[{"href":"https:\/\/www.metron-ks.com\/index.php?rest_route=%2Fwp%2Fv2%2Fmedia&parent=6639"}],"wp:term":[{"taxonomy":"product_brand","embeddable":true,"href":"https:\/\/www.metron-ks.com\/index.php?rest_route=%2Fwp%2Fv2%2Fproduct_brand&post=6639"},{"taxonomy":"product_cat","embeddable":true,"href":"https:\/\/www.metron-ks.com\/index.php?rest_route=%2Fwp%2Fv2%2Fproduct_cat&post=6639"},{"taxonomy":"product_tag","embeddable":true,"href":"https:\/\/www.metron-ks.com\/index.php?rest_route=%2Fwp%2Fv2%2Fproduct_tag&post=6639"}],"curies":[{"name":"wp","href":"https:\/\/api.w.org\/{rel}","templated":true}]}}