{"id":6654,"date":"2024-10-16T09:46:11","date_gmt":"2024-10-16T09:46:11","guid":{"rendered":"https:\/\/www.metron-ks.com\/?post_type=product&#038;p=6654"},"modified":"2024-12-18T13:24:34","modified_gmt":"2024-12-18T13:24:34","slug":"hama-cante-per-laptop-15-6-216533","status":"publish","type":"product","link":"https:\/\/www.metron-ks.com\/?product=hama-cante-per-laptop-15-6-216533","title":{"rendered":"Hama \u00e7ant\u00eb p\u00ebr laptop , 15.6&#8243;, 216533"},"content":{"rendered":"<p>Cil\u00ebsi Premium<br \/>\nLinj\u00eb e holl\u00eb, shum\u00ebfunksionale dhe elegante, kjo \u00e7ant\u00eb me cil\u00ebsi premium p\u00ebrshtatet me laptop\u00eb deri n\u00eb 15,6 in\u00e7 dhe ka nj\u00eb panel t\u00eb pasm\u00eb me mbrojt\u00ebse t\u00eb fort\u00eb p\u00ebr mbrojtje maksimale.<\/p>\n<p>E q\u00ebndrueshme, e dizajnuar mir\u00eb p\u00ebr ruajtjen e sigurt t\u00eb laptop\u00ebve dhe aksesor\u00ebve dhe p\u00ebr t\u00eb mbrojtur nga papast\u00ebrtit\u00eb dhe g\u00ebrvishtjet,<br \/>\n1 Rrip i shpatullave<\/p>\n","protected":false},"excerpt":{"rendered":"<p>216533<\/p>\n","protected":false},"featured_media":6655,"comment_status":"open","ping_status":"closed","template":"","meta":[],"product_brand":[],"product_cat":[118,25,141],"product_tag":[],"class_list":{"0":"post-6654","1":"product","2":"type-product","3":"status-publish","4":"has-post-thumbnail","6":"product_cat-aksesore","7":"product_cat-cante","8":"product_cat-pclaptop","10":"first","11":"instock","12":"shipping-taxable","13":"purchasable","14":"product-type-simple"},"_links":{"self":[{"href":"https:\/\/www.metron-ks.com\/index.php?rest_route=\/wp\/v2\/product\/6654","targetHints":{"allow":["GET"]}}],"collection":[{"href":"https:\/\/www.metron-ks.com\/index.php?rest_route=\/wp\/v2\/product"}],"about":[{"href":"https:\/\/www.metron-ks.com\/index.php?rest_route=\/wp\/v2\/types\/product"}],"replies":[{"embeddable":true,"href":"https:\/\/www.metron-ks.com\/index.php?rest_route=%2Fwp%2Fv2%2Fcomments&post=6654"}],"wp:featuredmedia":[{"embeddable":true,"href":"https:\/\/www.metron-ks.com\/index.php?rest_route=\/wp\/v2\/media\/6655"}],"wp:attachment":[{"href":"https:\/\/www.metron-ks.com\/index.php?rest_route=%2Fwp%2Fv2%2Fmedia&parent=6654"}],"wp:term":[{"taxonomy":"product_brand","embeddable":true,"href":"https:\/\/www.metron-ks.com\/index.php?rest_route=%2Fwp%2Fv2%2Fproduct_brand&post=6654"},{"taxonomy":"product_cat","embeddable":true,"href":"https:\/\/www.metron-ks.com\/index.php?rest_route=%2Fwp%2Fv2%2Fproduct_cat&post=6654"},{"taxonomy":"product_tag","embeddable":true,"href":"https:\/\/www.metron-ks.com\/index.php?rest_route=%2Fwp%2Fv2%2Fproduct_tag&post=6654"}],"curies":[{"name":"wp","href":"https:\/\/api.w.org\/{rel}","templated":true}]}}