{"id":666,"date":"2023-03-06T22:22:23","date_gmt":"2023-03-06T22:22:23","guid":{"rendered":"https:\/\/www.metron-ks.com\/product\/kufje-gaming-eshark-esl-hs3-koto-v2-te-zeza\/"},"modified":"2025-01-14T09:11:15","modified_gmt":"2025-01-14T09:11:15","slug":"kufje-gaming-eshark-esl-hs3-koto-v2-te-zeza","status":"publish","type":"product","link":"https:\/\/www.metron-ks.com\/?product=kufje-gaming-eshark-esl-hs3-koto-v2-te-zeza","title":{"rendered":"Kufje Gaming eShark ESL-HS3 Koto V2, t\u00eb zeza"},"content":{"rendered":"<p>Kufje t\u00eb\u00a0krijuara p\u00ebr nj\u00eb lojtar, fokusi i t\u00eb cilit q\u00ebndron n\u00eb performanc\u00eb dhe cil\u00ebsi.\u00a0Tinguj t\u00eb\u00a0past\u00ebr dhe t\u00eb\u00a0plot\u00eb, mikrofon\u00a0i qart\u00eb dhe\u00a0i shk\u00ebputsh\u00ebm, me rehati superiore do t&#8217;ju vendosin n\u00eb qend\u00ebr t\u00eb fush\u00ebs. Jast\u00ebk\u00a0t\u00eb m\u00ebdhenj dhe t\u00eb but\u00eb t\u00eb veshit 2cm,\u00a0do t\u00eb sigurojn\u00eb nj\u00eb p\u00ebrshtatje t\u00eb p\u00ebrsosur dhe izolim t\u00eb shk\u00eblqyesh\u00ebm t\u00eb z\u00ebrit ku do t\u00eb zhyteni leht\u00eb n\u00eb loj\u00eb me\u00a0fokus t\u00eb mpreht\u00eb. Kufjet vijn me p\u00ebrshtat\u00ebs audio 2 x 3,5 mm. Ju mund t\u00eb p\u00ebrdorni k\u00ebto\u00a0kufje me\u00a0PlayStation konzol\u00eb.<\/p>\n<p>Butoni i heshtjes<br \/>\nKontrolli i z\u00ebrit: N\u00eb\u00a0kabllo<br \/>\nShkalla e zhurm\u00ebs: 99dB<br \/>\nNdjeshm\u00ebria e mikrofonit: -38dB (@ 1kHz)<br \/>\nImpedanca e mikrofonit: 2.2 kOhma<br \/>\nOrientimi: Nj\u00ebkah\u00ebshe<br \/>\nNdjeshm\u00ebria: 114dB (@ 1kHz)<br \/>\nImpedanc\u00eb: 16 Ohma<br \/>\nShtrirja e\u00a0frekuenc\u00ebs: 20Hz &#8211; 20kHz<br \/>\nMadh\u00ebsia e altoparlantit: 50 mm<br \/>\nLloji: Kufje Gaming<br \/>\nInterface: USB 2.0<br \/>\nNdri\u00e7imi: Po, e Bardh\u00eb<br \/>\nPesha: 449g<br \/>\nGjat\u00ebsia e kabllit: 2m<br \/>\nMateriali: Metal \/ Plastik\u00eb<br \/>\nNgjyra: E zez\u00eb<\/p>\n","protected":false},"excerpt":{"rendered":"<p>Kufje Gaming eShark ESL-HS3 Koto V2, t\u00eb zeza<\/p>\n","protected":false},"featured_media":2915,"comment_status":"closed","ping_status":"closed","template":"","meta":[],"product_brand":[],"product_cat":[116,131],"product_tag":[],"class_list":{"0":"post-666","1":"product","2":"type-product","3":"status-publish","4":"has-post-thumbnail","6":"product_cat-gaming","7":"product_cat-kufje-gaming","9":"first","10":"instock","11":"shipping-taxable","12":"purchasable","13":"product-type-simple"},"_links":{"self":[{"href":"https:\/\/www.metron-ks.com\/index.php?rest_route=\/wp\/v2\/product\/666","targetHints":{"allow":["GET"]}}],"collection":[{"href":"https:\/\/www.metron-ks.com\/index.php?rest_route=\/wp\/v2\/product"}],"about":[{"href":"https:\/\/www.metron-ks.com\/index.php?rest_route=\/wp\/v2\/types\/product"}],"replies":[{"embeddable":true,"href":"https:\/\/www.metron-ks.com\/index.php?rest_route=%2Fwp%2Fv2%2Fcomments&post=666"}],"wp:featuredmedia":[{"embeddable":true,"href":"https:\/\/www.metron-ks.com\/index.php?rest_route=\/wp\/v2\/media\/2915"}],"wp:attachment":[{"href":"https:\/\/www.metron-ks.com\/index.php?rest_route=%2Fwp%2Fv2%2Fmedia&parent=666"}],"wp:term":[{"taxonomy":"product_brand","embeddable":true,"href":"https:\/\/www.metron-ks.com\/index.php?rest_route=%2Fwp%2Fv2%2Fproduct_brand&post=666"},{"taxonomy":"product_cat","embeddable":true,"href":"https:\/\/www.metron-ks.com\/index.php?rest_route=%2Fwp%2Fv2%2Fproduct_cat&post=666"},{"taxonomy":"product_tag","embeddable":true,"href":"https:\/\/www.metron-ks.com\/index.php?rest_route=%2Fwp%2Fv2%2Fproduct_tag&post=666"}],"curies":[{"name":"wp","href":"https:\/\/api.w.org\/{rel}","templated":true}]}}