{"id":667,"date":"2023-03-06T22:22:23","date_gmt":"2023-03-06T22:22:23","guid":{"rendered":"https:\/\/www.metron-ks.com\/product\/kufje-gaming-eshark-esl-hs4-taiko\/"},"modified":"2025-01-14T09:11:36","modified_gmt":"2025-01-14T09:11:36","slug":"kufje-gaming-eshark-esl-hs4-taiko","status":"publish","type":"product","link":"https:\/\/www.metron-ks.com\/?product=kufje-gaming-eshark-esl-hs4-taiko","title":{"rendered":"Kufje Gaming eShark ESL-HS4 Taiko"},"content":{"rendered":"<p>Zhyteni veten plot\u00ebsisht n\u00eb loj\u00eb fal\u00eb cil\u00ebsis\u00eb s\u00eb jasht\u00ebzakonshme t\u00eb tingullit t\u00eb kombinuar me rehati dhe eleganc\u00eb t\u00eb pashembullt.<\/p>\n<p>Me D\u00ebgjueset 53 mm, shtrirjen\u00a0e frekuenc\u00ebs 20Hz &#8211; 20 000Hz dhe impedanc 64\u03a9 + &#8211; 15\u03a9, ju jeni t\u00eb siguruar q\u00eb t\u00eb merrni cil\u00ebsin\u00eb m\u00eb t\u00eb mir\u00eb t\u00eb z\u00ebrit<\/p>\n<p>Dizajn krejt t\u00eb zi, elegant, me jast\u00ebk\u00eb t\u00eb but\u00eb veshi dhe mbules\u00eb mbi veshin,\u00a0keni nj\u00eb pal\u00eb kufje p\u00ebr lojtar\u00eb q\u00eb k\u00ebrkojn\u00eb vet\u00ebm m\u00eb t\u00eb mir\u00ebn.<\/p>\n<p>Butoni i heshtjes<br \/>\nKontrolli i z\u00ebrit: Analog + dixhital (p\u00ebrshtat\u00ebs USB)<br \/>\nHub USB<br \/>\nNdjeshm\u00ebria e mikrofonit: -42dB +\/- 3DB<br \/>\nImpedanca mikrofonit: 2.2 kOhm<br \/>\nOrientimi: Gjithp\u00ebrfshir\u00ebs<br \/>\nNdjeshm\u00ebria: 110dB +\/- 3DB (@ 1HHz)<br \/>\nImpedanc: 64 Ohm-a +\/- 15 Ohm-a<br \/>\nShtrirja\u00a0e frekuenc\u00ebs: 20Hz &#8211; 20kHz<br \/>\nMadh\u00ebsia e d\u00ebgjueses: 53 mm<br \/>\nLloji: Kufje gaming<br \/>\ninterface: USB 2.0<br \/>\nKabllor i g\u00ebrsh\u00ebtuar<br \/>\nPesha: 268g<br \/>\nGjat\u00ebsia e kabllos: 1m (kufje) + 1.5m (p\u00ebrshtat\u00ebs USB)<br \/>\nMateriali: Metal \/ plastik<br \/>\nNgjyra: Zez\u00eb\/argjendt\u00eb<\/p>\n","protected":false},"excerpt":{"rendered":"<p>Kufje gaming eShark ESL-HS4 Taiko<\/p>\n","protected":false},"featured_media":2921,"comment_status":"closed","ping_status":"closed","template":"","meta":[],"product_brand":[],"product_cat":[116,131],"product_tag":[],"class_list":{"0":"post-667","1":"product","2":"type-product","3":"status-publish","4":"has-post-thumbnail","6":"product_cat-gaming","7":"product_cat-kufje-gaming","9":"first","10":"instock","11":"shipping-taxable","12":"purchasable","13":"product-type-simple"},"_links":{"self":[{"href":"https:\/\/www.metron-ks.com\/index.php?rest_route=\/wp\/v2\/product\/667","targetHints":{"allow":["GET"]}}],"collection":[{"href":"https:\/\/www.metron-ks.com\/index.php?rest_route=\/wp\/v2\/product"}],"about":[{"href":"https:\/\/www.metron-ks.com\/index.php?rest_route=\/wp\/v2\/types\/product"}],"replies":[{"embeddable":true,"href":"https:\/\/www.metron-ks.com\/index.php?rest_route=%2Fwp%2Fv2%2Fcomments&post=667"}],"wp:featuredmedia":[{"embeddable":true,"href":"https:\/\/www.metron-ks.com\/index.php?rest_route=\/wp\/v2\/media\/2921"}],"wp:attachment":[{"href":"https:\/\/www.metron-ks.com\/index.php?rest_route=%2Fwp%2Fv2%2Fmedia&parent=667"}],"wp:term":[{"taxonomy":"product_brand","embeddable":true,"href":"https:\/\/www.metron-ks.com\/index.php?rest_route=%2Fwp%2Fv2%2Fproduct_brand&post=667"},{"taxonomy":"product_cat","embeddable":true,"href":"https:\/\/www.metron-ks.com\/index.php?rest_route=%2Fwp%2Fv2%2Fproduct_cat&post=667"},{"taxonomy":"product_tag","embeddable":true,"href":"https:\/\/www.metron-ks.com\/index.php?rest_route=%2Fwp%2Fv2%2Fproduct_tag&post=667"}],"curies":[{"name":"wp","href":"https:\/\/api.w.org\/{rel}","templated":true}]}}