{"id":6670,"date":"2024-10-16T10:24:47","date_gmt":"2024-10-16T10:24:47","guid":{"rendered":"https:\/\/www.metron-ks.com\/?post_type=product&#038;p=6670"},"modified":"2025-03-04T07:57:10","modified_gmt":"2025-03-04T07:57:10","slug":"hama-usb-hub-adapter-4-porte-12324","status":"publish","type":"product","link":"https:\/\/www.metron-ks.com\/?product=hama-usb-hub-adapter-4-porte-12324","title":{"rendered":"Hama USB Hub Adapter 4 Porte, 12324"},"content":{"rendered":"<p>P\u00ebr lidhjen deri n\u00eb 4 pajisje USB me nj\u00eb port USB<\/p>\n<p>Energjia vjen nga porti USB e kompjuterit\/Laptopit<\/p>\n<p>Kabllo USB e integruar p\u00ebr t&#8217;u lidhur me nj\u00eb kompjuter<\/p>\n<p>I p\u00ebrshtatsh\u00ebm dhe i testuar p\u00ebr USB 2.0, i pajtuesh\u00ebm me USB 1.1<\/p>\n<p>Gjat\u00ebsia e kabllit: 0,15 m<\/p>\n<p>Ngjyra: E zez\u00eb<\/p>\n","protected":false},"excerpt":{"rendered":"<p>12324<\/p>\n","protected":false},"featured_media":6671,"comment_status":"open","ping_status":"closed","template":"","meta":[],"product_brand":[],"product_cat":[118,141,119],"product_tag":[],"class_list":{"0":"post-6670","1":"product","2":"type-product","3":"status-publish","4":"has-post-thumbnail","6":"product_cat-aksesore","7":"product_cat-pclaptop","8":"product_cat-usbhub","10":"first","11":"instock","12":"shipping-taxable","13":"purchasable","14":"product-type-simple"},"_links":{"self":[{"href":"https:\/\/www.metron-ks.com\/index.php?rest_route=\/wp\/v2\/product\/6670","targetHints":{"allow":["GET"]}}],"collection":[{"href":"https:\/\/www.metron-ks.com\/index.php?rest_route=\/wp\/v2\/product"}],"about":[{"href":"https:\/\/www.metron-ks.com\/index.php?rest_route=\/wp\/v2\/types\/product"}],"replies":[{"embeddable":true,"href":"https:\/\/www.metron-ks.com\/index.php?rest_route=%2Fwp%2Fv2%2Fcomments&post=6670"}],"wp:featuredmedia":[{"embeddable":true,"href":"https:\/\/www.metron-ks.com\/index.php?rest_route=\/wp\/v2\/media\/6671"}],"wp:attachment":[{"href":"https:\/\/www.metron-ks.com\/index.php?rest_route=%2Fwp%2Fv2%2Fmedia&parent=6670"}],"wp:term":[{"taxonomy":"product_brand","embeddable":true,"href":"https:\/\/www.metron-ks.com\/index.php?rest_route=%2Fwp%2Fv2%2Fproduct_brand&post=6670"},{"taxonomy":"product_cat","embeddable":true,"href":"https:\/\/www.metron-ks.com\/index.php?rest_route=%2Fwp%2Fv2%2Fproduct_cat&post=6670"},{"taxonomy":"product_tag","embeddable":true,"href":"https:\/\/www.metron-ks.com\/index.php?rest_route=%2Fwp%2Fv2%2Fproduct_tag&post=6670"}],"curies":[{"name":"wp","href":"https:\/\/api.w.org\/{rel}","templated":true}]}}