{"id":6675,"date":"2024-10-16T10:43:14","date_gmt":"2024-10-16T10:43:14","guid":{"rendered":"https:\/\/www.metron-ks.com\/?post_type=product&#038;p=6675"},"modified":"2024-10-16T10:44:07","modified_gmt":"2024-10-16T10:44:07","slug":"kufje-hama-hs-p100-stereo-per-zyre-139900-te-zeza","status":"publish","type":"product","link":"https:\/\/www.metron-ks.com\/?product=kufje-hama-hs-p100-stereo-per-zyre-139900-te-zeza","title":{"rendered":"Kufje Hama, HS-P100, Stereo, p\u00ebr zyr\u00eb, 139900, t\u00eb zeza"},"content":{"rendered":"<p>Shtrirja frekuenc\u00ebs (kufje) 20 Hz &#8211; 20 kHz<br \/>\nShtrirja e frekuenc\u00ebs (mikrofoni) 50 Hz &#8211; 18 kHz<br \/>\nImpedanca (Kufje) 32 \u03a9<br \/>\nImpedanca (Mikrofoni) 2200 \u03a9<br \/>\nDizajn n\u00eb vesh<br \/>\n(Mikrofoni) Gjith\u00ebp\u00ebrfshirsh\u00ebm<br \/>\nMateriale plastike<br \/>\nModel Stereo Kufjet<br \/>\nNdjeshm\u00ebria (Kufje) 110 dB +\/- 3 dB<br \/>\nNdjeshm\u00ebria (mikrofoni) -58 db +\/- 3 dB<br \/>\nGjat\u00ebsia e kabllit 2 m<br \/>\nDiametri i altoparlantit: 40 mm<br \/>\nPesha 120 g<\/p>\n","protected":false},"excerpt":{"rendered":"<p>139900<\/p>\n","protected":false},"featured_media":6676,"comment_status":"open","ping_status":"closed","template":"","meta":[],"product_brand":[],"product_cat":[118,44,166],"product_tag":[],"class_list":{"0":"post-6675","1":"product","2":"type-product","3":"status-publish","4":"has-post-thumbnail","6":"product_cat-aksesore","7":"product_cat-kufje","8":"product_cat-kufje-per-zyre","10":"first","11":"instock","12":"shipping-taxable","13":"purchasable","14":"product-type-simple"},"_links":{"self":[{"href":"https:\/\/www.metron-ks.com\/index.php?rest_route=\/wp\/v2\/product\/6675","targetHints":{"allow":["GET"]}}],"collection":[{"href":"https:\/\/www.metron-ks.com\/index.php?rest_route=\/wp\/v2\/product"}],"about":[{"href":"https:\/\/www.metron-ks.com\/index.php?rest_route=\/wp\/v2\/types\/product"}],"replies":[{"embeddable":true,"href":"https:\/\/www.metron-ks.com\/index.php?rest_route=%2Fwp%2Fv2%2Fcomments&post=6675"}],"wp:featuredmedia":[{"embeddable":true,"href":"https:\/\/www.metron-ks.com\/index.php?rest_route=\/wp\/v2\/media\/6676"}],"wp:attachment":[{"href":"https:\/\/www.metron-ks.com\/index.php?rest_route=%2Fwp%2Fv2%2Fmedia&parent=6675"}],"wp:term":[{"taxonomy":"product_brand","embeddable":true,"href":"https:\/\/www.metron-ks.com\/index.php?rest_route=%2Fwp%2Fv2%2Fproduct_brand&post=6675"},{"taxonomy":"product_cat","embeddable":true,"href":"https:\/\/www.metron-ks.com\/index.php?rest_route=%2Fwp%2Fv2%2Fproduct_cat&post=6675"},{"taxonomy":"product_tag","embeddable":true,"href":"https:\/\/www.metron-ks.com\/index.php?rest_route=%2Fwp%2Fv2%2Fproduct_tag&post=6675"}],"curies":[{"name":"wp","href":"https:\/\/api.w.org\/{rel}","templated":true}]}}