{"id":6681,"date":"2024-10-16T10:54:40","date_gmt":"2024-10-16T10:54:40","guid":{"rendered":"https:\/\/www.metron-ks.com\/?post_type=product&#038;p=6681"},"modified":"2024-12-18T13:15:03","modified_gmt":"2024-12-18T13:15:03","slug":"antene-e-brendshme-hama-121703-dvb-t-dvb-t2","status":"publish","type":"product","link":"https:\/\/www.metron-ks.com\/?product=antene-e-brendshme-hama-121703-dvb-t-dvb-t2","title":{"rendered":"Anten\u00eb e brendshme Hama 121703, DVB-T \/ DVB-T2"},"content":{"rendered":"<p>LED tregon n\u00ebse antena \u00ebsht\u00eb fikur ose ndezur.<br \/>\nP\u00ebr pritjen digjitale t\u00eb TV (DVB-T \/ DVB-T2) dhe pritjen digjitale t\u00eb radios (DAB \/ DAB +)<br \/>\nP\u00ebrfshir\u00eb filtrin LTE.<br \/>\nIdeale p\u00ebr HD TV.<br \/>\nAmplifikimi aktiv i sinjalit.<br \/>\nAmplifikator aktiv.<br \/>\nDizajn kompakt, anten\u00eb sht\u00ebpie me performanc\u00eb t\u00eb fort\u00eb.<br \/>\nShtrirja e frekuenc\u00ebs: B III (174 &#8211; 230 MHz) dhe B IV (470 &#8211; 790 MHz)<br \/>\nMe nj\u00eb furnizim me energji USB (nuk p\u00ebrfshihet) antena mund t\u00eb p\u00ebrdoret gjithashtu n\u00eb makina, sht\u00ebpi l\u00ebviz\u00ebse dhe anije.<\/p>\n","protected":false},"excerpt":{"rendered":"<p>121703<\/p>\n","protected":false},"featured_media":6682,"comment_status":"open","ping_status":"closed","template":"","meta":[],"product_brand":[],"product_cat":[118,181,136],"product_tag":[],"class_list":{"0":"post-6681","1":"product","2":"type-product","3":"status-publish","4":"has-post-thumbnail","6":"product_cat-aksesore","7":"product_cat-anten-dhome","8":"product_cat-pajisje-shtepiake","10":"first","11":"instock","12":"shipping-taxable","13":"purchasable","14":"product-type-simple"},"_links":{"self":[{"href":"https:\/\/www.metron-ks.com\/index.php?rest_route=\/wp\/v2\/product\/6681","targetHints":{"allow":["GET"]}}],"collection":[{"href":"https:\/\/www.metron-ks.com\/index.php?rest_route=\/wp\/v2\/product"}],"about":[{"href":"https:\/\/www.metron-ks.com\/index.php?rest_route=\/wp\/v2\/types\/product"}],"replies":[{"embeddable":true,"href":"https:\/\/www.metron-ks.com\/index.php?rest_route=%2Fwp%2Fv2%2Fcomments&post=6681"}],"wp:featuredmedia":[{"embeddable":true,"href":"https:\/\/www.metron-ks.com\/index.php?rest_route=\/wp\/v2\/media\/6682"}],"wp:attachment":[{"href":"https:\/\/www.metron-ks.com\/index.php?rest_route=%2Fwp%2Fv2%2Fmedia&parent=6681"}],"wp:term":[{"taxonomy":"product_brand","embeddable":true,"href":"https:\/\/www.metron-ks.com\/index.php?rest_route=%2Fwp%2Fv2%2Fproduct_brand&post=6681"},{"taxonomy":"product_cat","embeddable":true,"href":"https:\/\/www.metron-ks.com\/index.php?rest_route=%2Fwp%2Fv2%2Fproduct_cat&post=6681"},{"taxonomy":"product_tag","embeddable":true,"href":"https:\/\/www.metron-ks.com\/index.php?rest_route=%2Fwp%2Fv2%2Fproduct_tag&post=6681"}],"curies":[{"name":"wp","href":"https:\/\/api.w.org\/{rel}","templated":true}]}}