{"id":671,"date":"2023-03-06T22:22:24","date_gmt":"2023-03-06T22:22:24","guid":{"rendered":"https:\/\/www.metron-ks.com\/product\/kufje-gaming-white-shark-gh-1842-leopardkompatibil-me-ps4\/"},"modified":"2025-01-14T09:12:42","modified_gmt":"2025-01-14T09:12:42","slug":"kufje-gaming-white-shark-gh-1842-leopardkompatibil-me-ps4","status":"publish","type":"product","link":"https:\/\/www.metron-ks.com\/?product=kufje-gaming-white-shark-gh-1842-leopardkompatibil-me-ps4","title":{"rendered":"Kufje Gaming White Shark GH-1842 Leopard,kompatibil me PS4"},"content":{"rendered":"<p>&nbsp;<\/p>\n<p>Kufje me precizitet t\u00eb\u00a0lart\u00eb\u00a050mm p\u00ebr nj\u00eb\u00a0tingull t\u00eb\u00a0shk\u00eblqyesh\u00ebm stereo dhe me mikrofon me ndjeshm\u00ebri t\u00eb\u00a0lart\u00eb\u00a0dhe p\u00ebr loj\u00eb\u00a0dhe biseda online. P\u00ebrshtatje fleksibile dhe t\u00eb\u00a0qet\u00eb. Kompatibil me laptop, PC dhe Mac. K\u00ebto kufje mund t\u00eb\u00a0p\u00ebrdoren edhe ne PS4 me p\u00ebrshtat\u00ebs shtes\u00eb\u00a0.<\/p>\n<p>Ndjeshm\u00ebria e mikrofonit: -36\u00a0dB \u00b1 3dB<br \/>\nImpedanca mikrofonit: 2200 Ohm<br \/>\nNdjeshm\u00ebri: 104\u00a0dB \u00b1 3dB<br \/>\nFrekuenca: 20 Hz \u2013 20kHz<br \/>\nImpedanc: 32Ohm<br \/>\nDiametri i d\u00ebgjueses: 50mm<br \/>\nAdapteri: 3.5mm<br \/>\nGjat\u00ebsia e kabllos: 2.2m<br \/>\nDrit\u00eb:Kuqe<\/p>\n<p>&nbsp;<\/p>\n","protected":false},"excerpt":{"rendered":"<p>Kufje Gaming White Shark GH-1842 Leopard,kompatibil me PS4<\/p>\n","protected":false},"featured_media":2902,"comment_status":"closed","ping_status":"closed","template":"","meta":[],"product_brand":[],"product_cat":[116,131],"product_tag":[],"class_list":{"0":"post-671","1":"product","2":"type-product","3":"status-publish","4":"has-post-thumbnail","6":"product_cat-gaming","7":"product_cat-kufje-gaming","9":"first","10":"instock","11":"shipping-taxable","12":"purchasable","13":"product-type-simple"},"_links":{"self":[{"href":"https:\/\/www.metron-ks.com\/index.php?rest_route=\/wp\/v2\/product\/671","targetHints":{"allow":["GET"]}}],"collection":[{"href":"https:\/\/www.metron-ks.com\/index.php?rest_route=\/wp\/v2\/product"}],"about":[{"href":"https:\/\/www.metron-ks.com\/index.php?rest_route=\/wp\/v2\/types\/product"}],"replies":[{"embeddable":true,"href":"https:\/\/www.metron-ks.com\/index.php?rest_route=%2Fwp%2Fv2%2Fcomments&post=671"}],"wp:featuredmedia":[{"embeddable":true,"href":"https:\/\/www.metron-ks.com\/index.php?rest_route=\/wp\/v2\/media\/2902"}],"wp:attachment":[{"href":"https:\/\/www.metron-ks.com\/index.php?rest_route=%2Fwp%2Fv2%2Fmedia&parent=671"}],"wp:term":[{"taxonomy":"product_brand","embeddable":true,"href":"https:\/\/www.metron-ks.com\/index.php?rest_route=%2Fwp%2Fv2%2Fproduct_brand&post=671"},{"taxonomy":"product_cat","embeddable":true,"href":"https:\/\/www.metron-ks.com\/index.php?rest_route=%2Fwp%2Fv2%2Fproduct_cat&post=671"},{"taxonomy":"product_tag","embeddable":true,"href":"https:\/\/www.metron-ks.com\/index.php?rest_route=%2Fwp%2Fv2%2Fproduct_tag&post=671"}],"curies":[{"name":"wp","href":"https:\/\/api.w.org\/{rel}","templated":true}]}}