{"id":6787,"date":"2024-11-07T09:05:33","date_gmt":"2024-11-07T09:05:33","guid":{"rendered":"https:\/\/www.metron-ks.com\/?post_type=product&#038;p=6787"},"modified":"2024-12-18T12:49:53","modified_gmt":"2024-12-18T12:49:53","slug":"mbeshtjelles-swissten-clear-jelly-magstick-per-apple-iphone-16-transparent","status":"publish","type":"product","link":"https:\/\/www.metron-ks.com\/?product=mbeshtjelles-swissten-clear-jelly-magstick-per-apple-iphone-16-transparent","title":{"rendered":"Mb\u00ebshtjell\u00ebs Swissten Clear Jelly Magstick p\u00ebr Apple Iphone 16, Transparent"},"content":{"rendered":"<p>Mb\u00ebshtjell\u00ebs elegant\u00a0e past\u00ebr SWISSTEN MagStick e p\u00ebrshtatshme p\u00ebr karikimin MagSafe.<\/p>\n<p>MagSafe<br \/>\nKarikimi me val\u00eb \u00ebsht\u00eb shum\u00eb i thjesht\u00eb. Magnet\u00ebt e vendosur n\u00eb m\u00ebnyr\u00eb perfekte n\u00eb karikues e p\u00ebrqendrojn\u00eb trupin me sip\u00ebrfaqen e karikimit t\u00eb karikuesit MagSafe, duke e b\u00ebr\u00eb karikimin sa m\u00eb efikas q\u00eb t\u00eb jet\u00eb e mundur.<\/p>\n<p>P\u00ebrpunimi<br \/>\nPjesa e pasme \u00ebsht\u00eb prej plastikes t\u00eb past\u00ebr cil\u00ebsore, e cila maksimizon q\u00ebndrueshm\u00ebrin\u00eb e saj, dhe an\u00ebt e saj jan\u00eb prej silikoni, q\u00eb siguron jet\u00ebgjat\u00ebsi .<\/p>\n","protected":false},"excerpt":{"rendered":"<p>33001723<\/p>\n","protected":false},"featured_media":6788,"comment_status":"open","ping_status":"closed","template":"","meta":[],"product_brand":[],"product_cat":[118,113,56],"product_tag":[],"class_list":{"0":"post-6787","1":"product","2":"type-product","3":"status-publish","4":"has-post-thumbnail","6":"product_cat-aksesore","7":"product_cat-celulartabletnavigim","8":"product_cat-mbeshtjelles","10":"first","11":"instock","12":"shipping-taxable","13":"purchasable","14":"product-type-simple"},"_links":{"self":[{"href":"https:\/\/www.metron-ks.com\/index.php?rest_route=\/wp\/v2\/product\/6787","targetHints":{"allow":["GET"]}}],"collection":[{"href":"https:\/\/www.metron-ks.com\/index.php?rest_route=\/wp\/v2\/product"}],"about":[{"href":"https:\/\/www.metron-ks.com\/index.php?rest_route=\/wp\/v2\/types\/product"}],"replies":[{"embeddable":true,"href":"https:\/\/www.metron-ks.com\/index.php?rest_route=%2Fwp%2Fv2%2Fcomments&post=6787"}],"wp:featuredmedia":[{"embeddable":true,"href":"https:\/\/www.metron-ks.com\/index.php?rest_route=\/wp\/v2\/media\/6788"}],"wp:attachment":[{"href":"https:\/\/www.metron-ks.com\/index.php?rest_route=%2Fwp%2Fv2%2Fmedia&parent=6787"}],"wp:term":[{"taxonomy":"product_brand","embeddable":true,"href":"https:\/\/www.metron-ks.com\/index.php?rest_route=%2Fwp%2Fv2%2Fproduct_brand&post=6787"},{"taxonomy":"product_cat","embeddable":true,"href":"https:\/\/www.metron-ks.com\/index.php?rest_route=%2Fwp%2Fv2%2Fproduct_cat&post=6787"},{"taxonomy":"product_tag","embeddable":true,"href":"https:\/\/www.metron-ks.com\/index.php?rest_route=%2Fwp%2Fv2%2Fproduct_tag&post=6787"}],"curies":[{"name":"wp","href":"https:\/\/api.w.org\/{rel}","templated":true}]}}