{"id":6812,"date":"2024-11-20T08:14:43","date_gmt":"2024-11-20T08:14:43","guid":{"rendered":"https:\/\/www.metron-ks.com\/?post_type=product&#038;p=6812"},"modified":"2024-12-18T12:44:41","modified_gmt":"2024-12-18T12:44:41","slug":"cante-swissten-per-laptop-15-6-e-zeze","status":"publish","type":"product","link":"https:\/\/www.metron-ks.com\/?product=cante-swissten-per-laptop-15-6-e-zeze","title":{"rendered":"\u00c7ant\u00eb Swissten p\u00ebr laptop 15.6&#8243;, e zez\u00eb"},"content":{"rendered":"<p>\u00c7ant\u00eb shpine Swissten p\u00ebr laptop\u00eb me madh\u00ebsi deri n\u00eb 15,6 in\u00e7 me shum\u00eb xhepa dhe ndarje praktike me dalje USB p\u00ebr karikimin e smartfonit tuaj.<\/p>\n<p>Edhe pse nuk duket si nga jasht\u00eb, \u00e7anta e shpin\u00ebs ka mjaft hap\u00ebsir\u00eb \u200b\u200bp\u00ebr laptop, celular, kufje, portofol, shishe pijeje dhe shum\u00eb gj\u00ebra t\u00eb tjera q\u00eb i keni ruajtur mir\u00eb dhe n\u00eb m\u00ebnyr\u00eb t\u00eb sigurt fal\u00eb ndarjeve t\u00eb brendshme .<\/p>\n<p>Brenda \u00e7ant\u00ebs, lidhni powerbankun me daljen USB, futeni n\u00eb \u00e7ant\u00eb\u00a0dhe nga jasht\u00eb ju vet\u00ebm duhet t\u00eb lidhni telefonin inteligjent . Smartphone karikohet dhe power bank-i \u00ebsht\u00eb fshehur n\u00eb m\u00ebnyr\u00eb t\u00eb sigurt. Kablloja e kufjeve mund t\u00eb futet leht\u00ebsisht dhe t\u00eb lidhet me nj\u00eb smartphone ose pajisje tjet\u00ebr.<\/p>\n<p>Mbrapa e rehatshme e mbushur dhe rripat e rregulluesh\u00ebm japin nj\u00eb ndjenj\u00eb rehatie si kur l\u00ebvizni n\u00ebp\u00ebr qytet ashtu edhe n\u00eb udh\u00ebtime m\u00eb t\u00eb gjata.<\/p>\n","protected":false},"excerpt":{"rendered":"<p>55010100<\/p>\n","protected":false},"featured_media":6819,"comment_status":"open","ping_status":"closed","template":"","meta":[],"product_brand":[],"product_cat":[118,25,141],"product_tag":[],"class_list":{"0":"post-6812","1":"product","2":"type-product","3":"status-publish","4":"has-post-thumbnail","6":"product_cat-aksesore","7":"product_cat-cante","8":"product_cat-pclaptop","10":"first","11":"instock","12":"shipping-taxable","13":"purchasable","14":"product-type-simple"},"_links":{"self":[{"href":"https:\/\/www.metron-ks.com\/index.php?rest_route=\/wp\/v2\/product\/6812","targetHints":{"allow":["GET"]}}],"collection":[{"href":"https:\/\/www.metron-ks.com\/index.php?rest_route=\/wp\/v2\/product"}],"about":[{"href":"https:\/\/www.metron-ks.com\/index.php?rest_route=\/wp\/v2\/types\/product"}],"replies":[{"embeddable":true,"href":"https:\/\/www.metron-ks.com\/index.php?rest_route=%2Fwp%2Fv2%2Fcomments&post=6812"}],"wp:featuredmedia":[{"embeddable":true,"href":"https:\/\/www.metron-ks.com\/index.php?rest_route=\/wp\/v2\/media\/6819"}],"wp:attachment":[{"href":"https:\/\/www.metron-ks.com\/index.php?rest_route=%2Fwp%2Fv2%2Fmedia&parent=6812"}],"wp:term":[{"taxonomy":"product_brand","embeddable":true,"href":"https:\/\/www.metron-ks.com\/index.php?rest_route=%2Fwp%2Fv2%2Fproduct_brand&post=6812"},{"taxonomy":"product_cat","embeddable":true,"href":"https:\/\/www.metron-ks.com\/index.php?rest_route=%2Fwp%2Fv2%2Fproduct_cat&post=6812"},{"taxonomy":"product_tag","embeddable":true,"href":"https:\/\/www.metron-ks.com\/index.php?rest_route=%2Fwp%2Fv2%2Fproduct_tag&post=6812"}],"curies":[{"name":"wp","href":"https:\/\/api.w.org\/{rel}","templated":true}]}}