{"id":6842,"date":"2024-11-20T08:51:14","date_gmt":"2024-11-20T08:51:14","guid":{"rendered":"https:\/\/www.metron-ks.com\/?post_type=product&#038;p=6842"},"modified":"2024-12-18T12:37:34","modified_gmt":"2024-12-18T12:37:34","slug":"xham-mbrojtes-swissten-friendly-per-apple-iphone-16-pro","status":"publish","type":"product","link":"https:\/\/www.metron-ks.com\/?product=xham-mbrojtes-swissten-friendly-per-apple-iphone-16-pro","title":{"rendered":"Xham mbrojt\u00ebs Swissten Friendly p\u00ebr Apple Iphone 16 Pro"},"content":{"rendered":"<p>Xhami mbrojt\u00ebs Swissten Friendly \u00ebsht\u00eb projektuar n\u00eb m\u00ebnyr\u00eb q\u00eb t\u00eb mund t\u00eb p\u00ebrdoret n\u00eb kombinim me \u00e7do mb\u00ebshjell\u00ebs\u00a0dhe n\u00eb t\u00eb nj\u00ebjt\u00ebn koh\u00eb mbron maksimalisht telefonin inteligjent deri n\u00eb skajet e ekranit. Xhami ka nj\u00eb shtres\u00eb oleofobike q\u00eb parandalon ngjitjen e gjurm\u00ebve t\u00eb gisht\u00ebrinjve dhe nj\u00eb fort\u00ebsi prej 9h.<\/p>\n","protected":false},"excerpt":{"rendered":"<p>54501867<\/p>\n","protected":false},"featured_media":6841,"comment_status":"open","ping_status":"closed","template":"","meta":[],"product_brand":[],"product_cat":[118,113,102],"product_tag":[],"class_list":{"0":"post-6842","1":"product","2":"type-product","3":"status-publish","4":"has-post-thumbnail","6":"product_cat-aksesore","7":"product_cat-celulartabletnavigim","8":"product_cat-xhammbrojtes","10":"first","11":"instock","12":"shipping-taxable","13":"purchasable","14":"product-type-simple"},"_links":{"self":[{"href":"https:\/\/www.metron-ks.com\/index.php?rest_route=\/wp\/v2\/product\/6842","targetHints":{"allow":["GET"]}}],"collection":[{"href":"https:\/\/www.metron-ks.com\/index.php?rest_route=\/wp\/v2\/product"}],"about":[{"href":"https:\/\/www.metron-ks.com\/index.php?rest_route=\/wp\/v2\/types\/product"}],"replies":[{"embeddable":true,"href":"https:\/\/www.metron-ks.com\/index.php?rest_route=%2Fwp%2Fv2%2Fcomments&post=6842"}],"wp:featuredmedia":[{"embeddable":true,"href":"https:\/\/www.metron-ks.com\/index.php?rest_route=\/wp\/v2\/media\/6841"}],"wp:attachment":[{"href":"https:\/\/www.metron-ks.com\/index.php?rest_route=%2Fwp%2Fv2%2Fmedia&parent=6842"}],"wp:term":[{"taxonomy":"product_brand","embeddable":true,"href":"https:\/\/www.metron-ks.com\/index.php?rest_route=%2Fwp%2Fv2%2Fproduct_brand&post=6842"},{"taxonomy":"product_cat","embeddable":true,"href":"https:\/\/www.metron-ks.com\/index.php?rest_route=%2Fwp%2Fv2%2Fproduct_cat&post=6842"},{"taxonomy":"product_tag","embeddable":true,"href":"https:\/\/www.metron-ks.com\/index.php?rest_route=%2Fwp%2Fv2%2Fproduct_tag&post=6842"}],"curies":[{"name":"wp","href":"https:\/\/api.w.org\/{rel}","templated":true}]}}