{"id":690,"date":"2023-03-06T22:22:34","date_gmt":"2023-03-06T22:22:34","guid":{"rendered":"https:\/\/www.metron-ks.com\/product\/kufje-hama-fun4phone-me-mikrofon-te-bardha-184017\/"},"modified":"2025-01-15T11:20:42","modified_gmt":"2025-01-15T11:20:42","slug":"kufje-hama-fun4phone-me-mikrofon-te-bardha-184017","status":"publish","type":"product","link":"https:\/\/www.metron-ks.com\/?product=kufje-hama-fun4phone-me-mikrofon-te-bardha-184017","title":{"rendered":"Kufje Hama &#8220;Fun4Phone&#8221;, me mikrofon, t\u00eb bardha, 184017"},"content":{"rendered":"<p>Fal\u00eb mikrofonit t\u00eb integruar, ju leht\u00eb mund t\u00eb kaloni midis luajtjes s\u00eb muzik\u00ebs dhe p\u00ebrgjigjes s\u00eb thirrjeve. Ju kurr\u00eb nuk do t\u00eb humbisni nj\u00eb telefonat\u00eb nd\u00ebrsa d\u00ebgjoni muzik\u00eb<br \/>\nMe ndihm\u00ebn e telekomand\u00ebs s\u00eb integruar ju mund t\u00eb pranoni dhe p\u00ebrfundoni thirrjet, aktivizoni p\u00ebrzgjedhjen e gjuh\u00ebs dhe kontrolloni muzik\u00ebn tuaj individualisht<br \/>\nDrejtimi i nj\u00ebansh\u00ebm i kabllove p\u00ebr k\u00ebnaq\u00ebsin\u00eb e muzik\u00ebs me m\u00eb shum\u00eb liri l\u00ebvizjeje<br \/>\nVesh\u00ebt q\u00eb mund t\u00eb anohen nga t\u00eb dy an\u00ebt p\u00ebrshtaten n\u00eb m\u00ebnyr\u00eb ideale me form\u00ebn e kok\u00ebs suaj<br \/>\nShirit i mbushur me kok\u00eb p\u00ebr k\u00ebnaq\u00ebsi t\u00eb rehatshme t\u00eb muzik\u00ebs edhe p\u00ebr periudha t\u00eb gjata kohore<br \/>\nKufjet kan\u00eb nj\u00eb shirit koke t\u00eb rregulluesh\u00ebm individualisht q\u00eb p\u00ebrshtatet me form\u00ebn e kok\u00ebs tuaj<br \/>\nMbulesat e buta t\u00eb veshit ofrojn\u00eb m\u00eb shum\u00eb rehati<br \/>\nKonektori i\u00a0veshur me ari\u00a0ofron transmetim t\u00eb besuesh\u00ebm t\u00eb sinjalit p\u00ebr cil\u00ebsi m\u00eb t\u00eb mir\u00eb audio<\/p>\n<p>Lidh\u00ebs:\u00a03.5 mm<br \/>\nShtrirja e frekuences (Kufje) 20 Hz &#8211; 20 kHz<br \/>\nShtrirja e frekuences (Mikrofon) 50 Hz &#8211; 10 kHz<br \/>\nKufje me rezistenc\u00eb 32 \u03a9<br \/>\nMikrofon me rezistenc\u00eb\u00a02200 \u03a9<br \/>\nKufje me ndjeshm\u00ebri 100 dB \/ mW<br \/>\nNdjeshm\u00ebria e mikrofonit -38 dB +\/- 3 dB<br \/>\nGjat\u00ebsia e kabllit: 1.2 m<br \/>\nDiametri i altoparlantit: 40 mm<\/p>\n","protected":false},"excerpt":{"rendered":"<p>Kufje Hama &#8220;Fun4Phone&#8221;, me mikrofon, t\u00eb bardha<\/p>\n","protected":false},"featured_media":2833,"comment_status":"closed","ping_status":"closed","template":"","meta":[],"product_brand":[],"product_cat":[118,44],"product_tag":[],"class_list":{"0":"post-690","1":"product","2":"type-product","3":"status-publish","4":"has-post-thumbnail","6":"product_cat-aksesore","7":"product_cat-kufje","9":"first","10":"instock","11":"shipping-taxable","12":"purchasable","13":"product-type-simple"},"_links":{"self":[{"href":"https:\/\/www.metron-ks.com\/index.php?rest_route=\/wp\/v2\/product\/690","targetHints":{"allow":["GET"]}}],"collection":[{"href":"https:\/\/www.metron-ks.com\/index.php?rest_route=\/wp\/v2\/product"}],"about":[{"href":"https:\/\/www.metron-ks.com\/index.php?rest_route=\/wp\/v2\/types\/product"}],"replies":[{"embeddable":true,"href":"https:\/\/www.metron-ks.com\/index.php?rest_route=%2Fwp%2Fv2%2Fcomments&post=690"}],"wp:featuredmedia":[{"embeddable":true,"href":"https:\/\/www.metron-ks.com\/index.php?rest_route=\/wp\/v2\/media\/2833"}],"wp:attachment":[{"href":"https:\/\/www.metron-ks.com\/index.php?rest_route=%2Fwp%2Fv2%2Fmedia&parent=690"}],"wp:term":[{"taxonomy":"product_brand","embeddable":true,"href":"https:\/\/www.metron-ks.com\/index.php?rest_route=%2Fwp%2Fv2%2Fproduct_brand&post=690"},{"taxonomy":"product_cat","embeddable":true,"href":"https:\/\/www.metron-ks.com\/index.php?rest_route=%2Fwp%2Fv2%2Fproduct_cat&post=690"},{"taxonomy":"product_tag","embeddable":true,"href":"https:\/\/www.metron-ks.com\/index.php?rest_route=%2Fwp%2Fv2%2Fproduct_tag&post=690"}],"curies":[{"name":"wp","href":"https:\/\/api.w.org\/{rel}","templated":true}]}}