{"id":6902,"date":"2024-11-21T08:32:44","date_gmt":"2024-11-21T08:32:44","guid":{"rendered":"https:\/\/www.metron-ks.com\/?post_type=product&#038;p=6902"},"modified":"2024-12-10T14:05:42","modified_gmt":"2024-12-10T14:05:42","slug":"tastiere-gaming-mekanike-white-shark-gk-005121-hamachi-e-zeze","status":"publish","type":"product","link":"https:\/\/www.metron-ks.com\/?product=tastiere-gaming-mekanike-white-shark-gk-005121-hamachi-e-zeze","title":{"rendered":"Tastier\u00eb Gaming White Shark Mekanike, Hamachi"},"content":{"rendered":"<p>Numri i tasteve: 84\/85<br \/>\nLloji i Tastit: Hot-Swap Mechanke e kalt\u00ebr<br \/>\nJet\u00ebgjat\u00ebsia: Mbi 50 M shtypje<br \/>\nAnti-Ghosting: Full Anti-Ghosting<br \/>\nNdri\u00e7imi: RGB<br \/>\nNgjyra: E zez\u00eb<br \/>\nMateriali: plastike ABS<br \/>\nInterface: Lloji C &#8211; USB 2.0 (i shk\u00ebputsh\u00ebm)<br \/>\nK\u00ebmb\u00eb shtes\u00eb n\u00eb ngritje: Po<br \/>\nGjat\u00ebsia e kabllit (m): 1.8<br \/>\nKabllo me g\u00ebrsheta: Po<br \/>\nParaqitjet e disponueshme: SHBA<br \/>\nDimensionet (mm): 311x121x41<br \/>\nPesha (g): 690<\/p>\n","protected":false},"excerpt":{"rendered":"<p>GK-005121<\/p>\n","protected":false},"featured_media":6911,"comment_status":"open","ping_status":"closed","template":"","meta":[],"product_brand":[],"product_cat":[118,116,117],"product_tag":[],"class_list":{"0":"post-6902","1":"product","2":"type-product","3":"status-publish","4":"has-post-thumbnail","6":"product_cat-aksesore","7":"product_cat-gaming","8":"product_cat-tastiere-gaming","10":"first","11":"instock","12":"shipping-taxable","13":"purchasable","14":"product-type-simple"},"_links":{"self":[{"href":"https:\/\/www.metron-ks.com\/index.php?rest_route=\/wp\/v2\/product\/6902","targetHints":{"allow":["GET"]}}],"collection":[{"href":"https:\/\/www.metron-ks.com\/index.php?rest_route=\/wp\/v2\/product"}],"about":[{"href":"https:\/\/www.metron-ks.com\/index.php?rest_route=\/wp\/v2\/types\/product"}],"replies":[{"embeddable":true,"href":"https:\/\/www.metron-ks.com\/index.php?rest_route=%2Fwp%2Fv2%2Fcomments&post=6902"}],"wp:featuredmedia":[{"embeddable":true,"href":"https:\/\/www.metron-ks.com\/index.php?rest_route=\/wp\/v2\/media\/6911"}],"wp:attachment":[{"href":"https:\/\/www.metron-ks.com\/index.php?rest_route=%2Fwp%2Fv2%2Fmedia&parent=6902"}],"wp:term":[{"taxonomy":"product_brand","embeddable":true,"href":"https:\/\/www.metron-ks.com\/index.php?rest_route=%2Fwp%2Fv2%2Fproduct_brand&post=6902"},{"taxonomy":"product_cat","embeddable":true,"href":"https:\/\/www.metron-ks.com\/index.php?rest_route=%2Fwp%2Fv2%2Fproduct_cat&post=6902"},{"taxonomy":"product_tag","embeddable":true,"href":"https:\/\/www.metron-ks.com\/index.php?rest_route=%2Fwp%2Fv2%2Fproduct_tag&post=6902"}],"curies":[{"name":"wp","href":"https:\/\/api.w.org\/{rel}","templated":true}]}}