{"id":6969,"date":"2024-11-26T07:52:51","date_gmt":"2024-11-26T07:52:51","guid":{"rendered":"https:\/\/www.metron-ks.com\/?post_type=product&#038;p=6969"},"modified":"2024-12-18T12:19:30","modified_gmt":"2024-12-18T12:19:30","slug":"gjurmues-hama-apple-find-my-appe-bardhe","status":"publish","type":"product","link":"https:\/\/www.metron-ks.com\/?product=gjurmues-hama-apple-find-my-appe-bardhe","title":{"rendered":"Gjurmues Hama, Apple Find My app,e Bardh\u00eb"},"content":{"rendered":"<p>Gjurmuesi\u00a0ndihmon p\u00ebr t\u00eb mbajtur gjurm\u00ebt e pajisjeve dhe artikujve dhe, n\u00eb kombinim me aplikacionin &#8220;Find My&#8221;, p\u00ebr t&#8217;i gjetur ato p\u00ebrs\u00ebri n\u00eb \u00e7do koh\u00eb<br \/>\nGjurmuesi mund t\u00eb vendoset n\u00eb \u00e7ant\u00ebn e shpin\u00ebs, n\u00eb \u00e7el\u00ebs dhe n\u00eb t\u00eb gjitha gj\u00ebrat e r\u00ebnd\u00ebsishme, madje edhe te qeni, t\u00eb cilit i p\u00eblqen t\u00eb shkoj\u00eb n\u00eb rrug\u00ebn e tij.<br \/>\nBateri e zevendesueshme,<\/p>\n<p>Vendosni gjurmuesin ne modalitetin\u00a0\u00a0&#8220;Notify about abandonment&#8221;\u00a0dhe n\u00ebse largoheni m\u00eb shum\u00eb se 300 metra nga objekti n\u00eb t\u00eb cilin \u00ebsht\u00eb bashkangjitur gjurmuesi, do t\u00eb merrni nj\u00eb njoftim n\u00eb iPhone dhe mund t\u00eb sprintoni shpejt prapa,ose shembull \u00e7el\u00ebsi ka r\u00ebn\u00eb n\u00eb shkurre dhe nuk e sheh mir\u00eb? N\u00ebse aktivizoni &#8220;Play Sound&#8221; n\u00eb iPhone tuaj, gjurmuesi do t\u00eb bie p\u00ebr rreth 10 sekonda dhe ju do t\u00eb jeni n\u00eb gjendje t\u00eb gjeni m\u00eb leht\u00eb \u00e7el\u00ebsin, portofolin etj.\u00a0Kjo funksionon n\u00ebse artikulli duke p\u00ebrfshir\u00eb gjurmuesin \u00ebsht\u00eb brenda rrezes Bluetooth t\u00eb telefonit tuaj celular. Nuk jeni m\u00eb brenda intervalit Bluetooth? M\u00eb pas aktivizoni Apple Community n\u00eb Find My network. Kjo lejon q\u00eb artikulli i humbur t\u00eb gjendet nga nj\u00eb pajisje tjet\u00ebr Apple.<\/p>\n<p>Ngjyra: Bardhe<br \/>\nLidhja: Bluetooth<br \/>\nMateriali: Polikarbonat (PC)\/Silikon<br \/>\nGjer\u00ebsia: 3.6 cm<br \/>\nPesha: 13 g<br \/>\nLart\u00ebsia: 4.6 cm<br \/>\nThell\u00ebsia: 0,9 cm<br \/>\nFurnizimi me energji :\u00a01x CR2032<\/p>\n","protected":false},"excerpt":{"rendered":"<p>185815<\/p>\n","protected":false},"featured_media":6970,"comment_status":"open","ping_status":"closed","template":"","meta":[],"product_brand":[],"product_cat":[118,195,114],"product_tag":[],"class_list":{"0":"post-6969","1":"product","2":"type-product","3":"status-publish","4":"has-post-thumbnail","6":"product_cat-aksesore","7":"product_cat-gjurmues","8":"product_cat-smart","10":"first","11":"instock","12":"shipping-taxable","13":"purchasable","14":"product-type-simple"},"_links":{"self":[{"href":"https:\/\/www.metron-ks.com\/index.php?rest_route=\/wp\/v2\/product\/6969","targetHints":{"allow":["GET"]}}],"collection":[{"href":"https:\/\/www.metron-ks.com\/index.php?rest_route=\/wp\/v2\/product"}],"about":[{"href":"https:\/\/www.metron-ks.com\/index.php?rest_route=\/wp\/v2\/types\/product"}],"replies":[{"embeddable":true,"href":"https:\/\/www.metron-ks.com\/index.php?rest_route=%2Fwp%2Fv2%2Fcomments&post=6969"}],"wp:featuredmedia":[{"embeddable":true,"href":"https:\/\/www.metron-ks.com\/index.php?rest_route=\/wp\/v2\/media\/6970"}],"wp:attachment":[{"href":"https:\/\/www.metron-ks.com\/index.php?rest_route=%2Fwp%2Fv2%2Fmedia&parent=6969"}],"wp:term":[{"taxonomy":"product_brand","embeddable":true,"href":"https:\/\/www.metron-ks.com\/index.php?rest_route=%2Fwp%2Fv2%2Fproduct_brand&post=6969"},{"taxonomy":"product_cat","embeddable":true,"href":"https:\/\/www.metron-ks.com\/index.php?rest_route=%2Fwp%2Fv2%2Fproduct_cat&post=6969"},{"taxonomy":"product_tag","embeddable":true,"href":"https:\/\/www.metron-ks.com\/index.php?rest_route=%2Fwp%2Fv2%2Fproduct_tag&post=6969"}],"curies":[{"name":"wp","href":"https:\/\/api.w.org\/{rel}","templated":true}]}}