{"id":697,"date":"2023-03-06T22:22:37","date_gmt":"2023-03-06T22:22:37","guid":{"rendered":"https:\/\/www.metron-ks.com\/product\/kufje-hama-spirit-calypso-bluetooth-te-palosshme-te-bardha\/"},"modified":"2025-01-15T11:16:29","modified_gmt":"2025-01-15T11:16:29","slug":"kufje-hama-spirit-calypso-bluetooth-te-palosshme-te-bardha","status":"publish","type":"product","link":"https:\/\/www.metron-ks.com\/?product=kufje-hama-spirit-calypso-bluetooth-te-palosshme-te-bardha","title":{"rendered":"Kufje Hama &#8220;Spirit Calypso&#8221; Bluetooth\u00ae, t\u00eb palosshme, t\u00eb bardha"},"content":{"rendered":"<p>N\u00ebse d\u00ebshironi q\u00eb shpirti i Calypso t\u00eb v\u00ebr\u00eb n\u00eb dridhje t\u00eb gjith\u00eb trupin tuaj, at\u00ebher\u00eb \u00ebsht\u00eb koha p\u00ebr kufjet Bluetooth &#8220;Spirit Calypso&#8221; me t\u00eb nj\u00ebjtin em\u00ebr. Rritja e basit dhe kupat e veshit t\u00eb rehatsh\u00ebm,\u00a0 shkaktojn\u00eb entuziaz\u00ebm muzikor.<\/p>\n<p>Kupat e veshit t\u00eb palossh\u00ebm.<br \/>\nMe kupat e veshit t\u00eb palossh\u00ebm, kufjet mund t\u00eb vendosen p\u00ebr t\u00eb kursyer hap\u00ebsir\u00eb.<\/p>\n<p><strong>P\u00ebrforcim shtes\u00eb i basit.<\/strong><br \/>\nP\u00ebrforcim shtes\u00eb i basit, i ndezsh\u00ebm dhe i fikur me nj\u00eb buton t\u00eb vog\u00ebl n\u00eb kupat e veshit.<\/p>\n<p><strong>Mikrofon i integruar.<\/strong><br \/>\nFal\u00eb mikrofonit t\u00eb integruar, mund t\u00eb kaloni leht\u00ebsisht nd\u00ebrmjet luajtjes s\u00eb muzik\u00ebs dhe p\u00ebrgjigjes s\u00eb thirrjeve. Nuk do t\u00eb humbisni kurr\u00eb nj\u00eb telefonat\u00eb nd\u00ebrsa d\u00ebgjoni muzik\u00eb.<\/p>\n<p><strong>Mbush\u00ebse vesh\u00ebsh shum\u00eb t\u00eb buta.<\/strong><br \/>\nJast\u00ebk\u00ebt e k\u00ebndsh\u00ebm t\u00eb but\u00eb t\u00eb veshit sigurojn\u00eb komoditetin m\u00eb t\u00eb mir\u00eb.<\/p>\n<p><strong>Qasje e drejtp\u00ebrdrejt\u00eb n\u00eb Siri dhe Google Assistant.<\/strong><br \/>\nMb\u00ebshtet asistent\u00ebt ekzistues t\u00eb z\u00ebrit Siri dhe Google Assistant.<\/p>\n<p><strong>Teknologji multipoint.<\/strong><br \/>\nLejon lidhjen e kufjeve me shum\u00eb pajisje Bluetooth n\u00eb t\u00eb nj\u00ebjt\u00ebn koh\u00eb.<\/p>\n<p><strong>Bllokimi i zhurm\u00ebs.<\/strong><br \/>\nDizajn i mbyllur, rrethor p\u00ebr mbrojtje nga zhurma e jashtme.<\/p>\n<p><strong>Anulimi pasiv i zhurm\u00ebs.<\/strong><br \/>\nP\u00ebrshtatja e shk\u00eblqyer redukton zhurm\u00ebn e pad\u00ebshiruar nga jasht\u00eb, k\u00ebshtu q\u00eb ju mund t\u00eb shijoni muzik\u00ebn tuaj pa u shqet\u00ebsuar.<\/p>\n<p><strong>Shirit i mbushur.<\/strong><br \/>\nShirit i mbushur p\u00ebr kok\u00eb p\u00ebr k\u00ebnaq\u00ebsi t\u00eb rehatshme muzikore edhe p\u00ebr periudha t\u00eb gjata kohore.<\/p>\n<p><strong>Shirit i rregulluesh\u00ebm i kok\u00ebs.<\/strong><br \/>\nKufjet kan\u00eb nj\u00eb shirit koke t\u00eb rregullueshme individualisht q\u00eb p\u00ebrshtatet me form\u00ebn e kok\u00ebs suaj.<\/p>\n<p>Lidhja: Bluetooth.<br \/>\nBluetooth Klasa: 2 .<br \/>\nVersioni i Bluetooth: 5.0 +EDR.<br \/>\nShtrirja e\u00a0frekuenc\u00ebs: 2402-2480 MHz.<br \/>\nFrekuenca (Kufje):\u00a020Hz &#8211; 20kHz.<br \/>\nFrekuenca (Mikrofon): 100Hz &#8211; 10kHz.<br \/>\nImpedanca (Kufje):\u00a032\u03a9.<br \/>\nMikrofon\u00a0me rezistenc\u00eb: 2.2 k\u03a9.<br \/>\nTeknologji: MultiPoint.<br \/>\nDistanca e transmetimit: 10 m.<br \/>\nWBCV \u2265 75mV.<br \/>\nStereo.<br \/>\nDizajn: Mbi vesh.<br \/>\nFunksion i ve\u00e7ant\u00eb Duplex, i palossh\u00ebm.<br \/>\nkufje me ndjeshm\u00ebri 100dB<br \/>\nNdjeshmeria (Kufje):\u00a0-42dB.<br \/>\nKoha maksimale e bised\u00ebs: 36 or\u00eb.<br \/>\nKoha maksimale e muzik\u00ebs: 38 or\u00eb.<br \/>\nMaksimumi i gatishm\u00ebris\u00eb: 4320 or\u00eb.<br \/>\nMikrofoni i integruar.<br \/>\nMMikrofon\u00a0i gjithansh\u00ebm.<br \/>\nKontrolli i z\u00ebrit: Apple Siri\/Asistenti i Google.<br \/>\nProfilet e mb\u00ebshtetura Bluetooth: A2DP V1.3\/AVRCP V1.5\/HFP V1.6\/HSP.<br \/>\nFunksione shtes\u00eb: P\u00ebrmir\u00ebsimi shtes\u00eb i basit, kontrolli i zerit, QuickPair, butoni i p\u00ebrgjigj\u00ebjes.<br \/>\nPesha: 180g.<br \/>\nKoha mesatare e karikimit n\u00eb or\u00eb: 2.5 or\u00eb.<br \/>\nLloji i karikimit: Micro USB.<\/p>\n","protected":false},"excerpt":{"rendered":"<p>Kufje Hama &#8220;Spirit Calypso&#8221; Bluetooth\u00ae, t\u00eb palosshme, t\u00eb bardha 184101<\/p>\n","protected":false},"featured_media":2798,"comment_status":"closed","ping_status":"closed","template":"","meta":[],"product_brand":[],"product_cat":[118,44,167],"product_tag":[],"class_list":{"0":"post-697","1":"product","2":"type-product","3":"status-publish","4":"has-post-thumbnail","6":"product_cat-aksesore","7":"product_cat-kufje","8":"product_cat-kufje-bluetooth","10":"first","11":"instock","12":"shipping-taxable","13":"purchasable","14":"product-type-simple"},"_links":{"self":[{"href":"https:\/\/www.metron-ks.com\/index.php?rest_route=\/wp\/v2\/product\/697","targetHints":{"allow":["GET"]}}],"collection":[{"href":"https:\/\/www.metron-ks.com\/index.php?rest_route=\/wp\/v2\/product"}],"about":[{"href":"https:\/\/www.metron-ks.com\/index.php?rest_route=\/wp\/v2\/types\/product"}],"replies":[{"embeddable":true,"href":"https:\/\/www.metron-ks.com\/index.php?rest_route=%2Fwp%2Fv2%2Fcomments&post=697"}],"wp:featuredmedia":[{"embeddable":true,"href":"https:\/\/www.metron-ks.com\/index.php?rest_route=\/wp\/v2\/media\/2798"}],"wp:attachment":[{"href":"https:\/\/www.metron-ks.com\/index.php?rest_route=%2Fwp%2Fv2%2Fmedia&parent=697"}],"wp:term":[{"taxonomy":"product_brand","embeddable":true,"href":"https:\/\/www.metron-ks.com\/index.php?rest_route=%2Fwp%2Fv2%2Fproduct_brand&post=697"},{"taxonomy":"product_cat","embeddable":true,"href":"https:\/\/www.metron-ks.com\/index.php?rest_route=%2Fwp%2Fv2%2Fproduct_cat&post=697"},{"taxonomy":"product_tag","embeddable":true,"href":"https:\/\/www.metron-ks.com\/index.php?rest_route=%2Fwp%2Fv2%2Fproduct_tag&post=697"}],"curies":[{"name":"wp","href":"https:\/\/api.w.org\/{rel}","templated":true}]}}