{"id":6977,"date":"2024-11-26T07:57:56","date_gmt":"2024-11-26T07:57:56","guid":{"rendered":"https:\/\/www.metron-ks.com\/?post_type=product&#038;p=6977"},"modified":"2025-05-29T11:06:39","modified_gmt":"2025-05-29T11:06:39","slug":"ore-muri-hama-santorini-termometer-higrometer-i-heshtur-30cm","status":"publish","type":"product","link":"https:\/\/www.metron-ks.com\/?product=ore-muri-hama-santorini-termometer-higrometer-i-heshtur-30cm","title":{"rendered":"Or\u00eb muri Hama Santorini, Termometer, Higrometer, i heshtur, 30cm"},"content":{"rendered":"<p>L\u00ebvizje me zhurm\u00eb t\u00eb ul\u00ebt<br \/>\nShfaqja e temperatur\u00ebs s\u00eb brendshme<br \/>\nShfaqja e lag\u00ebshtis\u00eb s\u00eb brendshme<\/p>\n<p>Numri i baterive: 1<br \/>\nBateria: AA<\/p>\n<p><strong>Dimensionet &amp; Pesha<\/strong><br \/>\nDiametri: 30 cm<br \/>\nPesha: 621 g<br \/>\nThell\u00ebsia: 4 cm<\/p>\n","protected":false},"excerpt":{"rendered":"<p>185885<\/p>\n","protected":false},"featured_media":6978,"comment_status":"open","ping_status":"closed","template":"","meta":[],"product_brand":[],"product_cat":[118,209,136],"product_tag":[],"class_list":{"0":"post-6977","1":"product","2":"type-product","3":"status-publish","4":"has-post-thumbnail","6":"product_cat-aksesore","7":"product_cat-ore","8":"product_cat-pajisje-shtepiake","10":"first","11":"instock","12":"shipping-taxable","13":"purchasable","14":"product-type-simple"},"_links":{"self":[{"href":"https:\/\/www.metron-ks.com\/index.php?rest_route=\/wp\/v2\/product\/6977","targetHints":{"allow":["GET"]}}],"collection":[{"href":"https:\/\/www.metron-ks.com\/index.php?rest_route=\/wp\/v2\/product"}],"about":[{"href":"https:\/\/www.metron-ks.com\/index.php?rest_route=\/wp\/v2\/types\/product"}],"replies":[{"embeddable":true,"href":"https:\/\/www.metron-ks.com\/index.php?rest_route=%2Fwp%2Fv2%2Fcomments&post=6977"}],"wp:featuredmedia":[{"embeddable":true,"href":"https:\/\/www.metron-ks.com\/index.php?rest_route=\/wp\/v2\/media\/6978"}],"wp:attachment":[{"href":"https:\/\/www.metron-ks.com\/index.php?rest_route=%2Fwp%2Fv2%2Fmedia&parent=6977"}],"wp:term":[{"taxonomy":"product_brand","embeddable":true,"href":"https:\/\/www.metron-ks.com\/index.php?rest_route=%2Fwp%2Fv2%2Fproduct_brand&post=6977"},{"taxonomy":"product_cat","embeddable":true,"href":"https:\/\/www.metron-ks.com\/index.php?rest_route=%2Fwp%2Fv2%2Fproduct_cat&post=6977"},{"taxonomy":"product_tag","embeddable":true,"href":"https:\/\/www.metron-ks.com\/index.php?rest_route=%2Fwp%2Fv2%2Fproduct_tag&post=6977"}],"curies":[{"name":"wp","href":"https:\/\/api.w.org\/{rel}","templated":true}]}}