{"id":706,"date":"2023-03-06T22:22:40","date_gmt":"2023-03-06T22:22:40","guid":{"rendered":"https:\/\/www.metron-ks.com\/product\/kufje-hama-spirit-chop-in-ear-bluetooth-te-zeza\/"},"modified":"2025-01-15T11:13:58","modified_gmt":"2025-01-15T11:13:58","slug":"kufje-hama-spirit-chop-in-ear-bluetooth-te-zeza","status":"publish","type":"product","link":"https:\/\/www.metron-ks.com\/?product=kufje-hama-spirit-chop-in-ear-bluetooth-te-zeza","title":{"rendered":"Kufje Hama Spirit Chop, in-ear, Bluetooth, t\u00eb zeza"},"content":{"rendered":"<p>Fal\u00eb mbrojtjes nga sp\u00ebrkatjet, kufjet\u00a0jan\u00eb gjithmon\u00eb pran\u00eb jush n\u00eb t\u00eb gjitha motet dhe p\u00ebr t\u00eb gjitha llojet e sporteve,\u00a0pavar\u00ebsisht n\u00ebse bie shi i dendur apo djersa qe rrjedh.<\/p>\n<p>Klasa Bluetooth: Klasa 2.<br \/>\nVersioni 5 i Bluetooth.<br \/>\nShtrirja\u00a0e\u00a0frekuenc\u00ebs 2402-2480 MHz.<br \/>\nKufje me rreze frekuence 20 Hz &#8211; 20 kHz.<br \/>\nMikrofoni me rreze frekuence 100 Hz &#8211; 5 kHz.<br \/>\nKufje me impedanc\u00eb 32 \u03a9.<br \/>\nMikrofon\u00a0me impedanc\u00eb 2.2 k\u03a9.<br \/>\nDistanca e transmetimit 10 m.<br \/>\nWBCV \u2265 75mV.<br \/>\nStereo.<br \/>\nDizajn in ear.<br \/>\nVoice kontroll.<br \/>\nNdjeshm\u00ebria kufje: 92 dB +\/- 3 dB.<br \/>\nNdjeshm\u00ebria e mikrofonit: -42 dB \u00b1 3 dB.<br \/>\nMaks. Koha e bised\u00ebs: 4 or\u00eb.<br \/>\nMaks. Koha e muzik\u00ebs: 4 or\u00eb.<br \/>\nMaks. Gatishm\u00ebria: 150 or\u00eb.<br \/>\nMikrofoni i integruar.<br \/>\nMikrofoni Omnidirectional.<br \/>\nKontrolli i z\u00ebrit: Apple Siri \/ Google Assistant.<br \/>\nProfilet e mb\u00ebshtetura n\u00eb Bluetooth A2DP V1.3 \/ AVRCP V1.6 \/ HFP V1.7 \/ SPP V1.2.<br \/>\nFunksione shtes\u00eb Sensori i prekjes me gishta, QuickPair, butoni i pranimit t\u00eb thirrjeve, jast\u00ebk\u00ebt e vesh\u00ebve silikoni, wireless .<br \/>\nPesha: 41g.<br \/>\nKoha mesatare e karikimit n\u00eb or\u00eb: 3 or\u00eb .<\/p>\n","protected":false},"excerpt":{"rendered":"<p>Kufje Hama Spirit Chop, in-ear, Bluetooth, t\u00eb zeza 184125<\/p>\n","protected":false},"featured_media":2778,"comment_status":"closed","ping_status":"closed","template":"","meta":[],"product_brand":[],"product_cat":[113,168],"product_tag":[],"class_list":{"0":"post-706","1":"product","2":"type-product","3":"status-publish","4":"has-post-thumbnail","6":"product_cat-celulartabletnavigim","7":"product_cat-kufje-celulartabletnavigim","9":"first","10":"instock","11":"shipping-taxable","12":"purchasable","13":"product-type-simple"},"_links":{"self":[{"href":"https:\/\/www.metron-ks.com\/index.php?rest_route=\/wp\/v2\/product\/706","targetHints":{"allow":["GET"]}}],"collection":[{"href":"https:\/\/www.metron-ks.com\/index.php?rest_route=\/wp\/v2\/product"}],"about":[{"href":"https:\/\/www.metron-ks.com\/index.php?rest_route=\/wp\/v2\/types\/product"}],"replies":[{"embeddable":true,"href":"https:\/\/www.metron-ks.com\/index.php?rest_route=%2Fwp%2Fv2%2Fcomments&post=706"}],"wp:featuredmedia":[{"embeddable":true,"href":"https:\/\/www.metron-ks.com\/index.php?rest_route=\/wp\/v2\/media\/2778"}],"wp:attachment":[{"href":"https:\/\/www.metron-ks.com\/index.php?rest_route=%2Fwp%2Fv2%2Fmedia&parent=706"}],"wp:term":[{"taxonomy":"product_brand","embeddable":true,"href":"https:\/\/www.metron-ks.com\/index.php?rest_route=%2Fwp%2Fv2%2Fproduct_brand&post=706"},{"taxonomy":"product_cat","embeddable":true,"href":"https:\/\/www.metron-ks.com\/index.php?rest_route=%2Fwp%2Fv2%2Fproduct_cat&post=706"},{"taxonomy":"product_tag","embeddable":true,"href":"https:\/\/www.metron-ks.com\/index.php?rest_route=%2Fwp%2Fv2%2Fproduct_tag&post=706"}],"curies":[{"name":"wp","href":"https:\/\/api.w.org\/{rel}","templated":true}]}}